{"id":35679,"date":"2025-09-28T14:53:22","date_gmt":"2025-09-28T13:53:22","guid":{"rendered":"https:\/\/himmerland-camping.dk\/bezienswaardigheden\/wandel-en-fietsroutes\/"},"modified":"2025-12-16T21:11:38","modified_gmt":"2025-12-16T20:11:38","slug":"wandel-en-fietsroutes","status":"publish","type":"page","link":"https:\/\/himmerland-camping.dk\/nl\/bezienswaardigheden\/wandel-en-fietsroutes\/","title":{"rendered":"Wandel- en fietsroutes"},"content":{"rendered":"<p>[et_pb_section fb_built=&#8221;1&#8243; custom_padding_last_edited=&#8221;on|tablet&#8221; _builder_version=&#8221;4.27.4&#8243; background_image=&#8221;https:\/\/himmerland-camping.dk\/wp-content\/uploads\/2025\/09\/cykel-1.jpg&#8221; height=&#8221;500px&#8221; height_tablet=&#8221;500px&#8221; height_phone=&#8221;500px&#8221; height_last_edited=&#8221;on|phone&#8221; custom_padding=&#8221;0px||350px||false|false&#8221; custom_padding_tablet=&#8221;||150px||false|false&#8221; custom_padding_phone=&#8221;||25px&#8221; bottom_divider_style=&#8221;waves2&#8243; bottom_divider_color=&#8221;#ffffff&#8221; bottom_divider_height=&#8221;150px&#8221; bottom_divider_height_tablet=&#8221;&#8221; bottom_divider_height_phone=&#8221;63px&#8221; bottom_divider_height_last_edited=&#8221;on|phone&#8221; box_shadow_style=&#8221;preset1&#8243; box_shadow_position=&#8221;inner&#8221; global_colors_info=&#8221;{%22gcid-primary-color%22:%91%22background_color_gradient_stops%22%93,%22gcid-secondary-color%22:%91%22background_color_gradient_stops%22%93,%22gcid-7360370f-bdf0-493f-b1f5-2887d5b68e17%22:%91%22background_color_gradient_stops%22%93,%22gcid-ffc7ad8e-ca9f-4ff9-9684-db89d03277e3%22:%91%22background_color_gradient_stops%22%93}&#8221;][et_pb_row _builder_version=&#8221;4.16&#8243; background_size=&#8221;initial&#8221; background_position=&#8221;top_left&#8221; background_repeat=&#8221;repeat&#8221; custom_padding=&#8221;50px|0px|65px|0px||&#8221; global_colors_info=&#8221;{}&#8221;][et_pb_column type=&#8221;4_4&#8243; _builder_version=&#8221;4.16&#8243; custom_padding=&#8221;|||&#8221; global_colors_info=&#8221;{}&#8221; custom_padding__hover=&#8221;|||&#8221;][et_pb_text _builder_version=&#8221;4.27.4&#8243; header_2_font=&#8221;|800|||||||&#8221; header_2_text_align=&#8221;center&#8221; header_2_text_color=&#8221;#ffffff&#8221; header_2_font_size=&#8221;60px&#8221; background_layout=&#8221;dark&#8221; custom_margin=&#8221;||20px|&#8221; animation_style=&#8221;slide&#8221; animation_direction=&#8221;bottom&#8221; hover_enabled=&#8221;0&#8243; header_2_font_size_tablet=&#8221;&#8221; header_2_font_size_phone=&#8221;30px&#8221; header_2_font_size_last_edited=&#8221;on|phone&#8221; header_2_text_shadow_style=&#8221;preset2&#8243; header_2_text_shadow_horizontal_length=&#8221;0em&#8221; header_2_text_shadow_vertical_length=&#8221;0.1em&#8221; header_2_text_shadow_blur_strength=&#8221;0.1em&#8221; header_2_text_shadow_color=&#8221;rgba(0,0,0,0.3)&#8221; global_colors_info=&#8221;{}&#8221; sticky_enabled=&#8221;0&#8243;]<\/p>\n<h2>Wandel- en fietsroutes<\/h2>\n<p>[\/et_pb_text][\/et_pb_column][\/et_pb_row][\/et_pb_section][et_pb_section fb_built=&#8221;1&#8243; _builder_version=&#8221;4.16&#8243; custom_padding=&#8221;100px|0px|100px|0px&#8221; global_colors_info=&#8221;{}&#8221;][et_pb_row _builder_version=&#8221;4.27.4&#8243; _module_preset=&#8221;default&#8221; global_colors_info=&#8221;{}&#8221;][et_pb_column type=&#8221;4_4&#8243; _builder_version=&#8221;4.27.4&#8243; _module_preset=&#8221;default&#8221; global_colors_info=&#8221;{}&#8221;][et_pb_text _builder_version=&#8221;4.27.4&#8243; _module_preset=&#8221;default&#8221; custom_padding=&#8221;||0px|||&#8221; global_colors_info=&#8221;{}&#8221;]<\/p>\n<h2 data-start=\"186\" data-end=\"228\">Beleef H\u00e6rvejen &#8211; natuur en geschiedenis in \u00e9\u00e9n<\/h2>\n<p>&nbsp;<\/p>\n<p data-start=\"230\" data-end=\"518\"><strong data-start=\"230\" data-end=\"342\">Vanaf Himmerland Camping heb je direct toegang tot een aantal van de meest sfeervolle wandel- en fietsroutes van Denemarken<\/strong> &#8211; met H\u00e6rvejen als natuurlijk middelpunt. Hier in het hart van Himmerland wacht je een landschap dat wordt gekenmerkt door glooiende heuvels, bossen, meren en historische sporen uit vervlogen tijden. <\/p>\n<p data-start=\"520\" data-end=\"649\">Je woont midden in de natuur met rust en stilte als constante metgezel &#8211; en met volop mogelijkheden om de omgeving te verkennen, zowel te voet als op de fiets.<\/p>\n<hr data-start=\"651\" data-end=\"654\">\n<h3 data-start=\"656\" data-end=\"673\">Wandelroutes<\/h3>\n<p data-start=\"674\" data-end=\"845\">De H\u00e6rvejen, die zich uitstrekt van Viborg tot de Deens-Duitse grens, loopt vlak langs de camping en biedt zowel kortere tochten als langere etappes met rugzak en laarzen.<\/p>\n<ul data-start=\"847\" data-end=\"1456\">\n<li data-start=\"847\" data-end=\"1078\">\n<p data-start=\"849\" data-end=\"1078\"><strong data-start=\"849\" data-end=\"877\">H\u00e6rvejen &#8211; klassieke route<\/strong><br data-start=\"877\" data-end=\"880\">Volg de oude pelgrimsroute en kom dicht bij de culturele geschiedenis terwijl je door het rustige, afwisselende landschap wandelt. De route is goed bewegwijzerd en geschikt voor zowel beginnende als ervaren wandelaars. <\/p>\n<\/li>\n<li data-start=\"1080\" data-end=\"1262\">\n<p data-start=\"1082\" data-end=\"1262\"><strong data-start=\"1082\" data-end=\"1120\">Uhreh\u00f8je Plantage en Vindbl\u00e6s Hede<\/strong><br data-start=\"1120\" data-end=\"1123\">Ervaar de ongerepte natuur, zeldzame planten en hoge luchten in een van de mooiste gebieden van Himmerland &#8211; slechts een korte wandeling vanaf de camping.<\/p>\n<\/li>\n<li data-start=\"1264\" data-end=\"1456\">\n<p data-start=\"1266\" data-end=\"1456\"><strong data-start=\"1266\" data-end=\"1291\">Ravnkilde en Madum Lake<\/strong><br data-start=\"1291\" data-end=\"1294\">Voor een dagtocht met een grote verscheidenheid aan natuur is het gebied rond Ravnkilde en het heldere Madum Lake ideaal &#8211; perfect voor een rustige wandeling met onderweg de mogelijkheid voor een duik.<\/p>\n<\/li>\n<li data-start=\"1264\" data-end=\"1456\"><a href=\"https:\/\/api.www.visithimmerland.dk\/sites\/visithimmerland.eu\/files\/2025-05\/Himmerlandskort%202025%20web.pdf\">Link naar Visithimmerland kaart!<\/a><\/li>\n<\/ul>\n<hr data-start=\"1458\" data-end=\"1461\">\n<h3 data-start=\"1463\" data-end=\"1479\">Fietsroutes<\/h3>\n<p data-start=\"1480\" data-end=\"1583\">Himmerland is een geweldige plek om te fietsen, of je nu van lange stukken houdt of van rustige, gezinsvriendelijke routes.<\/p>\n<ul data-start=\"1585\" data-end=\"2066\">\n<li data-start=\"1585\" data-end=\"1745\">\n<p data-start=\"1587\" data-end=\"1745\"><strong data-start=\"1587\" data-end=\"1626\">H\u00e6rvejsruten (Nationale Fietsroute 3)<\/strong><br data-start=\"1626\" data-end=\"1629\">Volg de fietsversie van H\u00e6rvejen door het prachtige landschap van Midden-Jutland met prachtige vergezichten en rustige landweggetjes.<\/p>\n<\/li>\n<li data-start=\"1747\" data-end=\"1913\">\n<p data-start=\"1749\" data-end=\"1913\"><strong data-start=\"1749\" data-end=\"1769\">Himmerlandsstien<\/strong><br data-start=\"1769\" data-end=\"1772\">De oude spoorlijn van Viborg naar L\u00f8gst\u00f8r is tegenwoordig een 69 km lang, autovrij fietspad &#8211; ideaal voor zowel korte tochten als uitstapjes van een hele dag.<\/p>\n<\/li>\n<li data-start=\"1915\" data-end=\"2066\">\n<p data-start=\"1917\" data-end=\"2066\"><strong data-start=\"1917\" data-end=\"1945\">Limfjordland naar het noorden<\/strong><br data-start=\"1945\" data-end=\"1948\">Maak een dagtocht naar L\u00f8gst\u00f8r of Aggersund en ervaar de overgang van het binnenland van Himmerland naar de open vlakten van de Limfjord.<\/p>\n<\/li>\n<li data-start=\"1915\" data-end=\"2066\"><a href=\"https:\/\/api.www.visithimmerland.dk\/sites\/visithimmerland.eu\/files\/2025-05\/Himmerlandskort%202025%20web.pdf\">Link naar Visithimmerland kaart<\/a><\/li>\n<\/ul>\n<hr data-start=\"2068\" data-end=\"2071\">\n<h3 data-start=\"2073\" data-end=\"2112\">Diensten voor wandelaars en fietsers<\/h3>\n<p data-start=\"2113\" data-end=\"2198\">Himmerland Camping is een natuurlijke tussenstop en uitvalsbasis voor actieve gasten. Wij bieden: <\/p>\n<ul data-start=\"2200\" data-end=\"2364\">\n<li data-start=\"2200\" data-end=\"2249\">\n<p data-start=\"2202\" data-end=\"2249\">Kaarten en inspiratie voor wandel- en fietsroutes<\/p>\n<\/li>\n<li data-start=\"2200\" data-end=\"2249\">\n<p data-start=\"2202\" data-end=\"2249\"><span style=\"font-size: 14px;\">Droogvoorzieningen en wasmogelijkheden<\/span><\/p>\n<\/li>\n<\/ul>\n<hr data-start=\"2366\" data-end=\"2369\">\n<p data-start=\"2371\" data-end=\"2574\">Of je nu droomt van een rustige avondwandeling in het bos of een meerdaagse tocht over de H\u00e6rvejen, Himmerland Camping biedt je een perfecte uitvalsbasis om natuur, cultuur en intimiteit te ervaren in het landschap van Midden-Jutland.<\/p>\n<p>[\/et_pb_text][et_pb_image src=&#8221;https:\/\/himmerland-camping.dk\/wp-content\/uploads\/2025\/09\/vandre.jpg&#8221; title_text=&#8221;wandeling&#8221; show_in_lightbox=&#8221;on&#8221; align=&#8221;center&#8221; _builder_version=&#8221;4.27.4&#8243; _module_preset=&#8221;default&#8221; global_colors_info=&#8221;{}&#8221;][\/et_pb_image][\/et_pb_column][\/et_pb_row][\/et_pb_section][et_pb_section fb_built=&#8221;1&#8243; _builder_version=&#8221;4.27.4&#8243; background_enable_color=&#8221;off&#8221; custom_padding=&#8221;0px|0px|0px|0px&#8221; top_divider_height=&#8221;0px&#8221; top_divider_flip=&#8221;vertical&#8221; bottom_divider_style=&#8221;wave2&#8243; bottom_divider_color=&#8221;gcid-7360370f-bdf0-493f-b1f5-2887d5b68e17&#8243; bottom_divider_height_tablet=&#8221;&#8221; bottom_divider_height_phone=&#8221;44px&#8221; bottom_divider_height_last_edited=&#8221;on|phone&#8221; global_colors_info=&#8221;{%22gcid-7360370f-bdf0-493f-b1f5-2887d5b68e17%22:%91%22bottom_divider_color%22%93}&#8221;][\/et_pb_section]<\/p>\n","protected":false},"excerpt":{"rendered":"<p>Wandel- en fietsroutesBeleef H\u00e6rvejen &#8211; natuur en geschiedenis in \u00e9\u00e9n &nbsp; Vanaf Himmerland Camping heb je direct toegang tot een aantal van de meest sfeervolle wandel- en fietsroutes van Denemarken [&hellip;]<\/p>\n","protected":false},"author":1,"featured_media":0,"parent":35592,"menu_order":0,"comment_status":"closed","ping_status":"closed","template":"","meta":{"_et_pb_use_builder":"on","_et_pb_old_content":"","_et_gb_content_width":"","footnotes":""},"folder":[],"class_list":["post-35679","page","type-page","status-publish","hentry"],"yoast_head":"<!-- This site is optimized with the Yoast SEO plugin v27.2 - https:\/\/yoast.com\/product\/yoast-seo-wordpress\/ -->\n<title>Wandel- en fietsroutes - Himmerland Camping<\/title>\n<meta name=\"robots\" content=\"index, follow, max-snippet:-1, max-image-preview:large, max-video-preview:-1\" \/>\n<link rel=\"canonical\" href=\"https:\/\/himmerland-camping.dk\/nl\/bezienswaardigheden\/wandel-en-fietsroutes\/\" \/>\n<meta property=\"og:locale\" content=\"nl_NL\" \/>\n<meta property=\"og:type\" content=\"article\" \/>\n<meta property=\"og:title\" content=\"Wandel- en fietsroutes - Himmerland Camping\" \/>\n<meta property=\"og:description\" content=\"Wandel- en fietsroutesBeleef H\u00e6rvejen - natuur en geschiedenis in \u00e9\u00e9n &nbsp; Vanaf Himmerland Camping heb je direct toegang tot een aantal van de meest sfeervolle wandel- en fietsroutes van Denemarken [&hellip;]\" \/>\n<meta property=\"og:url\" content=\"https:\/\/himmerland-camping.dk\/nl\/bezienswaardigheden\/wandel-en-fietsroutes\/\" \/>\n<meta property=\"og:site_name\" content=\"Himmerland Camping\" \/>\n<meta property=\"article:modified_time\" content=\"2025-12-16T20:11:38+00:00\" \/>\n<meta name=\"twitter:card\" content=\"summary_large_image\" \/>\n<meta name=\"twitter:label1\" content=\"Geschatte leestijd\" \/>\n\t<meta name=\"twitter:data1\" content=\"4 minuten\" \/>\n<script type=\"application\/ld+json\" class=\"yoast-schema-graph\">{\"@context\":\"https:\/\/schema.org\",\"@graph\":[{\"@type\":\"WebPage\",\"@id\":\"https:\/\/himmerland-camping.dk\/nl\/bezienswaardigheden\/wandel-en-fietsroutes\/\",\"url\":\"https:\/\/himmerland-camping.dk\/nl\/bezienswaardigheden\/wandel-en-fietsroutes\/\",\"name\":\"Wandel- en fietsroutes - Himmerland Camping\",\"isPartOf\":{\"@id\":\"https:\/\/himmerland-camping.dk\/nl\/#website\"},\"datePublished\":\"2025-09-28T13:53:22+00:00\",\"dateModified\":\"2025-12-16T20:11:38+00:00\",\"breadcrumb\":{\"@id\":\"https:\/\/himmerland-camping.dk\/nl\/bezienswaardigheden\/wandel-en-fietsroutes\/#breadcrumb\"},\"inLanguage\":\"nl-NL\",\"potentialAction\":[{\"@type\":\"ReadAction\",\"target\":[\"https:\/\/himmerland-camping.dk\/nl\/bezienswaardigheden\/wandel-en-fietsroutes\/\"]}]},{\"@type\":\"BreadcrumbList\",\"@id\":\"https:\/\/himmerland-camping.dk\/nl\/bezienswaardigheden\/wandel-en-fietsroutes\/#breadcrumb\",\"itemListElement\":[{\"@type\":\"ListItem\",\"position\":1,\"name\":\"Hjem\",\"item\":\"https:\/\/himmerland-camping.dk\/nl\/startpagina\/\"},{\"@type\":\"ListItem\",\"position\":2,\"name\":\"Bezienswaardigheden\",\"item\":\"https:\/\/himmerland-camping.dk\/nl\/bezienswaardigheden\/\"},{\"@type\":\"ListItem\",\"position\":3,\"name\":\"Wandel- en fietsroutes\"}]},{\"@type\":\"WebSite\",\"@id\":\"https:\/\/himmerland-camping.dk\/nl\/#website\",\"url\":\"https:\/\/himmerland-camping.dk\/nl\/\",\"name\":\"Himmerland Camping\",\"description\":\"Din pause i naturen\",\"potentialAction\":[{\"@type\":\"SearchAction\",\"target\":{\"@type\":\"EntryPoint\",\"urlTemplate\":\"https:\/\/himmerland-camping.dk\/nl\/?s={search_term_string}\"},\"query-input\":{\"@type\":\"PropertyValueSpecification\",\"valueRequired\":true,\"valueName\":\"search_term_string\"}}],\"inLanguage\":\"nl-NL\"}]}<\/script>\n<!-- \/ Yoast SEO plugin. -->","yoast_head_json":{"title":"Wandel- en fietsroutes - Himmerland Camping","robots":{"index":"index","follow":"follow","max-snippet":"max-snippet:-1","max-image-preview":"max-image-preview:large","max-video-preview":"max-video-preview:-1"},"canonical":"https:\/\/himmerland-camping.dk\/nl\/bezienswaardigheden\/wandel-en-fietsroutes\/","og_locale":"nl_NL","og_type":"article","og_title":"Wandel- en fietsroutes - Himmerland Camping","og_description":"Wandel- en fietsroutesBeleef H\u00e6rvejen - natuur en geschiedenis in \u00e9\u00e9n &nbsp; Vanaf Himmerland Camping heb je direct toegang tot een aantal van de meest sfeervolle wandel- en fietsroutes van Denemarken [&hellip;]","og_url":"https:\/\/himmerland-camping.dk\/nl\/bezienswaardigheden\/wandel-en-fietsroutes\/","og_site_name":"Himmerland Camping","article_modified_time":"2025-12-16T20:11:38+00:00","twitter_card":"summary_large_image","twitter_misc":{"Geschatte leestijd":"4 minuten"},"schema":{"@context":"https:\/\/schema.org","@graph":[{"@type":"WebPage","@id":"https:\/\/himmerland-camping.dk\/nl\/bezienswaardigheden\/wandel-en-fietsroutes\/","url":"https:\/\/himmerland-camping.dk\/nl\/bezienswaardigheden\/wandel-en-fietsroutes\/","name":"Wandel- en fietsroutes - Himmerland Camping","isPartOf":{"@id":"https:\/\/himmerland-camping.dk\/nl\/#website"},"datePublished":"2025-09-28T13:53:22+00:00","dateModified":"2025-12-16T20:11:38+00:00","breadcrumb":{"@id":"https:\/\/himmerland-camping.dk\/nl\/bezienswaardigheden\/wandel-en-fietsroutes\/#breadcrumb"},"inLanguage":"nl-NL","potentialAction":[{"@type":"ReadAction","target":["https:\/\/himmerland-camping.dk\/nl\/bezienswaardigheden\/wandel-en-fietsroutes\/"]}]},{"@type":"BreadcrumbList","@id":"https:\/\/himmerland-camping.dk\/nl\/bezienswaardigheden\/wandel-en-fietsroutes\/#breadcrumb","itemListElement":[{"@type":"ListItem","position":1,"name":"Hjem","item":"https:\/\/himmerland-camping.dk\/nl\/startpagina\/"},{"@type":"ListItem","position":2,"name":"Bezienswaardigheden","item":"https:\/\/himmerland-camping.dk\/nl\/bezienswaardigheden\/"},{"@type":"ListItem","position":3,"name":"Wandel- en fietsroutes"}]},{"@type":"WebSite","@id":"https:\/\/himmerland-camping.dk\/nl\/#website","url":"https:\/\/himmerland-camping.dk\/nl\/","name":"Himmerland Camping","description":"Din pause i naturen","potentialAction":[{"@type":"SearchAction","target":{"@type":"EntryPoint","urlTemplate":"https:\/\/himmerland-camping.dk\/nl\/?s={search_term_string}"},"query-input":{"@type":"PropertyValueSpecification","valueRequired":true,"valueName":"search_term_string"}}],"inLanguage":"nl-NL"}]}},"_links":{"self":[{"href":"https:\/\/himmerland-camping.dk\/nl\/wp-json\/wp\/v2\/pages\/35679","targetHints":{"allow":["GET"]}}],"collection":[{"href":"https:\/\/himmerland-camping.dk\/nl\/wp-json\/wp\/v2\/pages"}],"about":[{"href":"https:\/\/himmerland-camping.dk\/nl\/wp-json\/wp\/v2\/types\/page"}],"author":[{"embeddable":true,"href":"https:\/\/himmerland-camping.dk\/nl\/wp-json\/wp\/v2\/users\/1"}],"replies":[{"embeddable":true,"href":"https:\/\/himmerland-camping.dk\/nl\/wp-json\/wp\/v2\/comments?post=35679"}],"version-history":[{"count":0,"href":"https:\/\/himmerland-camping.dk\/nl\/wp-json\/wp\/v2\/pages\/35679\/revisions"}],"up":[{"embeddable":true,"href":"https:\/\/himmerland-camping.dk\/nl\/wp-json\/wp\/v2\/pages\/35592"}],"wp:attachment":[{"href":"https:\/\/himmerland-camping.dk\/nl\/wp-json\/wp\/v2\/media?parent=35679"}],"wp:term":[{"taxonomy":"folder","embeddable":true,"href":"https:\/\/himmerland-camping.dk\/nl\/wp-json\/wp\/v2\/folder?post=35679"}],"curies":[{"name":"wp","href":"https:\/\/api.w.org\/{rel}","templated":true}]}}