{"id":35939,"date":"2025-09-14T15:47:47","date_gmt":"2025-09-14T14:47:47","guid":{"rendered":"https:\/\/himmerland-camping.dk\/fixed-terms-and-conditions\/"},"modified":"2025-12-16T21:12:55","modified_gmt":"2025-12-16T20:12:55","slug":"fixed-terms-and-conditions","status":"publish","type":"page","link":"https:\/\/himmerland-camping.dk\/en\/fixed-terms-and-conditions\/","title":{"rendered":"Fixed terms and conditions"},"content":{"rendered":"<p>[et_pb_section fb_built=&#8221;1&#8243; custom_padding_last_edited=&#8221;on|tablet&#8221; _builder_version=&#8221;4.27.4&#8243; background_image=&#8221;https:\/\/himmerland-camping.dk\/wp-content\/uploads\/2025\/10\/IMG_1518-e1760519082364.jpeg&#8221; height=&#8221;500px&#8221; height_tablet=&#8221;500px&#8221; height_phone=&#8221;500px&#8221; height_last_edited=&#8221;on|phone&#8221; custom_padding=&#8221;0px||350px||false|false&#8221; custom_padding_tablet=&#8221;||150px||false|false&#8221; custom_padding_phone=&#8221;||25px&#8221; bottom_divider_style=&#8221;waves2&#8243; bottom_divider_color=&#8221;#ffffff&#8221; bottom_divider_height=&#8221;150px&#8221; bottom_divider_height_tablet=&#8221;&#8221; bottom_divider_height_phone=&#8221;63px&#8221; bottom_divider_height_last_edited=&#8221;on|phone&#8221; hover_enabled=&#8221;0&#8243; box_shadow_style=&#8221;preset1&#8243; box_shadow_position=&#8221;inner&#8221; global_colors_info=&#8221;{%22gcid-primary-color%22:%91%22background_color_gradient_stops%22%93,%22gcid-secondary-color%22:%91%22background_color_gradient_stops%22%93,%22gcid-7360370f-bdf0-493f-b1f5-2887d5b68e17%22:%91%22background_color_gradient_stops%22%93,%22gcid-ffc7ad8e-ca9f-4ff9-9684-db89d03277e3%22:%91%22background_color_gradient_stops%22%93}&#8221; title_text=&#8221;IMG_1518&#8243; sticky_enabled=&#8221;0&#8243;][et_pb_row _builder_version=&#8221;4.16&#8243; background_size=&#8221;initial&#8221; background_position=&#8221;top_left&#8221; background_repeat=&#8221;repeat&#8221; custom_padding=&#8221;50px|0px|65px|0px||&#8221; global_colors_info=&#8221;{}&#8221;][et_pb_column type=&#8221;4_4&#8243; _builder_version=&#8221;4.16&#8243; custom_padding=&#8221;|||&#8221; global_colors_info=&#8221;{}&#8221; custom_padding__hover=&#8221;|||&#8221;][et_pb_text _builder_version=&#8221;4.27.4&#8243; header_2_font=&#8221;|800|||||||&#8221; header_2_text_align=&#8221;center&#8221; header_2_text_color=&#8221;#ffffff&#8221; header_2_font_size=&#8221;60px&#8221; background_layout=&#8221;dark&#8221; custom_margin=&#8221;||20px|&#8221; animation_style=&#8221;slide&#8221; animation_direction=&#8221;bottom&#8221; header_2_font_size_tablet=&#8221;&#8221; header_2_font_size_phone=&#8221;30px&#8221; header_2_font_size_last_edited=&#8221;on|phone&#8221; header_2_text_shadow_style=&#8221;preset2&#8243; header_2_text_shadow_horizontal_length=&#8221;0em&#8221; header_2_text_shadow_vertical_length=&#8221;0.1em&#8221; header_2_text_shadow_blur_strength=&#8221;0.1em&#8221; header_2_text_shadow_color=&#8221;rgba(0,0,0,0.3)&#8221; global_colors_info=&#8221;{}&#8221;]<\/p>\n<h2>S\u00c6SONG\u00c6STER REGLER<\/h2>\n<p>[\/et_pb_text][\/et_pb_column][\/et_pb_row][\/et_pb_section][et_pb_section fb_built=&#8221;1&#8243; _builder_version=&#8221;4.16&#8243; custom_padding=&#8221;100px|0px|100px|0px&#8221; global_colors_info=&#8221;{}&#8221;][et_pb_row _builder_version=&#8221;4.27.4&#8243; _module_preset=&#8221;default&#8221; global_colors_info=&#8221;{}&#8221;][et_pb_column type=&#8221;4_4&#8243; _builder_version=&#8221;4.27.4&#8243; _module_preset=&#8221;default&#8221; global_colors_info=&#8221;{}&#8221;][et_pb_text _builder_version=&#8221;4.27.4&#8243; _module_preset=&#8221;default&#8221; global_colors_info=&#8221;{}&#8221;]<\/p>\n<h3>LEJEBETINGELSER FOR S\u00c6SONPLADSER<\/h3>\n<p><span><br \/>Velkommen p\u00e5\u00a0Himmerland Camping, vi h\u00e5ber dit\/jeres ophold her vil blive tilfredsstillende. Denne skrivelse er udarbejdet for at undg\u00e5 tvivl hos vores campister, og vil derfor v\u00e6re med til at f\u00e5 det bedste ud af dit\/jeres ophold her.<\/p>\n<p><strong><u>BETALINGSBETINGELSER:<\/u><\/strong><\/span><br \/>For at din bestilling af\u00a0s\u00e6sonplads er bindende skal der indbetales en forudbetaling ved bestilling af pladsen.\u00a0Hvis hele lejen ikke er betalt ved start af s\u00e6sonen annulleres bookingen (g\u00e6lder ikke de der har aftale om ratebetaling p\u00e5 hel\u00e5rspladserne).<br \/>Hvis du\u00a0har en plads, og \u00f8nsker\u00a0samme plads efterf\u00f8lgende s\u00e6son\u00a0skal der betales depositum senest 1. sept.\u00a0Forudbetalingen er 1500 kr, bel\u00f8bet fratr\u00e6kkes ved s\u00e6sonstart.\u00a0 Ved manglende eller sen betaling\u00a0forbeholder vi os ret til at leje pladsen til anden side.\u00a0<\/p>\n<p><strong>S\u00e6sonpladser skal\u00a0betales inden s\u00e6sonstart.<\/strong><\/p>\n<p>S\u00e5fremt lejeren beslutter at flytte fra campingpladsen inden det aftalte tidspunkt, kan lejeren s\u00e5ledes ikke kr\u00e6ve nogen del af lejen tilbagebetalt. Fraflytter man pladsen f\u00f8r tid har vi ret til at disponerer over pladsen (og stiller en anden til r\u00e5dighed ved behov).<\/p>\n<p><strong><em>Husk en hel\u00e5rsplads er en hel\u00e5rsplads &#8211; og man forpligter sig til at betale for hele \u00e5ret ogs\u00e5 selvom man v\u00e6lger at s\u00e6lge\/fraflytte eller andet!<\/em><\/strong><\/p>\n<p><span>Betalinger kan foretages p\u00e5 Kontonr. 5966 0004075492 husk at m\u00e6rke betalingen med <\/span>[BOOKING_NUMMER].<br \/><span>\u00a0<br \/><strong><u>PLADSERNE og AFSTANDSREGLER<\/u><\/strong><br \/><strong>I henhold til brandvedt\u00e6gternes 3-meters regel, skal vogn telt, ogs\u00e5 opbevaringstelt, mm. opstilles s\u00e5 det ikke forringer naboens opstillingsmuligheder.<\/strong>\u00a0Hvis vogn telt eller andet er placeret n\u00e6rmere end 3 m til naboen vogn\/telt, skal det flyttes. Hvis noget st\u00e5r for t\u00e6t p\u00e5 skel, eller vi af myndighed bliver bedt om at rette op p\u00e5 brandafstand,\u00a0vil telt, vogn m.m.\u00a0blive flyttet\u00a0ogs\u00e5 uden i er informeret.<br \/>Det er tilladt at opstille \u00e8n campingvogn, \u00e8t fortelt og evt. \u00e8t redskabstelt pr. plads. Alt, hvad der ikke placeres indenfor ovenst\u00e5ende,\u00a0<strong>skal<\/strong>\u00a0fjernes hver gang pladsen forlades.\u00a0<strong>Flagst\u00e6nger, antenner og lignende er ikke tilladt andre steder end fastmonteret p\u00e5 campingvognen.<\/strong><\/p>\n<p>Benyttes l\u00e6sejl permanent, skal m\u00e5lene ligeledes opfyldes. Husk afstanden ogs\u00e5 g\u00e6lder opbevaringstelt. Faste gulve skal v\u00e6re d\u00e6kket af teltet. Der m\u00e5 ikke laves terrasser, hegn eller lign.\u00a0Campisten skal altid overholde Campingr\u00e5dets regler. Oprydning\/pasning af omr\u00e5det omkring jeres vogn, p\u00e5hviler\u00a0lejeren. Hold pladsen p\u00e6n og ryddelig. Benyttes pladsen under vognen til opbevaring, skal der monteres sk\u00f8rter,\u00a0da dette m\u00e5 ikke v\u00e6re synligt.\u00a0Sl\u00e5 gr\u00e6s og kanter\u00a0med rimelige mellemrum ca. hver 2. uge.\u00a0Ved misligholdelse af dette punkt, vil campingpladsen selv p\u00e5tage sig opgaven og opkr\u00e6ve et gebyr p\u00e5 100 kr. pr. gang.<br \/>Det er ikke tilladt at bruge roundup eller anden form ukrudtsgift.\u00a0<strong>Al besk\u00e6ring, klipning og gravning p\u00e5 campingpladsen m\u00e5 kun foreg\u00e5 ved aftale med lejrchefen.<\/strong>\u00a0<br \/>Der opkr\u00e6ves et gebyr p\u00e5 minimum kr.\u00a01000.- for genetablering, hvis der graves p\u00e5 enheden, eller besk\u00e6res uden at lejrchefen har givet sit samtykke.<br \/><strong>Campingvogn og fortelt skal holdes p\u00e6ne, rene og fri for alger. Pladsen rund om vognen skal ligeledes holdes p\u00e6n og ryddeligt.<\/strong><br \/>Uoverensstemmelser med lejrchefen, eller overtr\u00e6delse af \u00e9n eller flere regler vil blive betragtet som misligholdelse af kontrakten, og lejer vil herefter omg\u00e5ende kunne bortvises fra pladsen. Der tilbagebetales intet af lejen hvis kontrakten bliver misligeholdt. Der kan tilkomme et gebyr for genetablering af plads mm. ved misligeholdelse af kontrakten.<\/p>\n<p><strong><u>PARKERING AF BILER OG K\u00d8RSEL P\u00c5 PLADSEN:<\/u><\/strong><br \/><strong>KUN EN BIL PR. ENHED<\/strong>.\u00a0HVIS DER IKKE ER PLADS TIL BILEN P\u00c5 PLADSENHEDEN, SKAL PARKERINGEN FORETAGES P\u00c5 G\u00c6STEPARKERINGEN VED INDK\u00d8RSLEN.<br \/>Det er ikke tilladt at parkere bilen p\u00e5 en ubenyttet pladsenhed, da det er til stor gene for de turister, vi sender hen p\u00e5 det, som vi tror er en ledig plads.<br \/>HUSK: motion er sundt. Spar bilk\u00f8rsel til toiletbygningerne og butikken (det er godt for milj\u00f8et) tag i stedet cyklen eller brug benene (det er godt for din sundhed)<br \/>Derfor skal k\u00f8rsel p\u00e5 pladsen indskr\u00e6nkes til det mest n\u00f8dvendige og altid foreg\u00e5 i skridt tempo.\u00a0<strong>MAX 10 KM\/T.<\/strong><br \/>K\u00f8rsel m\u00e5\u00a0ske mellem\u00a0<strong>7.00 \u2013 23.00<\/strong>\u00a0af hensyn til dine medcampister. Bommen er lukket mellem\u00a0<strong>23.00 og\u00a06.30<\/strong>\u00a0Ved alvorlig akut sygdom eller hvis der skal ambulance p\u00e5 pladsen, kontaktes vi p\u00e5 telefon\u00a0+45 98662222, i h\u00f8js\u00e6sonen er der overnattende \u201cvagt\u201d p\u00e5 campingpladsen.<\/p>\n<p><strong><u>G\u00c6STER:<\/u><\/strong><br \/>G\u00e6ster p\u00e5 pladsen skal melde deres ankomst i informationen, med mindre v\u00e6rten har g\u00e6stekort. Overnattende g\u00e6ste skal ALTID melde deres ankomst.\u00a0Som g\u00e6st har man adgang til hele pladsen, dog ikke brusebad og pool (p\u00e5n\u00e6r de overnattende g\u00e6ster).<br \/><strong>G\u00e6stebiler parkeres p\u00e5 p-pladsen lige f\u00f8r bommen.\u00a0Skal g\u00e6sten af en\u00a0eller anden \u00e5rsag med ned p\u00e5\u00a0pladsen i bil, k\u00f8res fastliggerens bil ud i stedet.<\/strong>\u00a0Da der kun m\u00e5 v\u00e6re en bil ad gangen p\u00e5 hver enhed (ogs\u00e5 i yderperioderne).<br \/>G\u00e6ster skal forlade pladsen senest kl. 22.30 derefter vil g\u00e6sten betragtes som campist, og\u00a0I skal betale for almindeligt overnatningsgebyr for g\u00e6sten. Det er lejerens ansvar, at deres g\u00e6ster overholder campingpladsens regler.<strong>\u00a0Hvis i har\u00a0overnattende g\u00e6ster, som ikke er indskrevet eller betalt for, vil dette blive betragtet som tyveri, samt\u00a0misligeholdelse af kontrakten og dermed bortvisning af hele enheden fra pladsen (dette kan selvf\u00f8lgelig stadig n\u00e5s om morgenen dagen efter).\u00a0<\/strong><\/p>\n<p><strong><u>HUSDYR:<\/u><\/strong><br \/>Hunde er velkommen, men skal v\u00e6re i kort line og luftes udenfor pladsen.\u00a0\u201c<strong>Sker uheldet\u201d skal hundens efterladenskaber fjernes med det samme.<\/strong>\u00a0Af samme grund henstiller vi til, at luftning af hunde foretages af voksne personer, og ikke af mindre b\u00f8rn.\u00a0Lad ikke jeres hund v\u00e6re alene i fortelt \/ campingvognen \/ hundeindhegning \u2013 og husk at en g\u00f8ende og\/eller l\u00f8sg\u00e5ende hund er til stor gene for de omkringliggende g\u00e6ster.<br \/><strong>Husk at det er din pligt at samle op efter din hund.<\/strong><\/p>\n<p><strong><u>ELM\u00c5LER:<\/u><\/strong><br \/><strong>Det er lejerens ansvar at kontrollere m\u00e5leren j\u00e6vnligt,<\/strong>\u00a0Ved fejl p\u00e5 m\u00e5leren, vil campingpladsen ansl\u00e5 et forbrug.\u00a0Ved fejl kontakt omg\u00e5ende lejerchefen, s\u00e5 vi kan udbedre fejlen.\u00a0Vi anbefaler, at str\u00f8mkablet frakobles, ved vognen, hver gang man forlader pladsen i mere end et d\u00f8gn, af hensyn til brandfare, og\/eller kortslutning. Det er lejerens ansvar at kontrollere om der er str\u00f8m. Campingpladsen kan ikke stilles til ansvar for manglende str\u00f8m. <\/p>\n<p><strong><u>LAVS\u00c6SONERNE:<\/u><\/strong><br \/>I lavs\u00e6sonerne\u00a0kan der v\u00e6re begr\u00e6nset \u00e5bningstider i informationen,\u00a0derfor v\u00e6r s\u00f8d at respekterer dette\u00a0og tilpas dine \u00e6rinder til \u00e5bningstiderne.\u00a0Ved akut behov er vi selvf\u00f8lgelig altid til r\u00e5dighed og behj\u00e6lpelige, ring\u00a0p\u00e5 vores hovedtelefon +45 98662222.\u00a0Kiosken\/poolen vil liges\u00e5\u00a0have begr\u00e6nsede \u00e5bningstider. \u00c5bningstiderne kan ses p\u00e5 d\u00f8rene eller sp\u00f8rg i informationen. Der kan ligeledes v\u00e6re reducering af faciliteter. Eks. hoppepuder kan v\u00e6re sl\u00e5et ned, lukning af nogle toiletrum osv.<\/p>\n<p><strong><u>RENG\u00d8RING:<\/u><\/strong><br \/>I skolesommerferien vil der v\u00e6re reng\u00f8ring p\u00e5 bestemte tider. Respekter dette og brug n\u00e6ste bygning.\u00a0I resten af s\u00e6sonen vil der ikke v\u00e6re tider p\u00e5 reng\u00f8ringen, derfor\u00a0henvises\u00a0til n\u00e6ste servicebygning.<\/p>\n<p><strong><u>CAMPINGPLADSENS R\u00c5DIGHED OVER PLADSERNE:<\/u><\/strong><br \/>Ved tr\u00e6f\u00e6ldning, forbedring af pladsen, ny etablering eller andet har campingpladsen ret til at lave om p\u00e5 den enkeltes plads, dog rettes altid henvendelse f\u00f8rst, s\u00e5 man har mulighed for evt. at finde en anden plads.<\/p>\n<p><strong><u>CONTAINERE<\/u><\/strong><br \/><strong>De opstillede containere m\u00e5 KUN benyttes til alm. k\u00f8kkenaffald.<\/strong><br \/><strong>Flasker, \u00f8l- og sodavandsd\u00e5ser og glas skal\u00a0i containerne til dette form\u00e5l.<\/strong><br \/><strong>ANDET AFFALD OG STORSKRALD (Grill, stole, gulvt\u00e6pper, gulve m.m) fjernes ved egen foranstaltning.<\/strong><\/p>\n<p><strong><u>Leg og boldspil:<\/u><\/strong><br \/>Campingpladsen har egen legeplads. Hj\u00e6lp dine b\u00f8rn \/b\u00f8rneb\u00f8rn med at finde de steder, hvor der m\u00e5 leges og spilles bold.\u00a0<strong>Boldspil m\u00e5 ikke finde sted mellem telte og campingvogne.<\/strong>\u00a0Hoppepuden m\u00e5 ikke benyttes i regnvejr og hvis den ikke er helt pustet op.<\/p>\n<p><strong><u>VINTEROPBEVARING\/Vinter s\u00e6son<\/u><\/strong><br \/>Der er mulighed for vinteropbevaring, mod betaling. Vinteropbevaring skal meddeles og betales\u00a0i informationen inden s\u00e6sonafslutning.\u00a0<strong>N\u00e5r pladsen forlades f\u00f8r vinteren, skal alle l\u00f8se dele fjernes. Havem\u00f8bler mm.\u00a0skal samles p\u00e5 gulvet foran campingvognen og tild\u00e6kkes med evt. en presenning,\u00a0hvis man ikke har et opbevaringstelt.<\/strong><br \/>Har man ikke bestilt vinteropbevaring skal pladsen ryddes ved lejem\u00e5lets oph\u00f8r. Pladsen skal fremst\u00e5, som ved modtagelse, dvs. gr\u00e6s skal v\u00e6re\u00a0klippet og alt skal fjernes.\u00a0Vil der alligevel v\u00e6re noget p\u00e5 pladsen, vil der opkr\u00e6ves vinter opbevaringsgebyr.\u00a0Udlejer h\u00e6fter ikke for evt. efterladte ting \u2013 heller ikke campingvogne \/ telte. Efterladte effekter fjernes for lejers regning.<br \/>I er altid velkomne til at komme p\u00e5 pladsen i vinterhalv\u00e5ret for at tilse\u00a0vognen,\u00a0men\u00a0I skal holde bilen\/knallert uden for pladsen ogs\u00e5 selvom bommen st\u00e5r \u00e5ben. V\u00e6r altid opm\u00e6rksom da vi arbejder p\u00e5 pladsen.\u00a0Vinteropbevaring sker fra vinters\u00e6sonen starter\u00a0frem til vinters\u00e6sonen slutter. Campingvognen kan som regel st\u00e5 p\u00e5 samme plads som\u00a0I har bestilt, der er bestemte omr\u00e5der af pladsen, der er godkendt til vinteropbevaring. Vi vil\u00a0kontakte jer med henblik p\u00e5 at flytte vognen til opbevaringsomr\u00e5de hvis dette forlanges.<\/p>\n<p><strong>Husk alle bygninger p\u00e5 campingpladsen er r\u00f8gfrie.<\/strong><br \/><strong>Vi kan v\u00e6re n\u00f8dsaget til at bortvise campister, hvis regler ikke overholdes.<\/strong><\/p>\n<p>Vi \u00f8nsker jer et godt ophold<\/p>\n<p>De bedste hilsner<br \/>Maja &amp;\u00a0David<\/span><\/p>\n<p>[\/et_pb_text][\/et_pb_column][\/et_pb_row][\/et_pb_section][et_pb_section fb_built=&#8221;1&#8243; _builder_version=&#8221;4.27.4&#8243; background_enable_color=&#8221;off&#8221; custom_padding=&#8221;0px|0px|0px|0px&#8221; top_divider_height=&#8221;0px&#8221; top_divider_flip=&#8221;vertical&#8221; bottom_divider_style=&#8221;wave2&#8243; bottom_divider_color=&#8221;gcid-7360370f-bdf0-493f-b1f5-2887d5b68e17&#8243; bottom_divider_height_tablet=&#8221;&#8221; bottom_divider_height_phone=&#8221;44px&#8221; bottom_divider_height_last_edited=&#8221;on|phone&#8221; global_colors_info=&#8221;{%22gcid-7360370f-bdf0-493f-b1f5-2887d5b68e17%22:%91%22bottom_divider_color%22%93}&#8221;][\/et_pb_section]<\/p>\n","protected":false},"excerpt":{"rendered":"<p>S\u00c6SONG\u00c6STER REGLERLEJEBETINGELSER FOR S\u00c6SONPLADSER Velkommen p\u00e5\u00a0Himmerland Camping, vi h\u00e5ber dit\/jeres ophold her vil blive tilfredsstillende. Denne skrivelse er udarbejdet for at undg\u00e5 tvivl hos vores campister, og vil derfor v\u00e6re [&hellip;]<\/p>\n","protected":false},"author":1,"featured_media":0,"parent":0,"menu_order":0,"comment_status":"closed","ping_status":"closed","template":"","meta":{"_et_pb_use_builder":"on","_et_pb_old_content":"","_et_gb_content_width":"","footnotes":""},"folder":[],"class_list":["post-35939","page","type-page","status-publish","hentry"],"yoast_head":"<!-- This site is optimized with the Yoast SEO plugin v27.2 - https:\/\/yoast.com\/product\/yoast-seo-wordpress\/ -->\n<title>Fixed terms and conditions - Himmerland Camping<\/title>\n<meta name=\"robots\" content=\"index, follow, max-snippet:-1, max-image-preview:large, max-video-preview:-1\" \/>\n<link rel=\"canonical\" href=\"https:\/\/himmerland-camping.dk\/en\/fixed-terms-and-conditions\/\" \/>\n<meta property=\"og:locale\" content=\"en_US\" \/>\n<meta property=\"og:type\" content=\"article\" \/>\n<meta property=\"og:title\" content=\"Fixed terms and conditions - Himmerland Camping\" \/>\n<meta property=\"og:description\" content=\"S\u00c6SONG\u00c6STER REGLERLEJEBETINGELSER FOR S\u00c6SONPLADSER Velkommen p\u00e5\u00a0Himmerland Camping, vi h\u00e5ber dit\/jeres ophold her vil blive tilfredsstillende. Denne skrivelse er udarbejdet for at undg\u00e5 tvivl hos vores campister, og vil derfor v\u00e6re [&hellip;]\" \/>\n<meta property=\"og:url\" content=\"https:\/\/himmerland-camping.dk\/en\/fixed-terms-and-conditions\/\" \/>\n<meta property=\"og:site_name\" content=\"Himmerland Camping\" \/>\n<meta property=\"article:modified_time\" content=\"2025-12-16T20:12:55+00:00\" \/>\n<meta name=\"twitter:card\" content=\"summary_large_image\" \/>\n<meta name=\"twitter:label1\" content=\"Est. reading time\" \/>\n\t<meta name=\"twitter:data1\" content=\"10 minutes\" \/>\n<script type=\"application\/ld+json\" class=\"yoast-schema-graph\">{\"@context\":\"https:\/\/schema.org\",\"@graph\":[{\"@type\":\"WebPage\",\"@id\":\"https:\/\/himmerland-camping.dk\/en\/fixed-terms-and-conditions\/\",\"url\":\"https:\/\/himmerland-camping.dk\/en\/fixed-terms-and-conditions\/\",\"name\":\"Fixed terms and conditions - Himmerland Camping\",\"isPartOf\":{\"@id\":\"https:\/\/himmerland-camping.dk\/en\/#website\"},\"datePublished\":\"2025-09-14T14:47:47+00:00\",\"dateModified\":\"2025-12-16T20:12:55+00:00\",\"breadcrumb\":{\"@id\":\"https:\/\/himmerland-camping.dk\/en\/fixed-terms-and-conditions\/#breadcrumb\"},\"inLanguage\":\"en-US\",\"potentialAction\":[{\"@type\":\"ReadAction\",\"target\":[\"https:\/\/himmerland-camping.dk\/en\/fixed-terms-and-conditions\/\"]}]},{\"@type\":\"BreadcrumbList\",\"@id\":\"https:\/\/himmerland-camping.dk\/en\/fixed-terms-and-conditions\/#breadcrumb\",\"itemListElement\":[{\"@type\":\"ListItem\",\"position\":1,\"name\":\"Hjem\",\"item\":\"https:\/\/himmerland-camping.dk\/en\/home-page\/\"},{\"@type\":\"ListItem\",\"position\":2,\"name\":\"Fixed terms and conditions\"}]},{\"@type\":\"WebSite\",\"@id\":\"https:\/\/himmerland-camping.dk\/en\/#website\",\"url\":\"https:\/\/himmerland-camping.dk\/en\/\",\"name\":\"Himmerland Camping\",\"description\":\"Din pause i naturen\",\"potentialAction\":[{\"@type\":\"SearchAction\",\"target\":{\"@type\":\"EntryPoint\",\"urlTemplate\":\"https:\/\/himmerland-camping.dk\/en\/?s={search_term_string}\"},\"query-input\":{\"@type\":\"PropertyValueSpecification\",\"valueRequired\":true,\"valueName\":\"search_term_string\"}}],\"inLanguage\":\"en-US\"}]}<\/script>\n<!-- \/ Yoast SEO plugin. -->","yoast_head_json":{"title":"Fixed terms and conditions - Himmerland Camping","robots":{"index":"index","follow":"follow","max-snippet":"max-snippet:-1","max-image-preview":"max-image-preview:large","max-video-preview":"max-video-preview:-1"},"canonical":"https:\/\/himmerland-camping.dk\/en\/fixed-terms-and-conditions\/","og_locale":"en_US","og_type":"article","og_title":"Fixed terms and conditions - Himmerland Camping","og_description":"S\u00c6SONG\u00c6STER REGLERLEJEBETINGELSER FOR S\u00c6SONPLADSER Velkommen p\u00e5\u00a0Himmerland Camping, vi h\u00e5ber dit\/jeres ophold her vil blive tilfredsstillende. Denne skrivelse er udarbejdet for at undg\u00e5 tvivl hos vores campister, og vil derfor v\u00e6re [&hellip;]","og_url":"https:\/\/himmerland-camping.dk\/en\/fixed-terms-and-conditions\/","og_site_name":"Himmerland Camping","article_modified_time":"2025-12-16T20:12:55+00:00","twitter_card":"summary_large_image","twitter_misc":{"Est. reading time":"10 minutes"},"schema":{"@context":"https:\/\/schema.org","@graph":[{"@type":"WebPage","@id":"https:\/\/himmerland-camping.dk\/en\/fixed-terms-and-conditions\/","url":"https:\/\/himmerland-camping.dk\/en\/fixed-terms-and-conditions\/","name":"Fixed terms and conditions - Himmerland Camping","isPartOf":{"@id":"https:\/\/himmerland-camping.dk\/en\/#website"},"datePublished":"2025-09-14T14:47:47+00:00","dateModified":"2025-12-16T20:12:55+00:00","breadcrumb":{"@id":"https:\/\/himmerland-camping.dk\/en\/fixed-terms-and-conditions\/#breadcrumb"},"inLanguage":"en-US","potentialAction":[{"@type":"ReadAction","target":["https:\/\/himmerland-camping.dk\/en\/fixed-terms-and-conditions\/"]}]},{"@type":"BreadcrumbList","@id":"https:\/\/himmerland-camping.dk\/en\/fixed-terms-and-conditions\/#breadcrumb","itemListElement":[{"@type":"ListItem","position":1,"name":"Hjem","item":"https:\/\/himmerland-camping.dk\/en\/home-page\/"},{"@type":"ListItem","position":2,"name":"Fixed terms and conditions"}]},{"@type":"WebSite","@id":"https:\/\/himmerland-camping.dk\/en\/#website","url":"https:\/\/himmerland-camping.dk\/en\/","name":"Himmerland Camping","description":"Din pause i naturen","potentialAction":[{"@type":"SearchAction","target":{"@type":"EntryPoint","urlTemplate":"https:\/\/himmerland-camping.dk\/en\/?s={search_term_string}"},"query-input":{"@type":"PropertyValueSpecification","valueRequired":true,"valueName":"search_term_string"}}],"inLanguage":"en-US"}]}},"_links":{"self":[{"href":"https:\/\/himmerland-camping.dk\/en\/wp-json\/wp\/v2\/pages\/35939","targetHints":{"allow":["GET"]}}],"collection":[{"href":"https:\/\/himmerland-camping.dk\/en\/wp-json\/wp\/v2\/pages"}],"about":[{"href":"https:\/\/himmerland-camping.dk\/en\/wp-json\/wp\/v2\/types\/page"}],"author":[{"embeddable":true,"href":"https:\/\/himmerland-camping.dk\/en\/wp-json\/wp\/v2\/users\/1"}],"replies":[{"embeddable":true,"href":"https:\/\/himmerland-camping.dk\/en\/wp-json\/wp\/v2\/comments?post=35939"}],"version-history":[{"count":0,"href":"https:\/\/himmerland-camping.dk\/en\/wp-json\/wp\/v2\/pages\/35939\/revisions"}],"wp:attachment":[{"href":"https:\/\/himmerland-camping.dk\/en\/wp-json\/wp\/v2\/media?parent=35939"}],"wp:term":[{"taxonomy":"folder","embeddable":true,"href":"https:\/\/himmerland-camping.dk\/en\/wp-json\/wp\/v2\/folder?post=35939"}],"curies":[{"name":"wp","href":"https:\/\/api.w.org\/{rel}","templated":true}]}}