{"id":35979,"date":"2025-09-14T15:48:34","date_gmt":"2025-09-14T14:48:34","guid":{"rendered":"https:\/\/himmerland-camping.dk\/wenn-sie-mieten\/"},"modified":"2025-12-16T21:13:01","modified_gmt":"2025-12-16T20:13:01","slug":"wenn-sie-mieten","status":"publish","type":"page","link":"https:\/\/himmerland-camping.dk\/de\/wenn-sie-mieten\/","title":{"rendered":"Wenn Sie mieten"},"content":{"rendered":"<p>[et_pb_section fb_built=&#8220;1&#8243; custom_padding_last_edited=&#8220;on|tablet&#8220; _builder_version=&#8220;4.27.4&#8243; background_image=&#8220;https:\/\/himmerland-camping.dk\/wp-content\/uploads\/2025\/10\/IMG_1063-e1759838271751.jpeg&#8220; background_position=&#8220;top_center&#8220; height=&#8220;500px&#8220; height_tablet=&#8220;500px&#8220; height_phone=&#8220;500px&#8220; height_last_edited=&#8220;on|phone&#8220; custom_padding=&#8220;0px||350px||false|false&#8220; custom_padding_tablet=&#8220;||150px||false|false&#8220; custom_padding_phone=&#8220;||25px&#8220; bottom_divider_style=&#8220;waves2&#8243; bottom_divider_color=&#8220;#ffffff&#8220; bottom_divider_height=&#8220;150px&#8220; bottom_divider_height_tablet=&#8220;&#8220; bottom_divider_height_phone=&#8220;63px&#8220; bottom_divider_height_last_edited=&#8220;on|phone&#8220; box_shadow_style=&#8220;preset1&#8243; box_shadow_position=&#8220;inner&#8220; global_colors_info=&#8220;{%22gcid-primary-color%22:%91%22background_color_gradient_stops%22%93,%22gcid-secondary-color%22:%91%22background_color_gradient_stops%22%93,%22gcid-7360370f-bdf0-493f-b1f5-2887d5b68e17%22:%91%22background_color_gradient_stops%22%93,%22gcid-ffc7ad8e-ca9f-4ff9-9684-db89d03277e3%22:%91%22background_color_gradient_stops%22%93}&#8220;][et_pb_row _builder_version=&#8220;4.16&#8243; background_size=&#8220;initial&#8220; background_position=&#8220;top_left&#8220; background_repeat=&#8220;repeat&#8220; custom_padding=&#8220;50px|0px|65px|0px||&#8220; global_colors_info=&#8220;{}&#8220;][et_pb_column type=&#8220;4_4&#8243; _builder_version=&#8220;4.16&#8243; custom_padding=&#8220;|||&#8220; global_colors_info=&#8220;{}&#8220; custom_padding__hover=&#8220;|||&#8220;][et_pb_text _builder_version=&#8220;4.27.4&#8243; header_2_font=&#8220;|800|||||||&#8220; header_2_text_align=&#8220;center&#8220; header_2_text_color=&#8220;#ffffff&#8220; header_2_font_size=&#8220;60px&#8220; background_layout=&#8220;dark&#8220; custom_margin=&#8220;||20px|&#8220; animation_style=&#8220;slide&#8220; animation_direction=&#8220;bottom&#8220; header_2_font_size_tablet=&#8220;&#8220; header_2_font_size_phone=&#8220;30px&#8220; header_2_font_size_last_edited=&#8220;on|phone&#8220; header_2_text_shadow_style=&#8220;preset2&#8243; header_2_text_shadow_horizontal_length=&#8220;0em&#8220; header_2_text_shadow_vertical_length=&#8220;0.1em&#8220; header_2_text_shadow_blur_strength=&#8220;0.1em&#8220; header_2_text_shadow_color=&#8220;rgba(0,0,0,0.3)&#8220; global_colors_info=&#8220;{}&#8220;]<\/p>\n<h2>MIETEINHEITEN<\/h2>\n<p>[\/et_pb_text][\/et_pb_column][\/et_pb_row][\/et_pb_section][et_pb_section fb_built=&#8220;1&#8243; _builder_version=&#8220;4.27.4&#8243; z_index=&#8220;-20&#8243; custom_padding=&#8220;20px|0px|20px|0px|true|false&#8220; bottom_divider_color=&#8220;gcid-7360370f-bdf0-493f-b1f5-2887d5b68e17&#8243; global_colors_info=&#8220;{%22gcid-7360370f-bdf0-493f-b1f5-2887d5b68e17%22:%91%22bottom_divider_color%22%93}&#8220;][et_pb_row column_structure=&#8220;3_5,2_5&#8243; make_equal=&#8220;on&#8220; module_class=&#8220;custom_row_95&#8243; _builder_version=&#8220;4.27.4&#8243; width=&#8220;100%&#8220; custom_padding=&#8220;0px||0px|&#8220; animation_style=&#8220;zoom&#8220; animation_delay=&#8220;250ms&#8220; border_radii=&#8220;on|5px|5px|5px|5px&#8220; global_colors_info=&#8220;{}&#8220;][et_pb_column type=&#8220;3_5&#8243; _builder_version=&#8220;4.16&#8243; background_color=&#8220;#ffffff&#8220; custom_padding=&#8220;50px|50px|50px|50px&#8220; custom_padding_tablet=&#8220;50px|25px|50px|25px&#8220; custom_padding_phone=&#8220;&#8220; custom_padding_last_edited=&#8220;on|phone&#8220; global_colors_info=&#8220;{}&#8220; padding_tablet=&#8220;50px|25px|50px|25px&#8220; padding_last_edited=&#8220;on|phone&#8220; custom_padding__hover=&#8220;|||&#8220; padding_phone=&#8220;50px|25px|50px|25px&#8220;][et_pb_text _builder_version=&#8220;4.27.4&#8243; hover_enabled=&#8220;0&#8243; global_colors_info=&#8220;{}&#8220; sticky_enabled=&#8220;0&#8243;]<\/p>\n<h3>Vermietungen f\u00fcr jeden Geschmack und Bedarf<\/h3>\n<p data-start=\"169\" data-end=\"329\">Bei Himmerland Camping ist f\u00fcr jeden etwas dabei &#8211; egal, ob Sie den Charme des Campings, ein wenig zus\u00e4tzlichen Luxus oder eine einfache und gem\u00fctliche Basis suchen.<\/p>\n<p data-start=\"331\" data-end=\"646\"><strong data-start=\"331\" data-end=\"343\">Glamping<\/strong><br data-start=\"343\" data-end=\"346\">Tr\u00e4umen Sie von einem Camping-Erlebnis mit Stil und Komfort? Unsere Glamping-Einheiten kombinieren die Ruhe der Natur mit gro\u00dfartigen Einrichtungen, damit Sie sich ohne Kompromisse entspannen k\u00f6nnen. Sie haben Platz, Gem\u00fctlichkeit und ein Erlebnis, das Ihren Urlaub unvergesslich macht &#8211; perfekt f\u00fcr alle, die das Beste aus beiden Welten wollen.  <\/p>\n<p data-start=\"648\" data-end=\"875\"><strong data-start=\"648\" data-end=\"664\">Komforth\u00fctten<\/strong><br data-start=\"664\" data-end=\"667\">G\u00f6nnen Sie sich und Ihrer Familie ein bisschen mehr Komfort. Unsere Komforth\u00fctten verf\u00fcgen \u00fcber ein eigenes Bad und einen gem\u00fctlichen Wohnbereich, so dass Sie Ihren Urlaub entspannt und bequem genie\u00dfen k\u00f6nnen &#8211; ohne dabei die Seele des Campings zu verlieren. <\/p>\n<p data-start=\"877\" data-end=\"1110\"><strong data-start=\"877\" data-end=\"895\">Standardh\u00fctten<\/strong><br data-start=\"895\" data-end=\"898\">Einfach, gem\u00fctlich und funktionell &#8211; eine ruhige Basis, um sich zu entspannen, gemeinsam zu essen und Ihren Urlaub zu genie\u00dfen. Perfekt f\u00fcr alle, die den Charme des Campings lieben und einen einfachen Ort suchen, den sie w\u00e4hrend ihres Aufenthalts ihr Zuhause nennen k\u00f6nnen. <\/p>\n<p>[\/et_pb_text][\/et_pb_column][et_pb_column type=&#8220;2_5&#8243; _builder_version=&#8220;4.27.4&#8243; background_color=&#8220;gcid-7360370f-bdf0-493f-b1f5-2887d5b68e17&#8243; background_enable_image=&#8220;off&#8220; custom_padding=&#8220;||25px|&#8220; custom_padding_last_edited=&#8220;off|phone&#8220; custom_css_main_element=&#8220;margin:auto;&#8220; border_radii=&#8220;on|30px|30px|30px|30px&#8220; box_shadow_style=&#8220;preset1&#8243; global_colors_info=&#8220;{%22gcid-7360370f-bdf0-493f-b1f5-2887d5b68e17%22:%91%22background_color%22%93}&#8220; padding_last_edited=&#8220;off|phone&#8220; custom_padding__hover=&#8220;|||&#8220;][et_pb_blurb title=&#8220;FAQ Mieteinheiten:&#8220; icon_placement=&#8220;left&#8220; image_icon_width=&#8220;20px&#8220; admin_label=&#8220;Bagsidetekst&#8220; module_class=&#8220;contact_detail_blurb&#8220; _builder_version=&#8220;4.27.4&#8243; header_font=&#8220;|on|||&#8220; header_font_size=&#8220;16&#8243; body_font_size=&#8220;15&#8243; body_line_height=&#8220;1.5em&#8220; background_layout=&#8220;dark&#8220; custom_padding=&#8220;25px|||50px|false|false&#8220; custom_padding_tablet=&#8220;&#8220; custom_padding_phone=&#8220;|||25px&#8220; custom_padding_last_edited=&#8220;on|phone&#8220; animation=&#8220;off&#8220; border_style_all=&#8220;solid&#8220; border_style=&#8220;solid&#8220; icon_font_size=&#8220;20px&#8220; global_colors_info=&#8220;{}&#8220;]<\/p>\n<p>Gemeinsam f\u00fcr alle unsere Mieteinheiten:<\/p>\n<ul>\n<li>Es gibt Bettdecken und Kopfkissen<\/li>\n<li>Service f\u00fcr alle<\/li>\n<li>T\u00f6pfe und Pfannen<\/li>\n<li>Kaffeemaschine<\/li>\n<li>K\u00fchlschrank<\/li>\n<li>Strom an Bord<\/li>\n<li>Pool kann genutzt werden (w\u00e4hrend der \u00d6ffnungszeiten)<\/li>\n<li>Bettw\u00e4sche kann gemietet werden<\/li>\n<li>Das Fr\u00fchst\u00fcck muss am Vortag bestellt werden<\/li>\n<\/ul>\n<p>&nbsp;<\/p>\n<p>[\/et_pb_blurb][\/et_pb_column][\/et_pb_row][\/et_pb_section][et_pb_section fb_built=&#8220;1&#8243; _builder_version=&#8220;4.27.4&#8243; z_index=&#8220;-20&#8243; custom_padding=&#8220;50px|0px|50px|0px|true|false&#8220; bottom_divider_color=&#8220;gcid-7360370f-bdf0-493f-b1f5-2887d5b68e17&#8243; global_colors_info=&#8220;{%22gcid-7360370f-bdf0-493f-b1f5-2887d5b68e17%22:%91%22bottom_divider_color%22%93}&#8220;][et_pb_row column_structure=&#8220;1_3,1_3,1_3&#8243; make_equal=&#8220;on&#8220; module_class=&#8220;custom_row_95&#8243; _builder_version=&#8220;4.27.4&#8243; width=&#8220;100%&#8220; custom_padding=&#8220;0px||0px|&#8220; animation_style=&#8220;zoom&#8220; animation_delay=&#8220;250ms&#8220; global_colors_info=&#8220;{}&#8220;][et_pb_column type=&#8220;1_3&#8243; _builder_version=&#8220;4.27.4&#8243; background_enable_color=&#8220;off&#8220; background_enable_image=&#8220;off&#8220; custom_padding=&#8220;||0px||false|false&#8220; custom_padding_last_edited=&#8220;off|phone&#8220; border_radii=&#8220;on|30px|30px|30px|30px&#8220; box_shadow_style=&#8220;preset1&#8243; global_colors_info=&#8220;{%22gcid-7360370f-bdf0-493f-b1f5-2887d5b68e17%22:%91%22background_color%22%93}&#8220; padding_last_edited=&#8220;off|phone&#8220; custom_padding__hover=&#8220;|||&#8220;][et_pb_image src=&#8220;https:\/\/himmerland-camping.dk\/wp-content\/uploads\/2025\/09\/Safaritelt-e1764071287991.png&#8220; title_text=&#8220;Safari Zelt&#8220; align_tablet=&#8220;center&#8220; align_phone=&#8220;&#8220; align_last_edited=&#8220;on|desktop&#8220; admin_label=&#8220;Billede&#8220; _builder_version=&#8220;4.27.4&#8243; custom_padding=&#8220;15px|15px|15px|15px|true|true&#8220; border_radii=&#8220;off|25px|25px||&#8220; border_style=&#8220;solid&#8220; global_colors_info=&#8220;{}&#8220;][\/et_pb_image][et_pb_blurb title=&#8220;Glamping&#8220; icon_placement=&#8220;left&#8220; image_icon_width=&#8220;20px&#8220; module_class=&#8220;contact_detail_blurb&#8220; _builder_version=&#8220;4.27.4&#8243; header_font=&#8220;|on|||&#8220; header_font_size=&#8220;16&#8243; body_font_size=&#8220;15&#8243; body_line_height=&#8220;1.5em&#8220; text_orientation=&#8220;center&#8220; custom_padding=&#8220;||||false|false&#8220; custom_padding_tablet=&#8220;&#8220; custom_padding_phone=&#8220;||||false|false&#8220; custom_padding_last_edited=&#8220;on|phone&#8220; animation=&#8220;off&#8220; border_style_all=&#8220;solid&#8220; border_style=&#8220;solid&#8220; icon_font_size=&#8220;20px&#8220; global_colors_info=&#8220;{}&#8220;]<\/p>\n<p>Camping, nur noch exklusiver<\/p>\n<p>[\/et_pb_blurb][et_pb_button button_text=&#8220;Lesen Sie mehr dar\u00fcber&#8220; button_alignment=&#8220;center&#8220; _builder_version=&#8220;4.27.4&#8243; _module_preset=&#8220;default&#8220; custom_button=&#8220;on&#8220; button_border_radius=&#8220;0px&#8220; custom_margin=&#8220;||0px||false|false&#8220; custom_padding=&#8220;15px||15px||false|false&#8220; hover_enabled=&#8220;0&#8243; custom_css_main_element=&#8220;width:100%&#8220; global_colors_info=&#8220;{}&#8220; button_url=&#8220;https:\/\/onlinebooking.camp\/himmerlandcamping?lang=da&#8220; sticky_enabled=&#8220;0&#8243;][\/et_pb_button][\/et_pb_column][et_pb_column type=&#8220;1_3&#8243; _builder_version=&#8220;4.27.4&#8243; background_enable_color=&#8220;off&#8220; background_enable_image=&#8220;off&#8220; custom_padding=&#8220;||0px||false|false&#8220; custom_padding_last_edited=&#8220;off|phone&#8220; border_radii=&#8220;on|30px|30px|30px|30px&#8220; box_shadow_style=&#8220;preset1&#8243; global_colors_info=&#8220;{%22gcid-7360370f-bdf0-493f-b1f5-2887d5b68e17%22:%91%22background_color%22%93}&#8220; padding_last_edited=&#8220;off|phone&#8220; custom_padding__hover=&#8220;|||&#8220;][et_pb_image src=&#8220;https:\/\/himmerland-camping.dk\/wp-content\/uploads\/2025\/11\/Standard-hytte1-e1764071230760.png&#8220; title_text=&#8220;Standard-Kabine1&#8243; align_tablet=&#8220;center&#8220; align_phone=&#8220;&#8220; align_last_edited=&#8220;on|desktop&#8220; _builder_version=&#8220;4.27.4&#8243; custom_padding=&#8220;15px|15px|15px|15px|true|true&#8220; border_radii=&#8220;off|25px|25px||&#8220; border_style=&#8220;solid&#8220; global_colors_info=&#8220;{}&#8220;][\/et_pb_image][et_pb_blurb title=&#8220;Standard-Kabinen&#8220; icon_placement=&#8220;left&#8220; image_icon_width=&#8220;20px&#8220; module_class=&#8220;contact_detail_blurb&#8220; _builder_version=&#8220;4.27.4&#8243; header_font=&#8220;|on|||&#8220; header_font_size=&#8220;16&#8243; body_font_size=&#8220;15&#8243; body_line_height=&#8220;1.5em&#8220; text_orientation=&#8220;center&#8220; custom_padding=&#8220;||||false|false&#8220; custom_padding_tablet=&#8220;&#8220; custom_padding_phone=&#8220;||||false|false&#8220; custom_padding_last_edited=&#8220;on|phone&#8220; animation=&#8220;off&#8220; border_style_all=&#8220;solid&#8220; border_style=&#8220;solid&#8220; icon_font_size=&#8220;20px&#8220; global_colors_info=&#8220;{}&#8220;]<\/p>\n<p>Einfach, gem\u00fctlich, entspannend<\/p>\n<p>[\/et_pb_blurb][et_pb_button button_text=&#8220;Lesen Sie mehr dar\u00fcber&#8220; button_alignment=&#8220;center&#8220; _builder_version=&#8220;4.27.4&#8243; _module_preset=&#8220;default&#8220; custom_button=&#8220;on&#8220; button_border_radius=&#8220;0px&#8220; custom_margin=&#8220;||0px||false|false&#8220; custom_padding=&#8220;15px||15px||false|false&#8220; hover_enabled=&#8220;0&#8243; custom_css_main_element=&#8220;width:100%&#8220; global_colors_info=&#8220;{}&#8220; button_url=&#8220;https:\/\/onlinebooking.camp\/himmerlandcamping?lang=da&#8220; sticky_enabled=&#8220;0&#8243;][\/et_pb_button][\/et_pb_column][et_pb_column type=&#8220;1_3&#8243; _builder_version=&#8220;4.27.4&#8243; background_enable_color=&#8220;off&#8220; background_enable_image=&#8220;off&#8220; custom_padding=&#8220;||0px||false|false&#8220; custom_padding_last_edited=&#8220;off|phone&#8220; border_radii=&#8220;on|30px|30px|30px|30px&#8220; box_shadow_style=&#8220;preset1&#8243; global_colors_info=&#8220;{%22gcid-7360370f-bdf0-493f-b1f5-2887d5b68e17%22:%91%22background_color%22%93}&#8220; padding_last_edited=&#8220;off|phone&#8220; custom_padding__hover=&#8220;|||&#8220;][et_pb_image src=&#8220;https:\/\/himmerland-camping.dk\/wp-content\/uploads\/2025\/11\/Comfort-hytte-e1764071257822.png&#8220; title_text=&#8220;Komfort-Kabine&#8220; align_tablet=&#8220;center&#8220; align_phone=&#8220;&#8220; align_last_edited=&#8220;on|desktop&#8220; _builder_version=&#8220;4.27.4&#8243; custom_padding=&#8220;15px|15px|15px|15px|true|true&#8220; border_radii=&#8220;off|25px|25px||&#8220; border_style=&#8220;solid&#8220; global_colors_info=&#8220;{}&#8220;][\/et_pb_image][et_pb_blurb title=&#8220;Komfort-Kabinen&#8220; icon_placement=&#8220;left&#8220; image_icon_width=&#8220;20px&#8220; admin_label=&#8220;Bagsidetekst&#8220; module_class=&#8220;contact_detail_blurb&#8220; _builder_version=&#8220;4.27.4&#8243; header_font=&#8220;|on|||&#8220; header_font_size=&#8220;16&#8243; body_font_size=&#8220;15&#8243; body_line_height=&#8220;1.5em&#8220; text_orientation=&#8220;center&#8220; custom_padding=&#8220;||||false|false&#8220; custom_padding_tablet=&#8220;&#8220; custom_padding_phone=&#8220;||||false|false&#8220; custom_padding_last_edited=&#8220;on|phone&#8220; animation=&#8220;off&#8220; border_style_all=&#8220;solid&#8220; border_style=&#8220;solid&#8220; icon_font_size=&#8220;20px&#8220; global_colors_info=&#8220;{}&#8220;]<\/p>\n<p>Raum f\u00fcr Entspannung &#8211; Raum f\u00fcr Erlebnisse<\/p>\n<p>[\/et_pb_blurb][et_pb_button button_text=&#8220;Lesen Sie mehr dar\u00fcber&#8220; button_alignment=&#8220;center&#8220; _builder_version=&#8220;4.27.4&#8243; _module_preset=&#8220;default&#8220; custom_button=&#8220;on&#8220; button_border_radius=&#8220;0px&#8220; custom_margin=&#8220;||0px||false|false&#8220; custom_padding=&#8220;15px||15px||false|false&#8220; hover_enabled=&#8220;0&#8243; custom_css_main_element=&#8220;width:100%&#8220; global_colors_info=&#8220;{}&#8220; button_url=&#8220;https:\/\/onlinebooking.camp\/himmerlandcamping?lang=da&#8220; sticky_enabled=&#8220;0&#8243;][\/et_pb_button][\/et_pb_column][\/et_pb_row][et_pb_row use_custom_gutter=&#8220;on&#8220; gutter_width=&#8220;1&#8243; _builder_version=&#8220;4.27.4&#8243; _module_preset=&#8220;default&#8220; width=&#8220;100%&#8220; max_width=&#8220;100%&#8220; global_colors_info=&#8220;{}&#8220;][et_pb_column type=&#8220;4_4&#8243; _builder_version=&#8220;4.27.4&#8243; _module_preset=&#8220;default&#8220; global_colors_info=&#8220;{}&#8220;][et_pb_gallery gallery_ids=&#8220;33768,33767,33769,33766,34284,33764,33763,34368&#8243; posts_number=&#8220;8&#8243; show_title_and_caption=&#8220;off&#8220; show_pagination=&#8220;off&#8220; _builder_version=&#8220;4.27.4&#8243; _module_preset=&#8220;default&#8220; z_index=&#8220;-15&#8243; global_colors_info=&#8220;{}&#8220;][\/et_pb_gallery][\/et_pb_column][\/et_pb_row][\/et_pb_section][et_pb_section fb_built=&#8220;1&#8243; _builder_version=&#8220;4.27.4&#8243; background_enable_color=&#8220;off&#8220; z_index=&#8220;0&#8243; custom_padding=&#8220;0px|0px|0px|0px&#8220; top_divider_height=&#8220;0px&#8220; top_divider_flip=&#8220;vertical&#8220; bottom_divider_style=&#8220;wave2&#8243; bottom_divider_color=&#8220;gcid-7360370f-bdf0-493f-b1f5-2887d5b68e17&#8243; bottom_divider_height_tablet=&#8220;&#8220; bottom_divider_height_phone=&#8220;44px&#8220; bottom_divider_height_last_edited=&#8220;on|phone&#8220; global_colors_info=&#8220;{%22gcid-7360370f-bdf0-493f-b1f5-2887d5b68e17%22:%91%22bottom_divider_color%22%93}&#8220;][\/et_pb_section]<\/p>\n","protected":false},"excerpt":{"rendered":"<p>MIETEINHEITENVermietungen f\u00fcr jeden Geschmack und Bedarf Bei Himmerland Camping ist f\u00fcr jeden etwas dabei &#8211; egal, ob Sie den Charme des Campings, ein wenig zus\u00e4tzlichen Luxus oder eine einfache und [&hellip;]<\/p>\n","protected":false},"author":1,"featured_media":0,"parent":0,"menu_order":0,"comment_status":"closed","ping_status":"closed","template":"","meta":{"_et_pb_use_builder":"on","_et_pb_old_content":"","_et_gb_content_width":"","footnotes":""},"folder":[],"class_list":["post-35979","page","type-page","status-publish","hentry"],"yoast_head":"<!-- This site is optimized with the Yoast SEO plugin v27.2 - https:\/\/yoast.com\/product\/yoast-seo-wordpress\/ -->\n<title>Wenn Sie mieten - Himmerland Camping<\/title>\n<meta name=\"robots\" content=\"index, follow, max-snippet:-1, max-image-preview:large, max-video-preview:-1\" \/>\n<link rel=\"canonical\" href=\"https:\/\/himmerland-camping.dk\/de\/wenn-sie-mieten\/\" \/>\n<meta property=\"og:locale\" content=\"de_DE\" \/>\n<meta property=\"og:type\" content=\"article\" \/>\n<meta property=\"og:title\" content=\"Wenn Sie mieten - Himmerland Camping\" \/>\n<meta property=\"og:description\" content=\"MIETEINHEITENVermietungen f\u00fcr jeden Geschmack und Bedarf Bei Himmerland Camping ist f\u00fcr jeden etwas dabei - egal, ob Sie den Charme des Campings, ein wenig zus\u00e4tzlichen Luxus oder eine einfache und [&hellip;]\" \/>\n<meta property=\"og:url\" content=\"https:\/\/himmerland-camping.dk\/de\/wenn-sie-mieten\/\" \/>\n<meta property=\"og:site_name\" content=\"Himmerland Camping\" \/>\n<meta property=\"article:modified_time\" content=\"2025-12-16T20:13:01+00:00\" \/>\n<meta name=\"twitter:card\" content=\"summary_large_image\" \/>\n<meta name=\"twitter:label1\" content=\"Gesch\u00e4tzte Lesezeit\" \/>\n\t<meta name=\"twitter:data1\" content=\"9\u00a0Minuten\" \/>\n<script type=\"application\/ld+json\" class=\"yoast-schema-graph\">{\"@context\":\"https:\/\/schema.org\",\"@graph\":[{\"@type\":\"WebPage\",\"@id\":\"https:\/\/himmerland-camping.dk\/de\/wenn-sie-mieten\/\",\"url\":\"https:\/\/himmerland-camping.dk\/de\/wenn-sie-mieten\/\",\"name\":\"Wenn Sie mieten - Himmerland Camping\",\"isPartOf\":{\"@id\":\"https:\/\/himmerland-camping.dk\/de\/#website\"},\"datePublished\":\"2025-09-14T14:48:34+00:00\",\"dateModified\":\"2025-12-16T20:13:01+00:00\",\"breadcrumb\":{\"@id\":\"https:\/\/himmerland-camping.dk\/de\/wenn-sie-mieten\/#breadcrumb\"},\"inLanguage\":\"de\",\"potentialAction\":[{\"@type\":\"ReadAction\",\"target\":[\"https:\/\/himmerland-camping.dk\/de\/wenn-sie-mieten\/\"]}]},{\"@type\":\"BreadcrumbList\",\"@id\":\"https:\/\/himmerland-camping.dk\/de\/wenn-sie-mieten\/#breadcrumb\",\"itemListElement\":[{\"@type\":\"ListItem\",\"position\":1,\"name\":\"Hjem\",\"item\":\"https:\/\/himmerland-camping.dk\/de\/hauptseite\/\"},{\"@type\":\"ListItem\",\"position\":2,\"name\":\"Wenn Sie mieten\"}]},{\"@type\":\"WebSite\",\"@id\":\"https:\/\/himmerland-camping.dk\/de\/#website\",\"url\":\"https:\/\/himmerland-camping.dk\/de\/\",\"name\":\"Himmerland Camping\",\"description\":\"Din pause i naturen\",\"potentialAction\":[{\"@type\":\"SearchAction\",\"target\":{\"@type\":\"EntryPoint\",\"urlTemplate\":\"https:\/\/himmerland-camping.dk\/de\/?s={search_term_string}\"},\"query-input\":{\"@type\":\"PropertyValueSpecification\",\"valueRequired\":true,\"valueName\":\"search_term_string\"}}],\"inLanguage\":\"de\"}]}<\/script>\n<!-- \/ Yoast SEO plugin. -->","yoast_head_json":{"title":"Wenn Sie mieten - Himmerland Camping","robots":{"index":"index","follow":"follow","max-snippet":"max-snippet:-1","max-image-preview":"max-image-preview:large","max-video-preview":"max-video-preview:-1"},"canonical":"https:\/\/himmerland-camping.dk\/de\/wenn-sie-mieten\/","og_locale":"de_DE","og_type":"article","og_title":"Wenn Sie mieten - Himmerland Camping","og_description":"MIETEINHEITENVermietungen f\u00fcr jeden Geschmack und Bedarf Bei Himmerland Camping ist f\u00fcr jeden etwas dabei - egal, ob Sie den Charme des Campings, ein wenig zus\u00e4tzlichen Luxus oder eine einfache und [&hellip;]","og_url":"https:\/\/himmerland-camping.dk\/de\/wenn-sie-mieten\/","og_site_name":"Himmerland Camping","article_modified_time":"2025-12-16T20:13:01+00:00","twitter_card":"summary_large_image","twitter_misc":{"Gesch\u00e4tzte Lesezeit":"9\u00a0Minuten"},"schema":{"@context":"https:\/\/schema.org","@graph":[{"@type":"WebPage","@id":"https:\/\/himmerland-camping.dk\/de\/wenn-sie-mieten\/","url":"https:\/\/himmerland-camping.dk\/de\/wenn-sie-mieten\/","name":"Wenn Sie mieten - Himmerland Camping","isPartOf":{"@id":"https:\/\/himmerland-camping.dk\/de\/#website"},"datePublished":"2025-09-14T14:48:34+00:00","dateModified":"2025-12-16T20:13:01+00:00","breadcrumb":{"@id":"https:\/\/himmerland-camping.dk\/de\/wenn-sie-mieten\/#breadcrumb"},"inLanguage":"de","potentialAction":[{"@type":"ReadAction","target":["https:\/\/himmerland-camping.dk\/de\/wenn-sie-mieten\/"]}]},{"@type":"BreadcrumbList","@id":"https:\/\/himmerland-camping.dk\/de\/wenn-sie-mieten\/#breadcrumb","itemListElement":[{"@type":"ListItem","position":1,"name":"Hjem","item":"https:\/\/himmerland-camping.dk\/de\/hauptseite\/"},{"@type":"ListItem","position":2,"name":"Wenn Sie mieten"}]},{"@type":"WebSite","@id":"https:\/\/himmerland-camping.dk\/de\/#website","url":"https:\/\/himmerland-camping.dk\/de\/","name":"Himmerland Camping","description":"Din pause i naturen","potentialAction":[{"@type":"SearchAction","target":{"@type":"EntryPoint","urlTemplate":"https:\/\/himmerland-camping.dk\/de\/?s={search_term_string}"},"query-input":{"@type":"PropertyValueSpecification","valueRequired":true,"valueName":"search_term_string"}}],"inLanguage":"de"}]}},"_links":{"self":[{"href":"https:\/\/himmerland-camping.dk\/de\/wp-json\/wp\/v2\/pages\/35979","targetHints":{"allow":["GET"]}}],"collection":[{"href":"https:\/\/himmerland-camping.dk\/de\/wp-json\/wp\/v2\/pages"}],"about":[{"href":"https:\/\/himmerland-camping.dk\/de\/wp-json\/wp\/v2\/types\/page"}],"author":[{"embeddable":true,"href":"https:\/\/himmerland-camping.dk\/de\/wp-json\/wp\/v2\/users\/1"}],"replies":[{"embeddable":true,"href":"https:\/\/himmerland-camping.dk\/de\/wp-json\/wp\/v2\/comments?post=35979"}],"version-history":[{"count":0,"href":"https:\/\/himmerland-camping.dk\/de\/wp-json\/wp\/v2\/pages\/35979\/revisions"}],"wp:attachment":[{"href":"https:\/\/himmerland-camping.dk\/de\/wp-json\/wp\/v2\/media?parent=35979"}],"wp:term":[{"taxonomy":"folder","embeddable":true,"href":"https:\/\/himmerland-camping.dk\/de\/wp-json\/wp\/v2\/folder?post=35979"}],"curies":[{"name":"wp","href":"https:\/\/api.w.org\/{rel}","templated":true}]}}