{"id":35943,"date":"2025-09-14T15:47:48","date_gmt":"2025-09-14T14:47:48","guid":{"rendered":"https:\/\/himmerland-camping.dk\/himmerland\/"},"modified":"2025-12-16T21:13:01","modified_gmt":"2025-12-16T20:13:01","slug":"himmerland","status":"publish","type":"page","link":"https:\/\/himmerland-camping.dk\/de\/himmerland\/","title":{"rendered":"Himmerland"},"content":{"rendered":"<p>[et_pb_section fb_built=&#8220;1&#8243; custom_padding_last_edited=&#8220;on|tablet&#8220; _builder_version=&#8220;4.27.4&#8243; background_image=&#8220;https:\/\/himmerland-camping.dk\/wp-content\/uploads\/2025\/10\/IMG_9909-e1760519600315.jpg&#8220; height=&#8220;500px&#8220; height_tablet=&#8220;500px&#8220; height_phone=&#8220;500px&#8220; height_last_edited=&#8220;on|phone&#8220; custom_padding=&#8220;0px||350px||false|false&#8220; custom_padding_tablet=&#8220;||150px||false|false&#8220; custom_padding_phone=&#8220;||25px&#8220; bottom_divider_style=&#8220;waves2&#8243; bottom_divider_color=&#8220;#ffffff&#8220; bottom_divider_height=&#8220;150px&#8220; bottom_divider_height_tablet=&#8220;&#8220; bottom_divider_height_phone=&#8220;63px&#8220; bottom_divider_height_last_edited=&#8220;on|phone&#8220; box_shadow_style=&#8220;preset1&#8243; box_shadow_position=&#8220;inner&#8220; global_colors_info=&#8220;{%22gcid-primary-color%22:%91%22background_color_gradient_stops%22%93,%22gcid-secondary-color%22:%91%22background_color_gradient_stops%22%93,%22gcid-7360370f-bdf0-493f-b1f5-2887d5b68e17%22:%91%22background_color_gradient_stops%22%93,%22gcid-ffc7ad8e-ca9f-4ff9-9684-db89d03277e3%22:%91%22background_color_gradient_stops%22%93}&#8220;][et_pb_row _builder_version=&#8220;4.16&#8243; background_size=&#8220;initial&#8220; background_position=&#8220;top_left&#8220; background_repeat=&#8220;repeat&#8220; custom_padding=&#8220;50px|0px|65px|0px||&#8220; global_colors_info=&#8220;{}&#8220;][et_pb_column type=&#8220;4_4&#8243; _builder_version=&#8220;4.16&#8243; custom_padding=&#8220;|||&#8220; global_colors_info=&#8220;{}&#8220; custom_padding__hover=&#8220;|||&#8220;][et_pb_text _builder_version=&#8220;4.27.4&#8243; header_2_font=&#8220;|800|||||||&#8220; header_2_text_align=&#8220;center&#8220; header_2_text_color=&#8220;#ffffff&#8220; header_2_font_size=&#8220;60px&#8220; background_layout=&#8220;dark&#8220; custom_margin=&#8220;||20px|&#8220; animation_style=&#8220;slide&#8220; animation_direction=&#8220;bottom&#8220; header_2_font_size_tablet=&#8220;&#8220; header_2_font_size_phone=&#8220;30px&#8220; header_2_font_size_last_edited=&#8220;on|phone&#8220; header_2_text_shadow_style=&#8220;preset2&#8243; header_2_text_shadow_horizontal_length=&#8220;0em&#8220; header_2_text_shadow_vertical_length=&#8220;0.1em&#8220; header_2_text_shadow_blur_strength=&#8220;0.1em&#8220; header_2_text_shadow_color=&#8220;rgba(0,0,0,0.3)&#8220; global_colors_info=&#8220;{}&#8220;]<\/p>\n<h2>LOKALES GEBIET<\/h2>\n<p>[\/et_pb_text][\/et_pb_column][\/et_pb_row][\/et_pb_section][et_pb_section fb_built=&#8220;1&#8243; admin_label=&#8220;Sektion&#8220; _builder_version=&#8220;4.27.4&#8243; custom_padding=&#8220;100px|0px|100px|0px&#8220; hover_enabled=&#8220;0&#8243; global_colors_info=&#8220;{}&#8220; custom_padding_last_edited=&#8220;on|tablet&#8220; sticky_enabled=&#8220;0&#8243; custom_padding_tablet=&#8220;25px||||false|false&#8220; custom_padding_phone=&#8220;25px||||false|false&#8220;][et_pb_row column_structure=&#8220;1_2,1_2&#8243; make_equal=&#8220;on&#8220; _builder_version=&#8220;4.27.4&#8243; _module_preset=&#8220;default&#8220; width=&#8220;100%&#8220; max_width=&#8220;1400px&#8220; global_colors_info=&#8220;{}&#8220;][et_pb_column type=&#8220;1_2&#8243; _builder_version=&#8220;4.27.4&#8243; _module_preset=&#8220;default&#8220; global_colors_info=&#8220;{}&#8220;][et_pb_text _builder_version=&#8220;4.27.4&#8243; _module_preset=&#8220;default&#8220; custom_padding=&#8220;||0px|||true&#8220; hover_enabled=&#8220;0&#8243; global_colors_info=&#8220;{}&#8220; custom_padding_last_edited=&#8220;on|tablet&#8220; sticky_enabled=&#8220;0&#8243; custom_padding_tablet=&#8220;|15px||15px|false|true&#8220; custom_padding_phone=&#8220;|15px||15px|false|true&#8220;]<\/p>\n<h2 data-start=\"198\" data-end=\"237\">Himmerland h\u00e4lt die Stimmung hoch! ???? <\/h2>\n<p data-start=\"239\" data-end=\"343\"><strong>Erleben Sie Natur, Kultur und Gemeinschaft im Herzen von Vesthimmerland &#8211; und den legend\u00e4ren B\u00f8lle Bob!<\/strong><\/p>\n<p data-start=\"345\" data-end=\"563\">Mitten im malerischen Himmerland finden Sie eine Gegend voller Leben, lokaler Geschichte und herzlichem L\u00e4cheln. Hier, zwischen <strong data-start=\"451\" data-end=\"476\">Aars, Fars\u00f8 und Hornum<\/strong>, trifft das Beste aus Nordj\u00fctlands Natur auf einen starken Dorfgeist und ein Augenzwinkern. <\/p>\n<hr data-start=\"565\" data-end=\"568\">\n<p data-start=\"570\" data-end=\"602\"><strong>Eine Gegend mit Seele.<\/strong><\/p>\n<p data-start=\"604\" data-end=\"983\"><span>Hornum ist eine kleine Stadt mit \u00fcberraschend viel Charme &#8211; und ein gro\u00dfartiger Ort, den Sie besuchen sollten, wenn Sie auf dem Campingplatz gleich nebenan wohnen. Hier finden Sie Ruhe, Beschaulichkeit und eine starke lokale Gemeinschaft, in der Sie sich schnell willkommen f\u00fchlen werden. Das Stadtzentrum bietet angenehme Spazierg\u00e4nge, kleine Aktivit\u00e4ten und tolle M\u00f6glichkeiten, die lokale Gemeinschaft kennenzulernen. F\u00fcr Kulturinteressierte ist Hornum ebenfalls etwas ganz Besonderes: Hier wurde die Geschichte von B\u00f8lle-Bob erfunden und die Stadt tr\u00e4gt ihre Rolle in der d\u00e4nischen Kinderkultur noch immer mit Stolz.     <\/span><\/p>\n<p data-start=\"604\" data-end=\"983\"><span>Umgeben von wundersch\u00f6ner Natur, offenen Feldern und leichtem Zugang zu Wanderwegen (h\u00e6rvejen) und kleinen Naturerlebnissen ist Hornum der perfekte Ort f\u00fcr einen entspannten Nachmittag, eine Radtour oder einen Kurztrip, um die Atmosph\u00e4re eines authentischen westhimmerl\u00e4ndischen Dorfes zu genie\u00dfen.<\/span><\/p>\n<p data-start=\"604\" data-end=\"983\"><span>  Kurz und gut: In Hornum treffen gem\u00fctliche Dorfatmosph\u00e4re, kulturelles Erbe und Naturerlebnisse aufeinander &#8211; und das alles nur ein paar Schritte vom Campingplatz entfernt.<\/span><\/p>\n<hr data-start=\"1244\" data-end=\"1247\">\n<p data-start=\"1249\" data-end=\"1270\"><strong>Natur und Gegenwart<\/strong><\/p>\n<p data-start=\"1272\" data-end=\"1347\">Himmerland bietet eine Natur, die Sie zu Ruhe, Abenteuer und frischer Luft einl\u00e4dt.<\/p>\n<ul data-start=\"1348\" data-end=\"1637\">\n<li data-start=\"1348\" data-end=\"1427\">\n<p data-start=\"1350\" data-end=\"1427\">Der <strong data-start=\"1350\" data-end=\"1363\">Aars-Wald<\/strong> und die <strong data-start=\"1367\" data-end=\"1388\">Uhreh\u00f8je-Plantage<\/strong> bieten gute Wander- und Fahrradrouten.<\/p>\n<\/li>\n<li data-start=\"1428\" data-end=\"1515\">\n<p data-start=\"1430\" data-end=\"1515\"><strong data-start=\"1430\" data-end=\"1444\">Der Vilsted See<\/strong>, der gr\u00f6\u00dfte See Nordj\u00fctlands, ist ideal f\u00fcr Vogelbeobachtungen, Kanufahrten und Picknicks.<\/p>\n<\/li>\n<li data-start=\"1516\" data-end=\"1637\">\n<p data-start=\"1518\" data-end=\"1637\"><strong data-start=\"1518\" data-end=\"1532\">Der Limfjord<\/strong> ist nur eine kurze Autofahrt entfernt &#8211; perfekt f\u00fcr ein Bad, einen Angelausflug oder ein Eis in der Hand an einem sonnigen Tag.<\/p>\n<\/li>\n<\/ul>\n<hr data-start=\"1639\" data-end=\"1642\">\n<p data-start=\"1644\" data-end=\"1688\"><strong>Kultur und Erlebnisse f\u00fcr die ganze Familie<\/strong><\/p>\n<ul data-start=\"1690\" data-end=\"2049\">\n<li data-start=\"1690\" data-end=\"1783\">\n<p data-start=\"1692\" data-end=\"1783\">Das <strong data-start=\"1692\" data-end=\"1707\">Aars-Museum<\/strong> und die ber\u00fchmten <strong data-start=\"1725\" data-end=\"1751\">Per Kirkeby-Skulpturen<\/strong> der Stadt verleihen der Kultur einen Hauch von Farbe.<\/p>\n<\/li>\n<li data-start=\"1784\" data-end=\"1909\">\n<p data-start=\"1786\" data-end=\"1909\">In <strong data-start=\"1788\" data-end=\"1797\">Fars\u00f8<\/strong> k\u00f6nnen Sie das <strong data-start=\"1812\" data-end=\"1841\">Johannes V. Jensen Museum<\/strong> und tauchen Sie ein in das literarische Erbe des gro\u00dfen Schriftstellers von Himmerland.<\/p>\n<\/li>\n<li data-start=\"1910\" data-end=\"2049\">\n<p data-start=\"1912\" data-end=\"2049\">Und in <strong data-start=\"1917\" data-end=\"1927\">Hornum<\/strong> ist die Filmgeschichte noch immer lebendig, wenn Kinder auf Stadtfesten und Schulveranstaltungen &#8222;Hallo, mein Name ist B\u00f8lle Bob&#8220; singen.<\/p>\n<\/li>\n<\/ul>\n<hr data-start=\"2051\" data-end=\"2054\">\n<p data-start=\"2056\" data-end=\"2085\"><strong>Lokalstolz und Gem\u00fctlichkeit<\/strong><\/p>\n<p data-start=\"2087\" data-end=\"2274\">Hier in Himmerland gr\u00fc\u00dft man sich noch auf der Stra\u00dfe. Hier ist Platz f\u00fcr Lachen, Tradition und Gemeinschaft &#8211; von Stadtfesten und Flohm\u00e4rkten bis hin zu spontanen Grillfesten und Musik auf dem Marktplatz. <\/p>\n<p data-start=\"2276\" data-end=\"2438\">Die St\u00e4dte um Aars, Fars\u00f8 und Hornum entwickeln sich rasant, aber sie haben sich den besonderen Himmerland-Charme bewahrt: eine Mischung aus Sturheit, Herzlichkeit und guter Laune.<\/p>\n<hr data-start=\"2440\" data-end=\"2443\">\n<p data-start=\"2445\" data-end=\"2493\"><strong>Das Beste von Nordj\u00fctland &#8211; in der Mitte des Landes<\/strong><\/p>\n<p data-start=\"2495\" data-end=\"2693\">Ob Sie sich f\u00fcr Radfahren, Kultur, Natur oder einfach nur eine gute Geschichte interessieren, hier finden Sie alles.<br data-start=\"2591\" data-end=\"2594\">Nehmen Sie die Familie mit nach Himmerland &#8211; die Gegend, in der sich <strong data-start=\"2644\" data-end=\"2684\">Lebensfreude, lokale Geschichte und Verspieltheit<\/strong> treffen.<\/p>\n<p data-start=\"2695\" data-end=\"2846\">Wir freuen uns darauf, Sie in <strong data-start=\"2736\" data-end=\"2841\">Hornum und dem restlichen Himmerland<\/strong> begr\u00fc\u00dfen zu d\u00fcrfen <strong data-start=\"2736\" data-end=\"2841\">&#8211; wo Natur, Gemeinschaft und B\u00f8lle Bob noch lebendig sind!<\/strong>????<\/p>\n<p>[\/et_pb_text][\/et_pb_column][et_pb_column type=&#8220;1_2&#8243; _builder_version=&#8220;4.27.4&#8243; _module_preset=&#8220;default&#8220; custom_css_main_element=&#8220;margin:auto;&#8220; global_colors_info=&#8220;{}&#8220;][et_pb_gallery gallery_ids=&#8220;33763,34312,34313,34315,35902,35834&#8243; fullwidth=&#8220;on&#8220; _builder_version=&#8220;4.27.4&#8243; _module_preset=&#8220;default&#8220; global_colors_info=&#8220;{}&#8220;][\/et_pb_gallery][et_pb_gallery gallery_ids=&#8220;33763,34312,34313,34315,35901,35739&#8243; fullwidth=&#8220;on&#8220; _builder_version=&#8220;4.27.4&#8243; _module_preset=&#8220;default&#8220; global_colors_info=&#8220;{}&#8220;][\/et_pb_gallery][\/et_pb_column][\/et_pb_row][\/et_pb_section][et_pb_section fb_built=&#8220;1&#8243; _builder_version=&#8220;4.27.4&#8243; background_enable_color=&#8220;off&#8220; custom_padding=&#8220;0px|0px|0px|0px&#8220; top_divider_height=&#8220;0px&#8220; top_divider_flip=&#8220;vertical&#8220; bottom_divider_style=&#8220;wave2&#8243; bottom_divider_color=&#8220;gcid-7360370f-bdf0-493f-b1f5-2887d5b68e17&#8243; bottom_divider_height_tablet=&#8220;&#8220; bottom_divider_height_phone=&#8220;44px&#8220; bottom_divider_height_last_edited=&#8220;on|phone&#8220; global_colors_info=&#8220;{%22gcid-7360370f-bdf0-493f-b1f5-2887d5b68e17%22:%91%22bottom_divider_color%22%93}&#8220;][\/et_pb_section]<\/p>\n","protected":false},"excerpt":{"rendered":"<p>LOKALES GEBIETHimmerland h\u00e4lt die Stimmung hoch! ???? Erleben Sie Natur, Kultur und Gemeinschaft im Herzen von Vesthimmerland &#8211; und den legend\u00e4ren B\u00f8lle Bob! Mitten im malerischen Himmerland finden Sie eine [&hellip;]<\/p>\n","protected":false},"author":1,"featured_media":0,"parent":0,"menu_order":0,"comment_status":"closed","ping_status":"closed","template":"","meta":{"_et_pb_use_builder":"on","_et_pb_old_content":"","_et_gb_content_width":"","footnotes":""},"folder":[],"class_list":["post-35943","page","type-page","status-publish","hentry"],"yoast_head":"<!-- This site is optimized with the Yoast SEO plugin v27.2 - https:\/\/yoast.com\/product\/yoast-seo-wordpress\/ -->\n<title>Himmerland - Himmerland Camping<\/title>\n<meta name=\"robots\" content=\"index, follow, max-snippet:-1, max-image-preview:large, max-video-preview:-1\" \/>\n<link rel=\"canonical\" href=\"https:\/\/himmerland-camping.dk\/de\/himmerland\/\" \/>\n<meta property=\"og:locale\" content=\"de_DE\" \/>\n<meta property=\"og:type\" content=\"article\" \/>\n<meta property=\"og:title\" content=\"Himmerland - Himmerland Camping\" \/>\n<meta property=\"og:description\" content=\"LOKALES GEBIETHimmerland h\u00e4lt die Stimmung hoch! ???? Erleben Sie Natur, Kultur und Gemeinschaft im Herzen von Vesthimmerland - und den legend\u00e4ren B\u00f8lle Bob! Mitten im malerischen Himmerland finden Sie eine [&hellip;]\" \/>\n<meta property=\"og:url\" content=\"https:\/\/himmerland-camping.dk\/de\/himmerland\/\" \/>\n<meta property=\"og:site_name\" content=\"Himmerland Camping\" \/>\n<meta property=\"article:modified_time\" content=\"2025-12-16T20:13:01+00:00\" \/>\n<meta name=\"twitter:card\" content=\"summary_large_image\" \/>\n<meta name=\"twitter:label1\" content=\"Gesch\u00e4tzte Lesezeit\" \/>\n\t<meta name=\"twitter:data1\" content=\"5\u00a0Minuten\" \/>\n<script type=\"application\/ld+json\" class=\"yoast-schema-graph\">{\"@context\":\"https:\/\/schema.org\",\"@graph\":[{\"@type\":\"WebPage\",\"@id\":\"https:\/\/himmerland-camping.dk\/de\/himmerland\/\",\"url\":\"https:\/\/himmerland-camping.dk\/de\/himmerland\/\",\"name\":\"Himmerland - Himmerland Camping\",\"isPartOf\":{\"@id\":\"https:\/\/himmerland-camping.dk\/de\/#website\"},\"datePublished\":\"2025-09-14T14:47:48+00:00\",\"dateModified\":\"2025-12-16T20:13:01+00:00\",\"breadcrumb\":{\"@id\":\"https:\/\/himmerland-camping.dk\/de\/himmerland\/#breadcrumb\"},\"inLanguage\":\"de\",\"potentialAction\":[{\"@type\":\"ReadAction\",\"target\":[\"https:\/\/himmerland-camping.dk\/de\/himmerland\/\"]}]},{\"@type\":\"BreadcrumbList\",\"@id\":\"https:\/\/himmerland-camping.dk\/de\/himmerland\/#breadcrumb\",\"itemListElement\":[{\"@type\":\"ListItem\",\"position\":1,\"name\":\"Hjem\",\"item\":\"https:\/\/himmerland-camping.dk\/de\/hauptseite\/\"},{\"@type\":\"ListItem\",\"position\":2,\"name\":\"Himmerland\"}]},{\"@type\":\"WebSite\",\"@id\":\"https:\/\/himmerland-camping.dk\/de\/#website\",\"url\":\"https:\/\/himmerland-camping.dk\/de\/\",\"name\":\"Himmerland Camping\",\"description\":\"Din pause i naturen\",\"potentialAction\":[{\"@type\":\"SearchAction\",\"target\":{\"@type\":\"EntryPoint\",\"urlTemplate\":\"https:\/\/himmerland-camping.dk\/de\/?s={search_term_string}\"},\"query-input\":{\"@type\":\"PropertyValueSpecification\",\"valueRequired\":true,\"valueName\":\"search_term_string\"}}],\"inLanguage\":\"de\"}]}<\/script>\n<!-- \/ Yoast SEO plugin. -->","yoast_head_json":{"title":"Himmerland - Himmerland Camping","robots":{"index":"index","follow":"follow","max-snippet":"max-snippet:-1","max-image-preview":"max-image-preview:large","max-video-preview":"max-video-preview:-1"},"canonical":"https:\/\/himmerland-camping.dk\/de\/himmerland\/","og_locale":"de_DE","og_type":"article","og_title":"Himmerland - Himmerland Camping","og_description":"LOKALES GEBIETHimmerland h\u00e4lt die Stimmung hoch! ???? Erleben Sie Natur, Kultur und Gemeinschaft im Herzen von Vesthimmerland - und den legend\u00e4ren B\u00f8lle Bob! Mitten im malerischen Himmerland finden Sie eine [&hellip;]","og_url":"https:\/\/himmerland-camping.dk\/de\/himmerland\/","og_site_name":"Himmerland Camping","article_modified_time":"2025-12-16T20:13:01+00:00","twitter_card":"summary_large_image","twitter_misc":{"Gesch\u00e4tzte Lesezeit":"5\u00a0Minuten"},"schema":{"@context":"https:\/\/schema.org","@graph":[{"@type":"WebPage","@id":"https:\/\/himmerland-camping.dk\/de\/himmerland\/","url":"https:\/\/himmerland-camping.dk\/de\/himmerland\/","name":"Himmerland - Himmerland Camping","isPartOf":{"@id":"https:\/\/himmerland-camping.dk\/de\/#website"},"datePublished":"2025-09-14T14:47:48+00:00","dateModified":"2025-12-16T20:13:01+00:00","breadcrumb":{"@id":"https:\/\/himmerland-camping.dk\/de\/himmerland\/#breadcrumb"},"inLanguage":"de","potentialAction":[{"@type":"ReadAction","target":["https:\/\/himmerland-camping.dk\/de\/himmerland\/"]}]},{"@type":"BreadcrumbList","@id":"https:\/\/himmerland-camping.dk\/de\/himmerland\/#breadcrumb","itemListElement":[{"@type":"ListItem","position":1,"name":"Hjem","item":"https:\/\/himmerland-camping.dk\/de\/hauptseite\/"},{"@type":"ListItem","position":2,"name":"Himmerland"}]},{"@type":"WebSite","@id":"https:\/\/himmerland-camping.dk\/de\/#website","url":"https:\/\/himmerland-camping.dk\/de\/","name":"Himmerland Camping","description":"Din pause i naturen","potentialAction":[{"@type":"SearchAction","target":{"@type":"EntryPoint","urlTemplate":"https:\/\/himmerland-camping.dk\/de\/?s={search_term_string}"},"query-input":{"@type":"PropertyValueSpecification","valueRequired":true,"valueName":"search_term_string"}}],"inLanguage":"de"}]}},"_links":{"self":[{"href":"https:\/\/himmerland-camping.dk\/de\/wp-json\/wp\/v2\/pages\/35943","targetHints":{"allow":["GET"]}}],"collection":[{"href":"https:\/\/himmerland-camping.dk\/de\/wp-json\/wp\/v2\/pages"}],"about":[{"href":"https:\/\/himmerland-camping.dk\/de\/wp-json\/wp\/v2\/types\/page"}],"author":[{"embeddable":true,"href":"https:\/\/himmerland-camping.dk\/de\/wp-json\/wp\/v2\/users\/1"}],"replies":[{"embeddable":true,"href":"https:\/\/himmerland-camping.dk\/de\/wp-json\/wp\/v2\/comments?post=35943"}],"version-history":[{"count":0,"href":"https:\/\/himmerland-camping.dk\/de\/wp-json\/wp\/v2\/pages\/35943\/revisions"}],"wp:attachment":[{"href":"https:\/\/himmerland-camping.dk\/de\/wp-json\/wp\/v2\/media?parent=35943"}],"wp:term":[{"taxonomy":"folder","embeddable":true,"href":"https:\/\/himmerland-camping.dk\/de\/wp-json\/wp\/v2\/folder?post=35943"}],"curies":[{"name":"wp","href":"https:\/\/api.w.org\/{rel}","templated":true}]}}