{"id":35757,"date":"2025-09-14T15:47:47","date_gmt":"2025-09-14T14:47:47","guid":{"rendered":"https:\/\/himmerland-camping.dk\/feste-bedingungen-und-konditionen\/"},"modified":"2025-12-16T21:12:08","modified_gmt":"2025-12-16T20:12:08","slug":"feste-bedingungen-und-konditionen","status":"publish","type":"page","link":"https:\/\/himmerland-camping.dk\/de\/feste-bedingungen-und-konditionen\/","title":{"rendered":"Feste Bedingungen und Konditionen"},"content":{"rendered":"<p>[et_pb_section fb_built=&#8220;1&#8243; custom_padding_last_edited=&#8220;on|tablet&#8220; _builder_version=&#8220;4.27.4&#8243; background_image=&#8220;https:\/\/himmerland-camping.dk\/wp-content\/uploads\/2025\/10\/IMG_1518.jpeg&#8220; height=&#8220;500px&#8220; height_tablet=&#8220;500px&#8220; height_phone=&#8220;500px&#8220; height_last_edited=&#8220;on|phone&#8220; custom_padding=&#8220;0px||350px||false|false&#8220; custom_padding_tablet=&#8220;||150px||false|false&#8220; custom_padding_phone=&#8220;||25px&#8220; bottom_divider_style=&#8220;waves2&#8243; bottom_divider_color=&#8220;#ffffff&#8220; bottom_divider_height=&#8220;150px&#8220; bottom_divider_height_tablet=&#8220;&#8220; bottom_divider_height_phone=&#8220;63px&#8220; bottom_divider_height_last_edited=&#8220;on|phone&#8220; hover_enabled=&#8220;0&#8243; box_shadow_style=&#8220;preset1&#8243; box_shadow_position=&#8220;inner&#8220; global_colors_info=&#8220;{%22gcid-primary-color%22:%91%22background_color_gradient_stops%22%93,%22gcid-secondary-color%22:%91%22background_color_gradient_stops%22%93,%22gcid-7360370f-bdf0-493f-b1f5-2887d5b68e17%22:%91%22background_color_gradient_stops%22%93,%22gcid-ffc7ad8e-ca9f-4ff9-9684-db89d03277e3%22:%91%22background_color_gradient_stops%22%93}&#8220; title_text=&#8220;IMG_1518&#8243; sticky_enabled=&#8220;0&#8243;][et_pb_row _builder_version=&#8220;4.16&#8243; background_size=&#8220;initial&#8220; background_position=&#8220;top_left&#8220; background_repeat=&#8220;repeat&#8220; custom_padding=&#8220;50px|0px|65px|0px||&#8220; global_colors_info=&#8220;{}&#8220;][et_pb_column type=&#8220;4_4&#8243; _builder_version=&#8220;4.16&#8243; custom_padding=&#8220;|||&#8220; global_colors_info=&#8220;{}&#8220; custom_padding__hover=&#8220;|||&#8220;][et_pb_text _builder_version=&#8220;4.27.4&#8243; header_2_font=&#8220;|800|||||||&#8220; header_2_text_align=&#8220;center&#8220; header_2_text_color=&#8220;#ffffff&#8220; header_2_font_size=&#8220;60px&#8220; background_layout=&#8220;dark&#8220; custom_margin=&#8220;||20px|&#8220; animation_style=&#8220;slide&#8220; animation_direction=&#8220;bottom&#8220; header_2_font_size_tablet=&#8220;&#8220; header_2_font_size_phone=&#8220;30px&#8220; header_2_font_size_last_edited=&#8220;on|phone&#8220; header_2_text_shadow_style=&#8220;preset2&#8243; header_2_text_shadow_horizontal_length=&#8220;0em&#8220; header_2_text_shadow_vertical_length=&#8220;0.1em&#8220; header_2_text_shadow_blur_strength=&#8220;0.1em&#8220; header_2_text_shadow_color=&#8220;rgba(0,0,0,0.3)&#8220; global_colors_info=&#8220;{}&#8220;]<\/p>\n<h2>REGELN F\u00dcR SAISONALE G\u00c4STE<\/h2>\n<p>[\/et_pb_text][\/et_pb_column][\/et_pb_row][\/et_pb_section][et_pb_section fb_built=&#8220;1&#8243; _builder_version=&#8220;4.16&#8243; custom_padding=&#8220;100px|0px|100px|0px&#8220; global_colors_info=&#8220;{}&#8220;][et_pb_row _builder_version=&#8220;4.27.4&#8243; _module_preset=&#8220;default&#8220; global_colors_info=&#8220;{}&#8220;][et_pb_column type=&#8220;4_4&#8243; _builder_version=&#8220;4.27.4&#8243; _module_preset=&#8220;default&#8220; global_colors_info=&#8220;{}&#8220;][et_pb_text _builder_version=&#8220;4.27.4&#8243; _module_preset=&#8220;default&#8220; global_colors_info=&#8220;{}&#8220;]<\/p>\n<h3>MIETBEDINGUNGEN F\u00dcR SAISONSTELLPL\u00c4TZE<\/h3>\n<p><span><br \/>Willkommen auf Himmerland Camping, wir hoffen, dass Sie mit Ihrem Aufenthalt zufrieden sein werden. Dieses Schreiben wurde verfasst, um Zweifel unter unseren Campern zu vermeiden, und soll Ihnen helfen, das Beste aus Ihrem Aufenthalt zu machen.<\/p>\n<p><strong><u>ZAHLUNGSBEDINGUNGEN:<\/u><\/strong><\/span><br \/>Damit Ihre Buchung eines Saisonplatzes verbindlich ist, muss bei der Buchung des Platzes eine Vorauszahlung geleistet werden. Wenn die volle Miete nicht bis zum Beginn der Saison gezahlt wird, wird die Buchung storniert (gilt nicht f\u00fcr diejenigen, die eine Ratenzahlungsvereinbarung f\u00fcr Ganzjahrespl\u00e4tze haben).<br \/>Wenn Sie einen Stellplatz haben und denselben Stellplatz in der n\u00e4chsten Saison haben m\u00f6chten, muss bis zum 1. September eine Anzahlung geleistet werden. Die Vorauszahlung betr\u00e4gt DKK 1500, der Betrag wird zu Beginn der Saison abgezogen. Bei Nichtzahlung oder versp\u00e4teter Zahlung behalten wir uns das Recht vor, den Stellplatz an eine andere Partei zu vermieten.     <\/p>\n<p><strong>Dauerkarten m\u00fcssen vor Beginn der Saison bezahlt werden.<\/strong><\/p>\n<p>Wenn der Mieter beschlie\u00dft, den Campingplatz vor der vereinbarten Zeit zu verlassen, kann er keinen Teil des Mietpreises zur\u00fcckfordern. Wenn Sie den Campingplatz vorzeitig verlassen, haben wir das Recht, \u00fcber den Stellplatz zu verf\u00fcgen (und ggf. einen anderen bereitzustellen). <\/p>\n<p><strong><em>Denken Sie daran, ein Ganzjahresplatz ist ein Ganzjahresplatz &#8211; und Sie verpflichten sich, f\u00fcr das ganze Jahr zu zahlen, auch wenn Sie sich entscheiden, zu verkaufen\/auszuziehen oder was auch immer!<\/em><\/strong><\/p>\n<p><span>Zahlungen k\u00f6nnen auf das Konto Nr. 5966 0004075492 geleistet werden. Denken Sie daran, die Zahlung mit <\/span>[BOOKING_NUMMER]<span>zu kennzeichnen <\/span>.<br \/><span> <br \/><strong><u>PL\u00c4TZE und ENTFERNUNGSREGELN<\/u><\/strong><br \/><strong>Gem\u00e4\u00df der 3-Meter-Regel der Brandschutzvorschriften m\u00fcssen Anh\u00e4ngerzelte, Lagerzelte usw. so aufgestellt werden, dass sie die Aufstellm\u00f6glichkeiten des Nachbarn nicht beeintr\u00e4chtigen.<\/strong> Wenn ein Anh\u00e4ngerzelt oder ein anderes Zelt n\u00e4her als 3 m an den Anh\u00e4nger\/das Zelt des Nachbarn gestellt wird, muss es versetzt werden. Wenn etwas zu nahe an der Grenze steht oder wenn wir von den Beh\u00f6rden aufgefordert werden, den Feuerabstand zu korrigieren, wird das Zelt, der Anh\u00e4nger usw. auch ohne Ihre Benachrichtigung versetzt.<br \/>Pro Stellplatz ist das Aufstellen eines Wohnwagens, eines Vorzelts und eventuell eines Werkzeugzelts erlaubt. Alles, was nicht innerhalb der oben genannten Grenzen steht <strong>, muss<\/strong> bei jedem Verlassen des Stellplatzes entfernt werden. <strong>Fahnenmasten, Antennen und dergleichen sind nur am Wohnwagen erlaubt.<\/strong>   <\/p>\n<p>Wenn das Vorzelt dauerhaft genutzt wird, m\u00fcssen die Ma\u00dfe ebenfalls eingehalten werden. Denken Sie daran, dass der Abstand auch f\u00fcr Lagerzelte gilt. Feste B\u00f6den m\u00fcssen durch das Zelt abgedeckt werden. Es d\u00fcrfen keine Terrassen, Z\u00e4une oder \u00e4hnliches errichtet werden. Camper m\u00fcssen sich immer an die Regeln des Campingrates halten. F\u00fcr die Reinigung\/Pflege des Bereichs um Ihren Wohnwagen ist der Mieter verantwortlich. Halten Sie den Platz sauber und aufger\u00e4umt. Wenn der Raum unter dem Wohnwagen als Stauraum genutzt wird, m\u00fcssen Sch\u00fcrzen angebracht werden, da diese nicht sichtbar sein d\u00fcrfen. M\u00e4hen Sie das Gras und die R\u00e4nder in angemessenen Abst\u00e4nden, etwa alle 2 Wochen. Bei Nichteinhaltung dieses Punktes \u00fcbernimmt der Campingplatz diese Aufgabe selbst und erhebt eine Geb\u00fchr von DKK 100 pro Mal.<br \/>Die Verwendung von Roundup oder anderen Unkrautvernichtungsmitteln ist nicht gestattet. <strong>Jegliches Schneiden, M\u00e4hen und Graben auf dem Campingplatz ist nur nach Absprache mit dem Campingleiter erlaubt.<\/strong> <br \/>F\u00fcr die Wiederherstellung des Platzes wird eine Geb\u00fchr von mindestens DKK 1000 erhoben, wenn ohne Zustimmung des Campingleiters auf dem Platz gegraben oder gestutzt wird.         <br \/><strong>Der Wohnwagen und das Vorzelt m\u00fcssen ordentlich, sauber und frei von Algen gehalten werden. Auch die Umgebung des Wohnwagens muss sauber und ordentlich gehalten werden.<\/strong><br \/>Unstimmigkeiten mit dem Camp-Manager oder Verst\u00f6\u00dfe gegen eine oder mehrere Regeln werden als Vertragsbruch gewertet und der Mieter wird dann sofort vom Platz verwiesen. Bei Vertragsbruch wird die Miete nicht zur\u00fcckerstattet. Bei Vertragsbruch kann eine Geb\u00fchr f\u00fcr die Wiederherstellung des Platzes usw. erhoben werden.   <\/p>\n<p><strong><u>DAS PARKEN VON AUTOS UND DAS BEFAHREN DES GEL\u00c4NDES:<\/u><\/strong><br \/><strong>NUR EIN AUTO PRO EINHEIT. EINHEIT<\/strong>. WENN ES KEINEN PLATZ F\u00dcR DAS AUTO IN DER EINHEIT GIBT, M\u00dcSSEN SIE AUF DEM G\u00c4STEPARKPLATZ AN DER EINFAHRT PARKEN.<br \/>Es ist nicht erlaubt, Ihr Auto in einer unbenutzten Einheit zu parken, da es f\u00fcr die Touristen, die wir auf einen vermeintlich freien Platz schicken, eine gro\u00dfe Unannehmlichkeit darstellt.<br \/>DENKEN SIE daran: Bewegung ist gesund. Sparen Sie sich die Autofahrten zu den Toiletten und zum Laden (das ist gut f\u00fcr die Umwelt) und nehmen Sie stattdessen das Fahrrad oder benutzen Sie Ihre Beine (das ist gut f\u00fcr Ihre Gesundheit)<br \/>Daher muss das Fahren auf dem Gel\u00e4nde auf das Notwendigste beschr\u00e4nkt werden und immer im Schritttempo erfolgen. <g id=\"gid_1\">MAX 10 KM\/T.<\/g><br \/>Das Fahren muss aus R\u00fccksicht auf Ihre Mitcamper zwischen <g id=\"gid_2\">7.00 &#8211; 23.00 Uhr<\/g> erfolgen. Das Tor ist zwischen <strong>23.00 und 6.30 Uhr<\/strong> geschlossen. Im Falle einer schweren akuten Erkrankung oder wenn ein Krankenwagen auf dem Campingplatz ben\u00f6tigt wird, kontaktieren Sie uns bitte unter +45 98662222, in der Hochsaison gibt es eine &#8222;Wache&#8220; auf dem Campingplatz.   <\/p>\n<p><strong><u>G\u00c4STE:<\/u><\/strong><br \/>G\u00e4ste auf dem Campingplatz m\u00fcssen ihre Ankunft am Informationsschalter melden, es sei denn, der Gastgeber hat eine G\u00e4stekarte. G\u00e4ste, die \u00fcber Nacht bleiben, m\u00fcssen sich IMMER bei ihrer Ankunft melden. G\u00e4ste haben Zugang zum gesamten Campingplatz, aber nicht zu den Duschen und dem Pool (au\u00dfer f\u00fcr \u00dcbernachtungsg\u00e4ste).  <br \/><strong>G\u00e4steautos werden auf dem Parkplatz kurz vor der Schranke geparkt. Wenn der Gast aus irgendeinem Grund mit dem Auto zum Parkplatz kommen muss, wird stattdessen das Auto des Dauerbewohners herausgefahren.<\/strong> Auf jedem Stellplatz ist jeweils nur ein Auto erlaubt (auch au\u00dferhalb der Sto\u00dfzeiten).<br \/>G\u00e4ste m\u00fcssen den Stellplatz bis sp\u00e4testens 22.30 Uhr verlassen. Nach diesem Zeitpunkt gilt der Gast als Camper und Sie m\u00fcssen die regul\u00e4re \u00dcbernachtungsgeb\u00fchr f\u00fcr den Gast bezahlen. Es liegt in der Verantwortung des Mieters, daf\u00fcr zu sorgen, dass seine G\u00e4ste die Regeln des Campingplatzes einhalten. <strong>  Wenn Sie \u00dcbernachtungsg\u00e4ste haben, die nicht angemeldet oder bezahlt sind, gilt dies als Diebstahl sowie als Vertragsbruch und somit als Verweis der gesamten Einheit vom Stellplatz (dies kann nat\u00fcrlich auch noch am Morgen des n\u00e4chsten Tages geschehen).  <\/strong><\/p>\n<p><strong><u>HAUSTIERE:<\/u><\/strong><br \/>Hunde sind willkommen, m\u00fcssen aber an einer kurzen Leine gef\u00fchrt werden und au\u00dferhalb des Gel\u00e4ndes ausgef\u00fchrt werden. Im<strong>Falle eines &#8222;Unfalls&#8220; muss der Kot des Hundes sofort entfernt werden.<\/strong> Aus demselben Grund empfehlen wir, dass die Hunde von Erwachsenen und nicht von kleinen Kindern ausgef\u00fchrt werden. Lassen Sie Ihren Hund nicht allein im Vorzelt\/Wohnwagen\/Hundegehege &#8211; und denken Sie daran, dass ein bellender und\/oder herrenloser Hund eine gro\u00dfe Bel\u00e4stigung f\u00fcr die benachbarten G\u00e4ste darstellt. <br \/><strong>Denken Sie daran, dass es Ihre Pflicht ist, die Hinterlassenschaften Ihres Hundes aufzusammeln.<\/strong><\/p>\n<p><strong><u>STROMZ\u00c4HLER:<\/u><\/strong><br \/><strong>Es liegt in der Verantwortung des Mieters, den Z\u00e4hler regelm\u00e4\u00dfig zu \u00fcberpr\u00fcfen.<\/strong> Wenn der Z\u00e4hler defekt ist, wird der Campingplatz den Verbrauch sch\u00e4tzen. Im Falle einer St\u00f6rung wenden Sie sich bitte sofort an die Campingplatzverwaltung, damit wir die St\u00f6rung beheben k\u00f6nnen. Wir empfehlen Ihnen, das Stromkabel am Wohnwagen jedes Mal abzutrennen, wenn Sie den Campingplatz f\u00fcr mehr als 24 Stunden verlassen, da sonst die Gefahr eines Brandes und\/oder Kurzschlusses besteht. Es liegt in der Verantwortung des Mieters, zu \u00fcberpr\u00fcfen, ob Strom vorhanden ist. Der Campingplatz kann nicht f\u00fcr fehlenden Strom verantwortlich gemacht werden.      <\/p>\n<p><strong><u>NEBEN DER SAISON:<\/u><\/strong><br \/>In der Nebensaison kann es zu eingeschr\u00e4nkten \u00d6ffnungszeiten im Informationszentrum kommen. Bitte respektieren Sie dies und passen Sie Ihre Besorgungen an die \u00d6ffnungszeiten an. In Notf\u00e4llen sind wir nat\u00fcrlich immer erreichbar und hilfsbereit, rufen Sie unser Haupttelefon an: +45 98662222. Auch der Kiosk\/Pool hat dann eingeschr\u00e4nkte \u00d6ffnungszeiten. Die \u00d6ffnungszeiten k\u00f6nnen Sie an den T\u00fcren ablesen oder am Informationsschalter erfragen. Es kann auch zu Einschr\u00e4nkungen bei den Einrichtungen kommen. Zum Beispiel k\u00f6nnen H\u00fcpfburgen geschlossen sein, einige Toilettenr\u00e4ume k\u00f6nnen geschlossen sein, usw.     <\/p>\n<p><strong><u>REINIGUNG:<\/u><\/strong><br \/>W\u00e4hrend der Schulsommerferien wird zu bestimmten Zeiten gereinigt. Bitte respektieren Sie dies und benutzen Sie das n\u00e4chste Geb\u00e4ude. W\u00e4hrend der restlichen Saison gibt es keine Reinigungszeiten, benutzen Sie daher bitte das n\u00e4chste Servicegeb\u00e4ude.  <\/p>\n<p><strong><u>DER CAMPINGPLATZ HAT ZUGANG ZU DEN STELLPL\u00c4TZEN:<\/u><\/strong><br \/>Im Falle von Baumf\u00e4llungen, Standortverbesserungen, Neubauten oder anderem hat der Campingplatz das Recht, den Stellplatz des Einzelnen zu \u00e4ndern. Sie sollten sich jedoch immer zuerst mit uns in Verbindung setzen, damit Sie die M\u00f6glichkeit haben, einen anderen Platz zu finden.<\/p>\n<p><strong><u>BEH\u00c4LTER<\/u><\/strong><br \/><strong>Die aufgestellten Container d\u00fcrfen NUR f\u00fcr allgemeine K\u00fcchenabf\u00e4lle verwendet werden.<\/strong><br \/><strong>Flaschen, Bier- und Softdrinkdosen und Gl\u00e4ser geh\u00f6ren in die daf\u00fcr vorgesehenen Beh\u00e4lter.<\/strong><br \/><strong>ANDERE ABF\u00c4LLE UND M\u00dcLL (Grill, St\u00fchle, Teppiche, B\u00f6den usw.) werden von Ihnen selbst entfernt.<\/strong><\/p>\n<p><strong><u>Spiel und Ballspiele:<\/u><\/strong><br \/>Der Campingplatz verf\u00fcgt \u00fcber einen eigenen Spielplatz. Helfen Sie Ihren Kindern\/Enkeln, die Pl\u00e4tze zu finden, an denen sie spielen und Ball spielen k\u00f6nnen.   <strong>Ballspiele sind zwischen Zelten und Wohnwagen nicht erlaubt.<\/strong>  Verwenden Sie das H\u00fcpfkissen nicht bei Regenwetter und wenn es nicht vollst\u00e4ndig aufgeblasen ist.<\/p>\n<p><strong><u>WINTER STORAGE\/Wintersaison<\/u><\/strong><br \/>Die \u00dcberwinterung ist gegen eine Geb\u00fchr m\u00f6glich. Das Winterlager muss vor Ende der Saison am Informationsschalter angemeldet und bezahlt werden. <strong>Wenn Sie den Platz vor dem Winter verlassen, m\u00fcssen alle losen Gegenst\u00e4nde entfernt werden. Gartenm\u00f6bel usw. m\u00fcssen auf dem Boden vor dem Wohnwagen aufgebaut und mit einer Plane abgedeckt werden, wenn Sie kein Lagerzelt haben.<\/strong><br \/>Wenn Sie kein Winterlager gebucht haben, muss der Stellplatz am Ende der Mietzeit ger\u00e4umt werden. Der Stellplatz muss so aussehen wie bei der Ankunft, d.h. das Gras muss gem\u00e4ht und alles entfernt werden. Wenn etwas auf dem Stellplatz zur\u00fcckbleibt, wird eine Geb\u00fchr f\u00fcr die Winterlagerung erhoben. Der Vermieter haftet nicht f\u00fcr zur\u00fcckgelassene Gegenst\u00e4nde &#8211; auch nicht f\u00fcr Wohnwagen\/Zelte. Zur\u00fcckgelassene Gegenst\u00e4nde werden auf Kosten des Mieters entfernt.<br \/>Sie k\u00f6nnen jederzeit w\u00e4hrend der Wintermonate auf den Campingplatz kommen, um das Fahrzeug zu inspizieren, aber Sie m\u00fcssen Ihr Auto\/Moped au\u00dferhalb des Campingplatzes abstellen, auch wenn das Tor ge\u00f6ffnet ist. Seien Sie immer aufmerksam, wenn wir auf dem Platz arbeiten. Der Winterlagerplatz ist von Beginn der Wintersaison bis zum Ende der Wintersaison verf\u00fcgbar. Der Wohnwagen kann in der Regel auf demselben Stellplatz abgestellt werden, den Sie gebucht haben. Es gibt bestimmte Bereiche des Platzes, die f\u00fcr die Winterlagerung zugelassen sind. Wir setzen uns mit Ihnen in Verbindung, um den Wohnwagen in den Lagerbereich zu bringen, wenn Sie dies w\u00fcnschen.         <\/p>\n<p><strong>Denken Sie daran, dass alle Geb\u00e4ude auf dem Campingplatz Nichtraucher sind.<\/strong><br \/><strong>Wir k\u00f6nnen gezwungen sein, Camper auszuschlie\u00dfen, wenn die Regeln nicht eingehalten werden.<\/strong><\/p>\n<p>Wir w\u00fcnschen Ihnen einen angenehmen Aufenthalt<\/p>\n<p>Mit freundlichen Gr\u00fc\u00dfen<br \/>Maja &amp; David<\/span><\/p>\n<p>[\/et_pb_text][\/et_pb_column][\/et_pb_row][\/et_pb_section][et_pb_section fb_built=&#8220;1&#8243; _builder_version=&#8220;4.27.4&#8243; background_enable_color=&#8220;off&#8220; custom_padding=&#8220;0px|0px|0px|0px&#8220; top_divider_height=&#8220;0px&#8220; top_divider_flip=&#8220;vertical&#8220; bottom_divider_style=&#8220;wave2&#8243; bottom_divider_color=&#8220;gcid-7360370f-bdf0-493f-b1f5-2887d5b68e17&#8243; bottom_divider_height_tablet=&#8220;&#8220; bottom_divider_height_phone=&#8220;44px&#8220; bottom_divider_height_last_edited=&#8220;on|phone&#8220; global_colors_info=&#8220;{%22gcid-7360370f-bdf0-493f-b1f5-2887d5b68e17%22:%91%22bottom_divider_color%22%93}&#8220;][\/et_pb_section]<\/p>\n","protected":false},"excerpt":{"rendered":"<p>REGELN F\u00dcR SAISONALE G\u00c4STEMIETBEDINGUNGEN F\u00dcR SAISONSTELLPL\u00c4TZE Willkommen auf Himmerland Camping, wir hoffen, dass Sie mit Ihrem Aufenthalt zufrieden sein werden. Dieses Schreiben wurde verfasst, um Zweifel unter unseren Campern zu [&hellip;]<\/p>\n","protected":false},"author":1,"featured_media":0,"parent":0,"menu_order":0,"comment_status":"closed","ping_status":"closed","template":"","meta":{"_et_pb_use_builder":"on","_et_pb_old_content":"","_et_gb_content_width":"","footnotes":""},"folder":[],"class_list":["post-35757","page","type-page","status-publish","hentry"],"yoast_head":"<!-- This site is optimized with the Yoast SEO plugin v27.2 - https:\/\/yoast.com\/product\/yoast-seo-wordpress\/ -->\n<title>Feste Bedingungen und Konditionen - Himmerland Camping<\/title>\n<meta name=\"robots\" content=\"index, follow, max-snippet:-1, max-image-preview:large, max-video-preview:-1\" \/>\n<link rel=\"canonical\" href=\"https:\/\/himmerland-camping.dk\/de\/feste-bedingungen-und-konditionen\/\" \/>\n<meta property=\"og:locale\" content=\"de_DE\" \/>\n<meta property=\"og:type\" content=\"article\" \/>\n<meta property=\"og:title\" content=\"Feste Bedingungen und Konditionen - Himmerland Camping\" \/>\n<meta property=\"og:description\" content=\"REGELN F\u00dcR SAISONALE G\u00c4STEMIETBEDINGUNGEN F\u00dcR SAISONSTELLPL\u00c4TZE Willkommen auf Himmerland Camping, wir hoffen, dass Sie mit Ihrem Aufenthalt zufrieden sein werden. Dieses Schreiben wurde verfasst, um Zweifel unter unseren Campern zu [&hellip;]\" \/>\n<meta property=\"og:url\" content=\"https:\/\/himmerland-camping.dk\/de\/feste-bedingungen-und-konditionen\/\" \/>\n<meta property=\"og:site_name\" content=\"Himmerland Camping\" \/>\n<meta property=\"article:modified_time\" content=\"2025-12-16T20:12:08+00:00\" \/>\n<meta name=\"twitter:card\" content=\"summary_large_image\" \/>\n<meta name=\"twitter:label1\" content=\"Gesch\u00e4tzte Lesezeit\" \/>\n\t<meta name=\"twitter:data1\" content=\"11\u00a0Minuten\" \/>\n<script type=\"application\/ld+json\" class=\"yoast-schema-graph\">{\"@context\":\"https:\/\/schema.org\",\"@graph\":[{\"@type\":\"WebPage\",\"@id\":\"https:\/\/himmerland-camping.dk\/de\/feste-bedingungen-und-konditionen\/\",\"url\":\"https:\/\/himmerland-camping.dk\/de\/feste-bedingungen-und-konditionen\/\",\"name\":\"Feste Bedingungen und Konditionen - Himmerland Camping\",\"isPartOf\":{\"@id\":\"https:\/\/himmerland-camping.dk\/de\/#website\"},\"datePublished\":\"2025-09-14T14:47:47+00:00\",\"dateModified\":\"2025-12-16T20:12:08+00:00\",\"breadcrumb\":{\"@id\":\"https:\/\/himmerland-camping.dk\/de\/feste-bedingungen-und-konditionen\/#breadcrumb\"},\"inLanguage\":\"de\",\"potentialAction\":[{\"@type\":\"ReadAction\",\"target\":[\"https:\/\/himmerland-camping.dk\/de\/feste-bedingungen-und-konditionen\/\"]}]},{\"@type\":\"BreadcrumbList\",\"@id\":\"https:\/\/himmerland-camping.dk\/de\/feste-bedingungen-und-konditionen\/#breadcrumb\",\"itemListElement\":[{\"@type\":\"ListItem\",\"position\":1,\"name\":\"Hjem\",\"item\":\"https:\/\/himmerland-camping.dk\/de\/hauptseite\/\"},{\"@type\":\"ListItem\",\"position\":2,\"name\":\"Feste Bedingungen und Konditionen\"}]},{\"@type\":\"WebSite\",\"@id\":\"https:\/\/himmerland-camping.dk\/de\/#website\",\"url\":\"https:\/\/himmerland-camping.dk\/de\/\",\"name\":\"Himmerland Camping\",\"description\":\"Din pause i naturen\",\"potentialAction\":[{\"@type\":\"SearchAction\",\"target\":{\"@type\":\"EntryPoint\",\"urlTemplate\":\"https:\/\/himmerland-camping.dk\/de\/?s={search_term_string}\"},\"query-input\":{\"@type\":\"PropertyValueSpecification\",\"valueRequired\":true,\"valueName\":\"search_term_string\"}}],\"inLanguage\":\"de\"}]}<\/script>\n<!-- \/ Yoast SEO plugin. -->","yoast_head_json":{"title":"Feste Bedingungen und Konditionen - Himmerland Camping","robots":{"index":"index","follow":"follow","max-snippet":"max-snippet:-1","max-image-preview":"max-image-preview:large","max-video-preview":"max-video-preview:-1"},"canonical":"https:\/\/himmerland-camping.dk\/de\/feste-bedingungen-und-konditionen\/","og_locale":"de_DE","og_type":"article","og_title":"Feste Bedingungen und Konditionen - Himmerland Camping","og_description":"REGELN F\u00dcR SAISONALE G\u00c4STEMIETBEDINGUNGEN F\u00dcR SAISONSTELLPL\u00c4TZE Willkommen auf Himmerland Camping, wir hoffen, dass Sie mit Ihrem Aufenthalt zufrieden sein werden. Dieses Schreiben wurde verfasst, um Zweifel unter unseren Campern zu [&hellip;]","og_url":"https:\/\/himmerland-camping.dk\/de\/feste-bedingungen-und-konditionen\/","og_site_name":"Himmerland Camping","article_modified_time":"2025-12-16T20:12:08+00:00","twitter_card":"summary_large_image","twitter_misc":{"Gesch\u00e4tzte Lesezeit":"11\u00a0Minuten"},"schema":{"@context":"https:\/\/schema.org","@graph":[{"@type":"WebPage","@id":"https:\/\/himmerland-camping.dk\/de\/feste-bedingungen-und-konditionen\/","url":"https:\/\/himmerland-camping.dk\/de\/feste-bedingungen-und-konditionen\/","name":"Feste Bedingungen und Konditionen - Himmerland Camping","isPartOf":{"@id":"https:\/\/himmerland-camping.dk\/de\/#website"},"datePublished":"2025-09-14T14:47:47+00:00","dateModified":"2025-12-16T20:12:08+00:00","breadcrumb":{"@id":"https:\/\/himmerland-camping.dk\/de\/feste-bedingungen-und-konditionen\/#breadcrumb"},"inLanguage":"de","potentialAction":[{"@type":"ReadAction","target":["https:\/\/himmerland-camping.dk\/de\/feste-bedingungen-und-konditionen\/"]}]},{"@type":"BreadcrumbList","@id":"https:\/\/himmerland-camping.dk\/de\/feste-bedingungen-und-konditionen\/#breadcrumb","itemListElement":[{"@type":"ListItem","position":1,"name":"Hjem","item":"https:\/\/himmerland-camping.dk\/de\/hauptseite\/"},{"@type":"ListItem","position":2,"name":"Feste Bedingungen und Konditionen"}]},{"@type":"WebSite","@id":"https:\/\/himmerland-camping.dk\/de\/#website","url":"https:\/\/himmerland-camping.dk\/de\/","name":"Himmerland Camping","description":"Din pause i naturen","potentialAction":[{"@type":"SearchAction","target":{"@type":"EntryPoint","urlTemplate":"https:\/\/himmerland-camping.dk\/de\/?s={search_term_string}"},"query-input":{"@type":"PropertyValueSpecification","valueRequired":true,"valueName":"search_term_string"}}],"inLanguage":"de"}]}},"_links":{"self":[{"href":"https:\/\/himmerland-camping.dk\/de\/wp-json\/wp\/v2\/pages\/35757","targetHints":{"allow":["GET"]}}],"collection":[{"href":"https:\/\/himmerland-camping.dk\/de\/wp-json\/wp\/v2\/pages"}],"about":[{"href":"https:\/\/himmerland-camping.dk\/de\/wp-json\/wp\/v2\/types\/page"}],"author":[{"embeddable":true,"href":"https:\/\/himmerland-camping.dk\/de\/wp-json\/wp\/v2\/users\/1"}],"replies":[{"embeddable":true,"href":"https:\/\/himmerland-camping.dk\/de\/wp-json\/wp\/v2\/comments?post=35757"}],"version-history":[{"count":0,"href":"https:\/\/himmerland-camping.dk\/de\/wp-json\/wp\/v2\/pages\/35757\/revisions"}],"wp:attachment":[{"href":"https:\/\/himmerland-camping.dk\/de\/wp-json\/wp\/v2\/media?parent=35757"}],"wp:term":[{"taxonomy":"folder","embeddable":true,"href":"https:\/\/himmerland-camping.dk\/de\/wp-json\/wp\/v2\/folder?post=35757"}],"curies":[{"name":"wp","href":"https:\/\/api.w.org\/{rel}","templated":true}]}}