{"id":35669,"date":"2025-09-28T14:53:22","date_gmt":"2025-09-28T13:53:22","guid":{"rendered":"https:\/\/himmerland-camping.dk\/wander-und-radfahrrouten\/"},"modified":"2025-12-16T21:13:14","modified_gmt":"2025-12-16T20:13:14","slug":"wander-und-radfahrrouten","status":"publish","type":"page","link":"https:\/\/himmerland-camping.dk\/de\/sehenswertes\/wander-und-radfahrrouten\/","title":{"rendered":"Wander- und Radfahrrouten"},"content":{"rendered":"<p>[et_pb_section fb_built=&#8220;1&#8243; custom_padding_last_edited=&#8220;on|tablet&#8220; _builder_version=&#8220;4.27.4&#8243; background_image=&#8220;https:\/\/himmerland-camping.dk\/wp-content\/uploads\/2025\/09\/cykel-1.jpg&#8220; height=&#8220;500px&#8220; height_tablet=&#8220;500px&#8220; height_phone=&#8220;500px&#8220; height_last_edited=&#8220;on|phone&#8220; custom_padding=&#8220;0px||350px||false|false&#8220; custom_padding_tablet=&#8220;||150px||false|false&#8220; custom_padding_phone=&#8220;||25px&#8220; bottom_divider_style=&#8220;waves2&#8243; bottom_divider_color=&#8220;#ffffff&#8220; bottom_divider_height=&#8220;150px&#8220; bottom_divider_height_tablet=&#8220;&#8220; bottom_divider_height_phone=&#8220;63px&#8220; bottom_divider_height_last_edited=&#8220;on|phone&#8220; box_shadow_style=&#8220;preset1&#8243; box_shadow_position=&#8220;inner&#8220; global_colors_info=&#8220;{%22gcid-primary-color%22:%91%22background_color_gradient_stops%22%93,%22gcid-secondary-color%22:%91%22background_color_gradient_stops%22%93,%22gcid-7360370f-bdf0-493f-b1f5-2887d5b68e17%22:%91%22background_color_gradient_stops%22%93,%22gcid-ffc7ad8e-ca9f-4ff9-9684-db89d03277e3%22:%91%22background_color_gradient_stops%22%93}&#8220;][et_pb_row _builder_version=&#8220;4.16&#8243; background_size=&#8220;initial&#8220; background_position=&#8220;top_left&#8220; background_repeat=&#8220;repeat&#8220; custom_padding=&#8220;50px|0px|65px|0px||&#8220; global_colors_info=&#8220;{}&#8220;][et_pb_column type=&#8220;4_4&#8243; _builder_version=&#8220;4.16&#8243; custom_padding=&#8220;|||&#8220; global_colors_info=&#8220;{}&#8220; custom_padding__hover=&#8220;|||&#8220;][et_pb_text _builder_version=&#8220;4.27.4&#8243; header_2_font=&#8220;|800|||||||&#8220; header_2_text_align=&#8220;center&#8220; header_2_text_color=&#8220;#ffffff&#8220; header_2_font_size=&#8220;60px&#8220; background_layout=&#8220;dark&#8220; custom_margin=&#8220;||20px|&#8220; animation_style=&#8220;slide&#8220; animation_direction=&#8220;bottom&#8220; hover_enabled=&#8220;0&#8243; header_2_font_size_tablet=&#8220;&#8220; header_2_font_size_phone=&#8220;30px&#8220; header_2_font_size_last_edited=&#8220;on|phone&#8220; header_2_text_shadow_style=&#8220;preset2&#8243; header_2_text_shadow_horizontal_length=&#8220;0em&#8220; header_2_text_shadow_vertical_length=&#8220;0.1em&#8220; header_2_text_shadow_blur_strength=&#8220;0.1em&#8220; header_2_text_shadow_color=&#8220;rgba(0,0,0,0.3)&#8220; global_colors_info=&#8220;{}&#8220; sticky_enabled=&#8220;0&#8243;]<\/p>\n<h2>Wander- und Radfahrrouten<\/h2>\n<p>[\/et_pb_text][\/et_pb_column][\/et_pb_row][\/et_pb_section][et_pb_section fb_built=&#8220;1&#8243; _builder_version=&#8220;4.16&#8243; custom_padding=&#8220;100px|0px|100px|0px&#8220; global_colors_info=&#8220;{}&#8220;][et_pb_row _builder_version=&#8220;4.27.4&#8243; _module_preset=&#8220;default&#8220; global_colors_info=&#8220;{}&#8220;][et_pb_column type=&#8220;4_4&#8243; _builder_version=&#8220;4.27.4&#8243; _module_preset=&#8220;default&#8220; global_colors_info=&#8220;{}&#8220;][et_pb_text _builder_version=&#8220;4.27.4&#8243; _module_preset=&#8220;default&#8220; custom_padding=&#8220;||0px|||&#8220; global_colors_info=&#8220;{}&#8220;]<\/p>\n<h2 data-start=\"186\" data-end=\"228\">Erleben Sie H\u00e6rvejen &#8211; Natur und Geschichte in einem<\/h2>\n<p>&nbsp;<\/p>\n<p data-start=\"230\" data-end=\"518\"><strong data-start=\"230\" data-end=\"342\">Von Himmerland Camping aus haben Sie direkten Zugang zu einigen der stimmungsvollsten Wander- und Fahrradrouten D\u00e4nemarks<\/strong> &#8211; mit H\u00e6rvejen als nat\u00fcrlichem Mittelpunkt. Hier im Herzen von Himmerland erwartet Sie eine Landschaft, die von sanften H\u00fcgeln, W\u00e4ldern, Seen und historischen Spuren aus einer vergangenen Zeit gepr\u00e4gt ist. <\/p>\n<p data-start=\"520\" data-end=\"649\">Sie wohnen inmitten der Natur, mit Ruhe und Frieden als st\u00e4ndigem Begleiter &#8211; und mit vielen M\u00f6glichkeiten, die Gegend zu Fu\u00df oder mit dem Fahrrad zu erkunden.<\/p>\n<hr data-start=\"651\" data-end=\"654\">\n<h3 data-start=\"656\" data-end=\"673\">Wanderrouten<\/h3>\n<p data-start=\"674\" data-end=\"845\">Der H\u00e6rvejen, der sich von Viborg bis zur d\u00e4nisch-deutschen Grenze erstreckt, f\u00fchrt direkt am Campingplatz vorbei und bietet sowohl k\u00fcrzere Touren als auch l\u00e4ngere Etappen mit Rucksack und Stiefeln.<\/p>\n<ul data-start=\"847\" data-end=\"1456\">\n<li data-start=\"847\" data-end=\"1078\">\n<p data-start=\"849\" data-end=\"1078\"><strong data-start=\"849\" data-end=\"877\">H\u00e6rvejen &#8211; klassische Route<\/strong><br data-start=\"877\" data-end=\"880\">Folgen Sie dem alten Pilgerweg und kommen Sie der Kulturgeschichte nahe, w\u00e4hrend Sie sich durch die ruhige, abwechslungsreiche Landschaft bewegen. Die Route ist gut ausgeschildert und sowohl f\u00fcr Anf\u00e4nger als auch f\u00fcr erfahrene Wanderer geeignet. <\/p>\n<\/li>\n<li data-start=\"1080\" data-end=\"1262\">\n<p data-start=\"1082\" data-end=\"1262\"><strong data-start=\"1082\" data-end=\"1120\">Uhreh\u00f8je Plantage und Vindbl\u00e6s Hede<\/strong><br data-start=\"1120\" data-end=\"1123\">Erleben Sie die raue Natur, seltene Pflanzen und den hohen Himmel in einigen der landschaftlich reizvollsten Gebiete Himmerlands &#8211; nur eine kurze Wanderung vom Campingplatz entfernt.<\/p>\n<\/li>\n<li data-start=\"1264\" data-end=\"1456\">\n<p data-start=\"1266\" data-end=\"1456\"><strong data-start=\"1266\" data-end=\"1291\">Ravnkilde und Madum-See<\/strong><br data-start=\"1291\" data-end=\"1294\">F\u00fcr einen Tagesausflug mit einer gro\u00dfen Vielfalt an Natur ist die Gegend um Ravnkilde und den klaren Madum-See ideal &#8211; perfekt f\u00fcr einen ruhigen Spaziergang mit der M\u00f6glichkeit, unterwegs ein Bad zu nehmen.<\/p>\n<\/li>\n<li data-start=\"1264\" data-end=\"1456\"><a href=\"https:\/\/api.www.visithimmerland.dk\/sites\/visithimmerland.eu\/files\/2025-05\/Himmerlandskort%202025%20web.pdf\">Link zur Visithimmerland-Karte!<\/a><\/li>\n<\/ul>\n<hr data-start=\"1458\" data-end=\"1461\">\n<h3 data-start=\"1463\" data-end=\"1479\">Fahrradrouten<\/h3>\n<p data-start=\"1480\" data-end=\"1583\">Himmerland ist ein gro\u00dfartiger Ort zum Radfahren, egal ob Sie lange Strecken oder ruhige, familienfreundliche Routen bevorzugen.<\/p>\n<ul data-start=\"1585\" data-end=\"2066\">\n<li data-start=\"1585\" data-end=\"1745\">\n<p data-start=\"1587\" data-end=\"1745\"><strong data-start=\"1587\" data-end=\"1626\">H\u00e6rvejsruten (Nationale Radroute 3)<\/strong><br data-start=\"1626\" data-end=\"1629\">Folgen Sie der Fahrradversion des H\u00e6rvejen durch die sch\u00f6ne Landschaft Mittelj\u00fctlands mit herrlichen Aussichten und ruhigen Landstra\u00dfen.<\/p>\n<\/li>\n<li data-start=\"1747\" data-end=\"1913\">\n<p data-start=\"1749\" data-end=\"1913\"><strong data-start=\"1749\" data-end=\"1769\">Himmerlandsstien<\/strong><br data-start=\"1769\" data-end=\"1772\">Die alte Eisenbahnlinie von Viborg nach L\u00f8gst\u00f8r ist heute ein 69 km langer, autofreier Radweg &#8211; ideal f\u00fcr Kurztrips und Ganztagesausfl\u00fcge.<\/p>\n<\/li>\n<li data-start=\"1915\" data-end=\"2066\">\n<p data-start=\"1917\" data-end=\"2066\"><strong data-start=\"1917\" data-end=\"1945\">Limfjordland im Norden<\/strong><br data-start=\"1945\" data-end=\"1948\">Machen Sie einen Tagesausflug nach L\u00f8gst\u00f8r oder Aggersund und erleben Sie den \u00dcbergang vom inneren Himmerland zur offenen Weite des Limfjordes.<\/p>\n<\/li>\n<li data-start=\"1915\" data-end=\"2066\"><a href=\"https:\/\/api.www.visithimmerland.dk\/sites\/visithimmerland.eu\/files\/2025-05\/Himmerlandskort%202025%20web.pdf\">Link zur Visithimmerland-Karte<\/a><\/li>\n<\/ul>\n<hr data-start=\"2068\" data-end=\"2071\">\n<h3 data-start=\"2073\" data-end=\"2112\">Services f\u00fcr Wanderer und Radfahrer<\/h3>\n<p data-start=\"2113\" data-end=\"2198\">Himmerland Camping ist ein nat\u00fcrlicher Zwischenstopp und Ausgangspunkt f\u00fcr aktive G\u00e4ste. Wir bieten: <\/p>\n<ul data-start=\"2200\" data-end=\"2364\">\n<li data-start=\"2200\" data-end=\"2249\">\n<p data-start=\"2202\" data-end=\"2249\">Karten und Inspiration f\u00fcr Wander- und Fahrradrouten<\/p>\n<\/li>\n<li data-start=\"2200\" data-end=\"2249\">\n<p data-start=\"2202\" data-end=\"2249\"><span style=\"font-size: 14px;\">Trocknungsm\u00f6glichkeiten und Waschoptionen<\/span><\/p>\n<\/li>\n<\/ul>\n<hr data-start=\"2366\" data-end=\"2369\">\n<p data-start=\"2371\" data-end=\"2574\">Ob Sie nun von einem ruhigen Abendspaziergang im Wald oder einer mehrt\u00e4gigen Tour auf dem H\u00e6rvejen tr\u00e4umen, Himmerland Camping bietet Ihnen einen perfekten Ausgangspunkt, um Natur, Kultur und Intimit\u00e4t in der mittelj\u00fctl\u00e4ndischen Landschaft zu erleben.<\/p>\n<p>[\/et_pb_text][et_pb_image src=&#8220;https:\/\/himmerland-camping.dk\/wp-content\/uploads\/2025\/09\/vandre.jpg&#8220; title_text=&#8220;Wanderung&#8220; show_in_lightbox=&#8220;on&#8220; align=&#8220;center&#8220; _builder_version=&#8220;4.27.4&#8243; _module_preset=&#8220;default&#8220; global_colors_info=&#8220;{}&#8220;][\/et_pb_image][\/et_pb_column][\/et_pb_row][\/et_pb_section][et_pb_section fb_built=&#8220;1&#8243; _builder_version=&#8220;4.27.4&#8243; background_enable_color=&#8220;off&#8220; custom_padding=&#8220;0px|0px|0px|0px&#8220; top_divider_height=&#8220;0px&#8220; top_divider_flip=&#8220;vertical&#8220; bottom_divider_style=&#8220;wave2&#8243; bottom_divider_color=&#8220;gcid-7360370f-bdf0-493f-b1f5-2887d5b68e17&#8243; bottom_divider_height_tablet=&#8220;&#8220; bottom_divider_height_phone=&#8220;44px&#8220; bottom_divider_height_last_edited=&#8220;on|phone&#8220; global_colors_info=&#8220;{%22gcid-7360370f-bdf0-493f-b1f5-2887d5b68e17%22:%91%22bottom_divider_color%22%93}&#8220;][\/et_pb_section]<\/p>\n","protected":false},"excerpt":{"rendered":"<p>Wander- und RadfahrroutenErleben Sie H\u00e6rvejen &#8211; Natur und Geschichte in einem &nbsp; Von Himmerland Camping aus haben Sie direkten Zugang zu einigen der stimmungsvollsten Wander- und Fahrradrouten D\u00e4nemarks &#8211; mit [&hellip;]<\/p>\n","protected":false},"author":1,"featured_media":0,"parent":36010,"menu_order":0,"comment_status":"closed","ping_status":"closed","template":"","meta":{"_et_pb_use_builder":"on","_et_pb_old_content":"","_et_gb_content_width":"","footnotes":""},"folder":[],"class_list":["post-35669","page","type-page","status-publish","hentry"],"yoast_head":"<!-- This site is optimized with the Yoast SEO plugin v27.2 - https:\/\/yoast.com\/product\/yoast-seo-wordpress\/ -->\n<title>Wander- und Radfahrrouten - Himmerland Camping<\/title>\n<meta name=\"robots\" content=\"index, follow, max-snippet:-1, max-image-preview:large, max-video-preview:-1\" \/>\n<link rel=\"canonical\" href=\"https:\/\/himmerland-camping.dk\/de\/sehenswertes\/wander-und-radfahrrouten\/\" \/>\n<meta property=\"og:locale\" content=\"de_DE\" \/>\n<meta property=\"og:type\" content=\"article\" \/>\n<meta property=\"og:title\" content=\"Wander- und Radfahrrouten - Himmerland Camping\" \/>\n<meta property=\"og:description\" content=\"Wander- und RadfahrroutenErleben Sie H\u00e6rvejen - Natur und Geschichte in einem &nbsp; Von Himmerland Camping aus haben Sie direkten Zugang zu einigen der stimmungsvollsten Wander- und Fahrradrouten D\u00e4nemarks - mit [&hellip;]\" \/>\n<meta property=\"og:url\" content=\"https:\/\/himmerland-camping.dk\/de\/sehenswertes\/wander-und-radfahrrouten\/\" \/>\n<meta property=\"og:site_name\" content=\"Himmerland Camping\" \/>\n<meta property=\"article:modified_time\" content=\"2025-12-16T20:13:14+00:00\" \/>\n<meta name=\"twitter:card\" content=\"summary_large_image\" \/>\n<meta name=\"twitter:label1\" content=\"Gesch\u00e4tzte Lesezeit\" \/>\n\t<meta name=\"twitter:data1\" content=\"4\u00a0Minuten\" \/>\n<script type=\"application\/ld+json\" class=\"yoast-schema-graph\">{\"@context\":\"https:\/\/schema.org\",\"@graph\":[{\"@type\":\"WebPage\",\"@id\":\"https:\/\/himmerland-camping.dk\/de\/sehenswertes\/wander-und-radfahrrouten\/\",\"url\":\"https:\/\/himmerland-camping.dk\/de\/sehenswertes\/wander-und-radfahrrouten\/\",\"name\":\"Wander- und Radfahrrouten - Himmerland Camping\",\"isPartOf\":{\"@id\":\"https:\/\/himmerland-camping.dk\/de\/#website\"},\"datePublished\":\"2025-09-28T13:53:22+00:00\",\"dateModified\":\"2025-12-16T20:13:14+00:00\",\"breadcrumb\":{\"@id\":\"https:\/\/himmerland-camping.dk\/de\/sehenswertes\/wander-und-radfahrrouten\/#breadcrumb\"},\"inLanguage\":\"de\",\"potentialAction\":[{\"@type\":\"ReadAction\",\"target\":[\"https:\/\/himmerland-camping.dk\/de\/sehenswertes\/wander-und-radfahrrouten\/\"]}]},{\"@type\":\"BreadcrumbList\",\"@id\":\"https:\/\/himmerland-camping.dk\/de\/sehenswertes\/wander-und-radfahrrouten\/#breadcrumb\",\"itemListElement\":[{\"@type\":\"ListItem\",\"position\":1,\"name\":\"Hjem\",\"item\":\"https:\/\/himmerland-camping.dk\/de\/hauptseite\/\"},{\"@type\":\"ListItem\",\"position\":2,\"name\":\"Sehenswertes\",\"item\":\"https:\/\/himmerland-camping.dk\/de\/sehenswertes\/\"},{\"@type\":\"ListItem\",\"position\":3,\"name\":\"Wander- und Radfahrrouten\"}]},{\"@type\":\"WebSite\",\"@id\":\"https:\/\/himmerland-camping.dk\/de\/#website\",\"url\":\"https:\/\/himmerland-camping.dk\/de\/\",\"name\":\"Himmerland Camping\",\"description\":\"Din pause i naturen\",\"potentialAction\":[{\"@type\":\"SearchAction\",\"target\":{\"@type\":\"EntryPoint\",\"urlTemplate\":\"https:\/\/himmerland-camping.dk\/de\/?s={search_term_string}\"},\"query-input\":{\"@type\":\"PropertyValueSpecification\",\"valueRequired\":true,\"valueName\":\"search_term_string\"}}],\"inLanguage\":\"de\"}]}<\/script>\n<!-- \/ Yoast SEO plugin. -->","yoast_head_json":{"title":"Wander- und Radfahrrouten - Himmerland Camping","robots":{"index":"index","follow":"follow","max-snippet":"max-snippet:-1","max-image-preview":"max-image-preview:large","max-video-preview":"max-video-preview:-1"},"canonical":"https:\/\/himmerland-camping.dk\/de\/sehenswertes\/wander-und-radfahrrouten\/","og_locale":"de_DE","og_type":"article","og_title":"Wander- und Radfahrrouten - Himmerland Camping","og_description":"Wander- und RadfahrroutenErleben Sie H\u00e6rvejen - Natur und Geschichte in einem &nbsp; Von Himmerland Camping aus haben Sie direkten Zugang zu einigen der stimmungsvollsten Wander- und Fahrradrouten D\u00e4nemarks - mit [&hellip;]","og_url":"https:\/\/himmerland-camping.dk\/de\/sehenswertes\/wander-und-radfahrrouten\/","og_site_name":"Himmerland Camping","article_modified_time":"2025-12-16T20:13:14+00:00","twitter_card":"summary_large_image","twitter_misc":{"Gesch\u00e4tzte Lesezeit":"4\u00a0Minuten"},"schema":{"@context":"https:\/\/schema.org","@graph":[{"@type":"WebPage","@id":"https:\/\/himmerland-camping.dk\/de\/sehenswertes\/wander-und-radfahrrouten\/","url":"https:\/\/himmerland-camping.dk\/de\/sehenswertes\/wander-und-radfahrrouten\/","name":"Wander- und Radfahrrouten - Himmerland Camping","isPartOf":{"@id":"https:\/\/himmerland-camping.dk\/de\/#website"},"datePublished":"2025-09-28T13:53:22+00:00","dateModified":"2025-12-16T20:13:14+00:00","breadcrumb":{"@id":"https:\/\/himmerland-camping.dk\/de\/sehenswertes\/wander-und-radfahrrouten\/#breadcrumb"},"inLanguage":"de","potentialAction":[{"@type":"ReadAction","target":["https:\/\/himmerland-camping.dk\/de\/sehenswertes\/wander-und-radfahrrouten\/"]}]},{"@type":"BreadcrumbList","@id":"https:\/\/himmerland-camping.dk\/de\/sehenswertes\/wander-und-radfahrrouten\/#breadcrumb","itemListElement":[{"@type":"ListItem","position":1,"name":"Hjem","item":"https:\/\/himmerland-camping.dk\/de\/hauptseite\/"},{"@type":"ListItem","position":2,"name":"Sehenswertes","item":"https:\/\/himmerland-camping.dk\/de\/sehenswertes\/"},{"@type":"ListItem","position":3,"name":"Wander- und Radfahrrouten"}]},{"@type":"WebSite","@id":"https:\/\/himmerland-camping.dk\/de\/#website","url":"https:\/\/himmerland-camping.dk\/de\/","name":"Himmerland Camping","description":"Din pause i naturen","potentialAction":[{"@type":"SearchAction","target":{"@type":"EntryPoint","urlTemplate":"https:\/\/himmerland-camping.dk\/de\/?s={search_term_string}"},"query-input":{"@type":"PropertyValueSpecification","valueRequired":true,"valueName":"search_term_string"}}],"inLanguage":"de"}]}},"_links":{"self":[{"href":"https:\/\/himmerland-camping.dk\/de\/wp-json\/wp\/v2\/pages\/35669","targetHints":{"allow":["GET"]}}],"collection":[{"href":"https:\/\/himmerland-camping.dk\/de\/wp-json\/wp\/v2\/pages"}],"about":[{"href":"https:\/\/himmerland-camping.dk\/de\/wp-json\/wp\/v2\/types\/page"}],"author":[{"embeddable":true,"href":"https:\/\/himmerland-camping.dk\/de\/wp-json\/wp\/v2\/users\/1"}],"replies":[{"embeddable":true,"href":"https:\/\/himmerland-camping.dk\/de\/wp-json\/wp\/v2\/comments?post=35669"}],"version-history":[{"count":0,"href":"https:\/\/himmerland-camping.dk\/de\/wp-json\/wp\/v2\/pages\/35669\/revisions"}],"up":[{"embeddable":true,"href":"https:\/\/himmerland-camping.dk\/de\/wp-json\/wp\/v2\/pages\/36010"}],"wp:attachment":[{"href":"https:\/\/himmerland-camping.dk\/de\/wp-json\/wp\/v2\/media?parent=35669"}],"wp:term":[{"taxonomy":"folder","embeddable":true,"href":"https:\/\/himmerland-camping.dk\/de\/wp-json\/wp\/v2\/folder?post=35669"}],"curies":[{"name":"wp","href":"https:\/\/api.w.org\/{rel}","templated":true}]}}