{"id":35522,"date":"2025-09-14T15:46:56","date_gmt":"2025-09-14T14:46:56","guid":{"rendered":"https:\/\/himmerland-camping.dk\/saisonale-gaeste\/"},"modified":"2025-12-16T21:12:55","modified_gmt":"2025-12-16T20:12:55","slug":"saisonale-gaeste","status":"publish","type":"page","link":"https:\/\/himmerland-camping.dk\/de\/camping-caravaning\/saisonale-gaeste\/","title":{"rendered":"SAISONALE G\u00c4STE"},"content":{"rendered":"<p>[et_pb_section fb_built=&#8220;1&#8243; custom_padding_last_edited=&#8220;on|tablet&#8220; _builder_version=&#8220;4.27.4&#8243; background_image=&#8220;https:\/\/himmerland-camping.dk\/wp-content\/uploads\/2025\/10\/IMG_0477-e1760519474885.jpg&#8220; height=&#8220;500px&#8220; height_tablet=&#8220;500px&#8220; height_phone=&#8220;500px&#8220; height_last_edited=&#8220;on|phone&#8220; custom_padding=&#8220;0px||350px||false|false&#8220; custom_padding_tablet=&#8220;||150px||false|false&#8220; custom_padding_phone=&#8220;||25px&#8220; bottom_divider_style=&#8220;waves2&#8243; bottom_divider_color=&#8220;#ffffff&#8220; bottom_divider_height=&#8220;150px&#8220; bottom_divider_height_tablet=&#8220;&#8220; bottom_divider_height_phone=&#8220;63px&#8220; bottom_divider_height_last_edited=&#8220;on|phone&#8220; box_shadow_style=&#8220;preset1&#8243; box_shadow_position=&#8220;inner&#8220; global_colors_info=&#8220;{%22gcid-primary-color%22:%91%22background_color_gradient_stops%22%93,%22gcid-secondary-color%22:%91%22background_color_gradient_stops%22%93,%22gcid-7360370f-bdf0-493f-b1f5-2887d5b68e17%22:%91%22background_color_gradient_stops%22%93,%22gcid-ffc7ad8e-ca9f-4ff9-9684-db89d03277e3%22:%91%22background_color_gradient_stops%22%93}&#8220;][et_pb_row _builder_version=&#8220;4.16&#8243; background_size=&#8220;initial&#8220; background_position=&#8220;top_left&#8220; background_repeat=&#8220;repeat&#8220; custom_padding=&#8220;50px|0px|65px|0px||&#8220; global_colors_info=&#8220;{}&#8220;][et_pb_column type=&#8220;4_4&#8243; _builder_version=&#8220;4.16&#8243; custom_padding=&#8220;|||&#8220; global_colors_info=&#8220;{}&#8220; custom_padding__hover=&#8220;|||&#8220;][et_pb_text _builder_version=&#8220;4.27.4&#8243; header_2_font=&#8220;|800|||||||&#8220; header_2_text_align=&#8220;center&#8220; header_2_text_color=&#8220;#ffffff&#8220; header_2_font_size=&#8220;60px&#8220; background_layout=&#8220;dark&#8220; custom_margin=&#8220;||20px|&#8220; animation_style=&#8220;slide&#8220; animation_direction=&#8220;bottom&#8220; header_2_font_size_tablet=&#8220;&#8220; header_2_font_size_phone=&#8220;30px&#8220; header_2_font_size_last_edited=&#8220;on|phone&#8220; header_2_text_shadow_style=&#8220;preset2&#8243; header_2_text_shadow_horizontal_length=&#8220;0em&#8220; header_2_text_shadow_vertical_length=&#8220;0.1em&#8220; header_2_text_shadow_blur_strength=&#8220;0.1em&#8220; header_2_text_shadow_color=&#8220;rgba(0,0,0,0.3)&#8220; global_colors_info=&#8220;{}&#8220;]<\/p>\n<h2>JAHRESZEITRAUM<\/h2>\n<p>[\/et_pb_text][\/et_pb_column][\/et_pb_row][\/et_pb_section][et_pb_section fb_built=&#8220;1&#8243; _builder_version=&#8220;4.27.4&#8243; z_index=&#8220;-20&#8243; custom_padding=&#8220;20px|0px|20px|0px|true|false&#8220; bottom_divider_color=&#8220;gcid-7360370f-bdf0-493f-b1f5-2887d5b68e17&#8243; global_colors_info=&#8220;{%22gcid-7360370f-bdf0-493f-b1f5-2887d5b68e17%22:%91%22bottom_divider_color%22%93}&#8220;][et_pb_row column_structure=&#8220;3_5,2_5&#8243; make_equal=&#8220;on&#8220; module_class=&#8220;custom_row_95&#8243; _builder_version=&#8220;4.27.4&#8243; width=&#8220;100%&#8220; custom_padding=&#8220;0px||0px|&#8220; animation_style=&#8220;zoom&#8220; animation_delay=&#8220;250ms&#8220; border_radii=&#8220;on|5px|5px|5px|5px&#8220; global_colors_info=&#8220;{}&#8220;][et_pb_column type=&#8220;3_5&#8243; _builder_version=&#8220;4.16&#8243; background_color=&#8220;#ffffff&#8220; custom_padding=&#8220;50px|50px|50px|50px&#8220; custom_padding_tablet=&#8220;50px|25px|50px|25px&#8220; custom_padding_phone=&#8220;&#8220; custom_padding_last_edited=&#8220;on|phone&#8220; global_colors_info=&#8220;{}&#8220; padding_tablet=&#8220;50px|25px|50px|25px&#8220; padding_last_edited=&#8220;on|phone&#8220; custom_padding__hover=&#8220;|||&#8220; padding_phone=&#8220;50px|25px|50px|25px&#8220;][et_pb_text _builder_version=&#8220;4.27.4&#8243; global_colors_info=&#8220;{}&#8220;]<\/p>\n<h3>Saisonplatz in Himmerland<\/h3>\n<p>&nbsp;<\/p>\n<p><span>Mit einem Saisonplatz auf Himmerland Camping k\u00f6nnen Sie einfach nur entspannen. Der Wohnwagen ist bei Ihrer Ankunft immer einsatzbereit, so dass Sie viel Zeit f\u00fcr einen Spaziergang zum Angelsee, einen Einkaufsbummel in der Stadt, einen Ausflug zum Limfjord oder einfach nur zum Genie\u00dfen der Saison und der sch\u00f6nen Stunden im Wohnwagen haben. <\/span><\/p>\n<p><span>Sie m\u00fcssen sich nicht darum k\u00fcmmern, den Platz zu finden oder einzurichten, wenn Sie ankommen &#8211; es ist alles f\u00fcr Sie bereit, die ganze Saison \u00fcber, und keine Sorge, G\u00e4ste sind nat\u00fcrlich willkommen.<\/span><\/p>\n<p>[\/et_pb_text][et_pb_text _builder_version=&#8220;4.27.4&#8243; global_colors_info=&#8220;{}&#8220;]<\/p>\n<h3>Saisonale Preise 2026<\/h3>\n<table border=\"1\" style=\"border-collapse: collapse; width: 100%; height: 215px;\">\n<tbody>\n<tr style=\"height: 48px;\">\n<td style=\"width: 75%; height: 48px;\">Fr\u00fchling 27.3 &#8211; 28.06.2026<\/td>\n<td style=\"width: 25%; height: 48px;\">kr. 5500,-<\/td>\n<\/tr>\n<tr style=\"height: 24px;\">\n<td style=\"width: 50%; height: 24px;\">Sommer 26 (27.03 &#8211; 18.10)<\/td>\n<td style=\"width: 50%; height: 24px;\">kr. 11.000,-<\/td>\n<\/tr>\n<tr style=\"height: 24px;\">\n<td style=\"width: 50%; height: 24px;\">Herbst (10.08.25 &#8211; 19.10.25)<\/td>\n<td style=\"width: 50%; height: 24px;\">DKK 3000,-<\/td>\n<\/tr>\n<tr style=\"height: 24px;\">\n<td style=\"width: 50%; height: 24px;\">Winter (19.10.25 &#8211; 20.03.26)<\/td>\n<td style=\"width: 50%; height: 24px;\">kr. 3500,-<\/td>\n<\/tr>\n<tr style=\"height: 24px;\">\n<td style=\"width: 50%; height: 24px;\">Winterlager<\/td>\n<td style=\"width: 50%; height: 24px;\">DKK 700,-<\/td>\n<\/tr>\n<tr style=\"height: 24px;\">\n<td style=\"width: 50%; height: 23px;\">365 Tage Camping 2026 -1 volles Kalenderjahr<\/td>\n<td style=\"width: 50%; height: 23px;\">kr. 13000,-<\/td>\n<\/tr>\n<tr style=\"height: 24px;\">\n<td style=\"width: 50%; height: 24px;\">Aufschl\u00fcsselung der Zahlungen (ganzj\u00e4hrige Saison)<\/td>\n<td style=\"width: 50%; height: 24px;\">DKK 500,-<\/td>\n<\/tr>\n<\/tbody>\n<\/table>\n<p>Leider k\u00f6nnen wir den Strompreis nicht garantieren, da er von einem sich st\u00e4ndig \u00e4ndernden kWh-Preis abh\u00e4ngig ist.<\/p>\n<p>Gegenw\u00e4rtig betr\u00e4gt sie 4 kr\/kWh<\/p>\n<p>[\/et_pb_text][et_pb_button button_url=&#8220;@ET-DC@eyJkeW5hbWljIjp0cnVlLCJjb250ZW50IjoicG9zdF9saW5rX3VybF9wYWdlIiwic2V0dGluZ3MiOnsicG9zdF9pZCI6IjMzODQxIiwiZW5hYmxlX2h0bWwiOiJvZmYifX0=@&#8220; button_text=&#8220;Siehe Mietbedingungen f\u00fcr st\u00e4ndige Einwohner&#8220; button_alignment=&#8220;center&#8220; admin_label=&#8220;Knap&#8220; _builder_version=&#8220;4.27.4&#8243; _dynamic_attributes=&#8220;button_url&#8220; _module_preset=&#8220;default&#8220; hover_enabled=&#8220;0&#8243; global_colors_info=&#8220;{}&#8220; sticky_enabled=&#8220;0&#8243;][\/et_pb_button][\/et_pb_column][et_pb_column type=&#8220;2_5&#8243; _builder_version=&#8220;4.27.4&#8243; background_color=&#8220;gcid-7360370f-bdf0-493f-b1f5-2887d5b68e17&#8243; background_enable_image=&#8220;off&#8220; custom_padding=&#8220;||25px|&#8220; custom_padding_last_edited=&#8220;off|phone&#8220; custom_css_main_element=&#8220;margin:auto;&#8220; border_radii=&#8220;on|30px|30px|30px|30px&#8220; box_shadow_style=&#8220;preset1&#8243; global_colors_info=&#8220;{%22gcid-7360370f-bdf0-493f-b1f5-2887d5b68e17%22:%91%22background_color%22%93}&#8220; padding_last_edited=&#8220;off|phone&#8220; custom_padding__hover=&#8220;|||&#8220;][et_pb_image src=&#8220;https:\/\/himmerland-camping.dk\/wp-content\/uploads\/2025\/10\/IMG_1533-e1759839316410.jpeg&#8220; title_text=&#8220;IMG_1533&#8243; align_tablet=&#8220;center&#8220; align_phone=&#8220;&#8220; align_last_edited=&#8220;on|desktop&#8220; _builder_version=&#8220;4.27.4&#8243; border_style=&#8220;solid&#8220; global_colors_info=&#8220;{}&#8220;][\/et_pb_image][et_pb_blurb icon_placement=&#8220;left&#8220; image_icon_width=&#8220;20px&#8220; module_class=&#8220;contact_detail_blurb&#8220; _builder_version=&#8220;4.27.4&#8243; header_font=&#8220;|on|||&#8220; header_font_size=&#8220;16&#8243; body_font_size=&#8220;15&#8243; body_line_height=&#8220;1.5em&#8220; background_layout=&#8220;dark&#8220; custom_padding=&#8220;|||50px&#8220; custom_padding_tablet=&#8220;&#8220; custom_padding_phone=&#8220;|||25px&#8220; custom_padding_last_edited=&#8220;on|phone&#8220; animation=&#8220;off&#8220; border_style_all=&#8220;solid&#8220; border_style=&#8220;solid&#8220; icon_font_size=&#8220;20px&#8220; global_colors_info=&#8220;{}&#8220;]<\/p>\n<ul>\n<li>Der Preis beinhaltet eine namentlich genannte Familie mit Kindern unter 18 Jahren, die zu Hause leben.<\/li>\n<li>G\u00e4stekarte inklusive. (kein Zugang zum Pool) <\/li>\n<li>Der Pool ist inklusive. (G\u00e4ste zahlen) <\/li>\n<li>Internet ist inklusive.<\/li>\n<li>Der Hund ist inbegriffen.<\/li>\n<li>Z\u00e4hleranschluss ist inklusive<\/li>\n<li>Bad inklusive.<\/li>\n<li>Enkelkinder unter 18 Jahren inkl.<\/li>\n<li>\u00dcbernachtungsg\u00e4ste m\u00fcssen immer gemeldet werden.<\/li>\n<\/ul>\n<p>[\/et_pb_blurb][et_pb_button button_text=&#8220;JETZT BUCHEN&#8220; button_alignment=&#8220;center&#8220; _builder_version=&#8220;4.27.4&#8243; _module_preset=&#8220;default&#8220; hover_enabled=&#8220;0&#8243; global_colors_info=&#8220;{}&#8220; button_url=&#8220;https:\/\/onlinebooking.camp\/himmerlandcamping?lang=da&#8220; sticky_enabled=&#8220;0&#8243;][\/et_pb_button][\/et_pb_column][\/et_pb_row][et_pb_row use_custom_gutter=&#8220;on&#8220; gutter_width=&#8220;1&#8243; disabled_on=&#8220;on|off|off&#8220; _builder_version=&#8220;4.27.4&#8243; _module_preset=&#8220;default&#8220; width=&#8220;100%&#8220; max_width=&#8220;100%&#8220; global_colors_info=&#8220;{}&#8220;][et_pb_column type=&#8220;4_4&#8243; _builder_version=&#8220;4.27.4&#8243; _module_preset=&#8220;default&#8220; global_colors_info=&#8220;{}&#8220;][et_pb_gallery gallery_ids=&#8220;33967,33968,33969,33970,33971,33972,33973,33974,35523,35353,35524,35417,35525,35409,33798,35526,35527&#8243; posts_number=&#8220;8&#8243; show_title_and_caption=&#8220;off&#8220; show_pagination=&#8220;off&#8220; _builder_version=&#8220;4.27.4&#8243; _module_preset=&#8220;default&#8220; z_index=&#8220;-15&#8243; global_colors_info=&#8220;{}&#8220;][\/et_pb_gallery][\/et_pb_column][\/et_pb_row][\/et_pb_section][et_pb_section fb_built=&#8220;1&#8243; _builder_version=&#8220;4.27.4&#8243; background_enable_color=&#8220;off&#8220; z_index=&#8220;0&#8243; custom_padding=&#8220;0px|0px|0px|0px&#8220; top_divider_height=&#8220;0px&#8220; top_divider_flip=&#8220;vertical&#8220; bottom_divider_style=&#8220;wave2&#8243; bottom_divider_color=&#8220;gcid-7360370f-bdf0-493f-b1f5-2887d5b68e17&#8243; bottom_divider_height_tablet=&#8220;&#8220; bottom_divider_height_phone=&#8220;44px&#8220; bottom_divider_height_last_edited=&#8220;on|phone&#8220; global_colors_info=&#8220;{%22gcid-7360370f-bdf0-493f-b1f5-2887d5b68e17%22:%91%22bottom_divider_color%22%93}&#8220;][\/et_pb_section]<\/p>\n","protected":false},"excerpt":{"rendered":"<p>JAHRESZEITRAUMSaisonplatz in Himmerland &nbsp; Mit einem Saisonplatz auf Himmerland Camping k\u00f6nnen Sie einfach nur entspannen. Der Wohnwagen ist bei Ihrer Ankunft immer einsatzbereit, so dass Sie viel Zeit f\u00fcr einen [&hellip;]<\/p>\n","protected":false},"author":1,"featured_media":0,"parent":35918,"menu_order":0,"comment_status":"closed","ping_status":"closed","template":"","meta":{"_et_pb_use_builder":"on","_et_pb_old_content":"","_et_gb_content_width":"","footnotes":""},"folder":[],"class_list":["post-35522","page","type-page","status-publish","hentry"],"yoast_head":"<!-- This site is optimized with the Yoast SEO plugin v27.2 - https:\/\/yoast.com\/product\/yoast-seo-wordpress\/ -->\n<title>SAISONALE G\u00c4STE - Himmerland Camping<\/title>\n<meta name=\"robots\" content=\"index, follow, max-snippet:-1, max-image-preview:large, max-video-preview:-1\" \/>\n<link rel=\"canonical\" href=\"https:\/\/himmerland-camping.dk\/de\/camping-caravaning\/saisonale-gaeste\/\" \/>\n<meta property=\"og:locale\" content=\"de_DE\" \/>\n<meta property=\"og:type\" content=\"article\" \/>\n<meta property=\"og:title\" content=\"SAISONALE G\u00c4STE - Himmerland Camping\" \/>\n<meta property=\"og:description\" content=\"JAHRESZEITRAUMSaisonplatz in Himmerland &nbsp; Mit einem Saisonplatz auf Himmerland Camping k\u00f6nnen Sie einfach nur entspannen. Der Wohnwagen ist bei Ihrer Ankunft immer einsatzbereit, so dass Sie viel Zeit f\u00fcr einen [&hellip;]\" \/>\n<meta property=\"og:url\" content=\"https:\/\/himmerland-camping.dk\/de\/camping-caravaning\/saisonale-gaeste\/\" \/>\n<meta property=\"og:site_name\" content=\"Himmerland Camping\" \/>\n<meta property=\"article:modified_time\" content=\"2025-12-16T20:12:55+00:00\" \/>\n<meta name=\"twitter:card\" content=\"summary_large_image\" \/>\n<meta name=\"twitter:label1\" content=\"Gesch\u00e4tzte Lesezeit\" \/>\n\t<meta name=\"twitter:data1\" content=\"5\u00a0Minuten\" \/>\n<script type=\"application\/ld+json\" class=\"yoast-schema-graph\">{\"@context\":\"https:\/\/schema.org\",\"@graph\":[{\"@type\":\"WebPage\",\"@id\":\"https:\/\/himmerland-camping.dk\/de\/camping-caravaning\/saisonale-gaeste\/\",\"url\":\"https:\/\/himmerland-camping.dk\/de\/camping-caravaning\/saisonale-gaeste\/\",\"name\":\"SAISONALE G\u00c4STE - Himmerland Camping\",\"isPartOf\":{\"@id\":\"https:\/\/himmerland-camping.dk\/de\/#website\"},\"datePublished\":\"2025-09-14T14:46:56+00:00\",\"dateModified\":\"2025-12-16T20:12:55+00:00\",\"breadcrumb\":{\"@id\":\"https:\/\/himmerland-camping.dk\/de\/camping-caravaning\/saisonale-gaeste\/#breadcrumb\"},\"inLanguage\":\"de\",\"potentialAction\":[{\"@type\":\"ReadAction\",\"target\":[\"https:\/\/himmerland-camping.dk\/de\/camping-caravaning\/saisonale-gaeste\/\"]}]},{\"@type\":\"BreadcrumbList\",\"@id\":\"https:\/\/himmerland-camping.dk\/de\/camping-caravaning\/saisonale-gaeste\/#breadcrumb\",\"itemListElement\":[{\"@type\":\"ListItem\",\"position\":1,\"name\":\"Hjem\",\"item\":\"https:\/\/himmerland-camping.dk\/de\/hauptseite\/\"},{\"@type\":\"ListItem\",\"position\":2,\"name\":\"Camping &amp; Caravaning\",\"item\":\"https:\/\/himmerland-camping.dk\/de\/camping-caravaning\/\"},{\"@type\":\"ListItem\",\"position\":3,\"name\":\"SAISONALE G\u00c4STE\"}]},{\"@type\":\"WebSite\",\"@id\":\"https:\/\/himmerland-camping.dk\/de\/#website\",\"url\":\"https:\/\/himmerland-camping.dk\/de\/\",\"name\":\"Himmerland Camping\",\"description\":\"Din pause i naturen\",\"potentialAction\":[{\"@type\":\"SearchAction\",\"target\":{\"@type\":\"EntryPoint\",\"urlTemplate\":\"https:\/\/himmerland-camping.dk\/de\/?s={search_term_string}\"},\"query-input\":{\"@type\":\"PropertyValueSpecification\",\"valueRequired\":true,\"valueName\":\"search_term_string\"}}],\"inLanguage\":\"de\"}]}<\/script>\n<!-- \/ Yoast SEO plugin. -->","yoast_head_json":{"title":"SAISONALE G\u00c4STE - Himmerland Camping","robots":{"index":"index","follow":"follow","max-snippet":"max-snippet:-1","max-image-preview":"max-image-preview:large","max-video-preview":"max-video-preview:-1"},"canonical":"https:\/\/himmerland-camping.dk\/de\/camping-caravaning\/saisonale-gaeste\/","og_locale":"de_DE","og_type":"article","og_title":"SAISONALE G\u00c4STE - Himmerland Camping","og_description":"JAHRESZEITRAUMSaisonplatz in Himmerland &nbsp; Mit einem Saisonplatz auf Himmerland Camping k\u00f6nnen Sie einfach nur entspannen. Der Wohnwagen ist bei Ihrer Ankunft immer einsatzbereit, so dass Sie viel Zeit f\u00fcr einen [&hellip;]","og_url":"https:\/\/himmerland-camping.dk\/de\/camping-caravaning\/saisonale-gaeste\/","og_site_name":"Himmerland Camping","article_modified_time":"2025-12-16T20:12:55+00:00","twitter_card":"summary_large_image","twitter_misc":{"Gesch\u00e4tzte Lesezeit":"5\u00a0Minuten"},"schema":{"@context":"https:\/\/schema.org","@graph":[{"@type":"WebPage","@id":"https:\/\/himmerland-camping.dk\/de\/camping-caravaning\/saisonale-gaeste\/","url":"https:\/\/himmerland-camping.dk\/de\/camping-caravaning\/saisonale-gaeste\/","name":"SAISONALE G\u00c4STE - Himmerland Camping","isPartOf":{"@id":"https:\/\/himmerland-camping.dk\/de\/#website"},"datePublished":"2025-09-14T14:46:56+00:00","dateModified":"2025-12-16T20:12:55+00:00","breadcrumb":{"@id":"https:\/\/himmerland-camping.dk\/de\/camping-caravaning\/saisonale-gaeste\/#breadcrumb"},"inLanguage":"de","potentialAction":[{"@type":"ReadAction","target":["https:\/\/himmerland-camping.dk\/de\/camping-caravaning\/saisonale-gaeste\/"]}]},{"@type":"BreadcrumbList","@id":"https:\/\/himmerland-camping.dk\/de\/camping-caravaning\/saisonale-gaeste\/#breadcrumb","itemListElement":[{"@type":"ListItem","position":1,"name":"Hjem","item":"https:\/\/himmerland-camping.dk\/de\/hauptseite\/"},{"@type":"ListItem","position":2,"name":"Camping &amp; Caravaning","item":"https:\/\/himmerland-camping.dk\/de\/camping-caravaning\/"},{"@type":"ListItem","position":3,"name":"SAISONALE G\u00c4STE"}]},{"@type":"WebSite","@id":"https:\/\/himmerland-camping.dk\/de\/#website","url":"https:\/\/himmerland-camping.dk\/de\/","name":"Himmerland Camping","description":"Din pause i naturen","potentialAction":[{"@type":"SearchAction","target":{"@type":"EntryPoint","urlTemplate":"https:\/\/himmerland-camping.dk\/de\/?s={search_term_string}"},"query-input":{"@type":"PropertyValueSpecification","valueRequired":true,"valueName":"search_term_string"}}],"inLanguage":"de"}]}},"_links":{"self":[{"href":"https:\/\/himmerland-camping.dk\/de\/wp-json\/wp\/v2\/pages\/35522","targetHints":{"allow":["GET"]}}],"collection":[{"href":"https:\/\/himmerland-camping.dk\/de\/wp-json\/wp\/v2\/pages"}],"about":[{"href":"https:\/\/himmerland-camping.dk\/de\/wp-json\/wp\/v2\/types\/page"}],"author":[{"embeddable":true,"href":"https:\/\/himmerland-camping.dk\/de\/wp-json\/wp\/v2\/users\/1"}],"replies":[{"embeddable":true,"href":"https:\/\/himmerland-camping.dk\/de\/wp-json\/wp\/v2\/comments?post=35522"}],"version-history":[{"count":0,"href":"https:\/\/himmerland-camping.dk\/de\/wp-json\/wp\/v2\/pages\/35522\/revisions"}],"up":[{"embeddable":true,"href":"https:\/\/himmerland-camping.dk\/de\/wp-json\/wp\/v2\/pages\/35918"}],"wp:attachment":[{"href":"https:\/\/himmerland-camping.dk\/de\/wp-json\/wp\/v2\/media?parent=35522"}],"wp:term":[{"taxonomy":"folder","embeddable":true,"href":"https:\/\/himmerland-camping.dk\/de\/wp-json\/wp\/v2\/folder?post=35522"}],"curies":[{"name":"wp","href":"https:\/\/api.w.org\/{rel}","templated":true}]}}