{"id":35413,"date":"2025-09-14T15:50:37","date_gmt":"2025-09-14T14:50:37","guid":{"rendered":"https:\/\/himmerland-camping.dk\/standard-kabine-2-pers\/"},"modified":"2025-12-16T21:13:02","modified_gmt":"2025-12-16T20:13:02","slug":"standard-kabine-2-pers","status":"publish","type":"page","link":"https:\/\/himmerland-camping.dk\/de\/wenn-sie-mieten\/standard-kabine-2-pers\/","title":{"rendered":"Standard Kabine (2 pers.)"},"content":{"rendered":"<p>[et_pb_section fb_built=&#8220;1&#8243; custom_padding_last_edited=&#8220;on|tablet&#8220; _builder_version=&#8220;4.27.4&#8243; background_image=&#8220;https:\/\/himmerland-camping.dk\/wp-content\/uploads\/2025\/10\/IMG_1511-e1759838305394.jpeg&#8220; height=&#8220;500px&#8220; height_tablet=&#8220;500px&#8220; height_phone=&#8220;500px&#8220; height_last_edited=&#8220;on|phone&#8220; custom_padding=&#8220;0px||350px||false|false&#8220; custom_padding_tablet=&#8220;||150px||false|false&#8220; custom_padding_phone=&#8220;||25px&#8220; bottom_divider_style=&#8220;waves2&#8243; bottom_divider_color=&#8220;#ffffff&#8220; bottom_divider_height=&#8220;150px&#8220; bottom_divider_height_tablet=&#8220;&#8220; bottom_divider_height_phone=&#8220;63px&#8220; bottom_divider_height_last_edited=&#8220;on|phone&#8220; box_shadow_style=&#8220;preset1&#8243; box_shadow_position=&#8220;inner&#8220; global_colors_info=&#8220;{%22gcid-primary-color%22:%91%22background_color_gradient_stops%22%93,%22gcid-secondary-color%22:%91%22background_color_gradient_stops%22%93,%22gcid-7360370f-bdf0-493f-b1f5-2887d5b68e17%22:%91%22background_color_gradient_stops%22%93,%22gcid-ffc7ad8e-ca9f-4ff9-9684-db89d03277e3%22:%91%22background_color_gradient_stops%22%93}&#8220;][et_pb_row _builder_version=&#8220;4.16&#8243; background_size=&#8220;initial&#8220; background_position=&#8220;top_left&#8220; background_repeat=&#8220;repeat&#8220; custom_padding=&#8220;50px|0px|65px|0px||&#8220; global_colors_info=&#8220;{}&#8220;][et_pb_column type=&#8220;4_4&#8243; _builder_version=&#8220;4.16&#8243; custom_padding=&#8220;|||&#8220; global_colors_info=&#8220;{}&#8220; custom_padding__hover=&#8220;|||&#8220;][et_pb_text _builder_version=&#8220;4.27.4&#8243; header_2_font=&#8220;|800|||||||&#8220; header_2_text_align=&#8220;center&#8220; header_2_text_color=&#8220;#ffffff&#8220; header_2_font_size=&#8220;60px&#8220; background_layout=&#8220;dark&#8220; custom_margin=&#8220;||20px|&#8220; custom_padding=&#8220;||0px|||&#8220; animation_style=&#8220;slide&#8220; animation_direction=&#8220;bottom&#8220; header_2_font_size_tablet=&#8220;&#8220; header_2_font_size_phone=&#8220;30px&#8220; header_2_font_size_last_edited=&#8220;on|phone&#8220; header_2_text_shadow_style=&#8220;preset2&#8243; header_2_text_shadow_horizontal_length=&#8220;0em&#8220; header_2_text_shadow_vertical_length=&#8220;0.1em&#8220; header_2_text_shadow_blur_strength=&#8220;0.1em&#8220; header_2_text_shadow_color=&#8220;rgba(0,0,0,0.3)&#8220; global_colors_info=&#8220;{}&#8220;]<\/p>\n<h2>STANDARDKABINEN (2 Pers.)<\/h2>\n<p>[\/et_pb_text][\/et_pb_column][\/et_pb_row][\/et_pb_section][et_pb_section fb_built=&#8220;1&#8243; _builder_version=&#8220;4.27.4&#8243; z_index=&#8220;-20&#8243; custom_padding=&#8220;20px|0px|20px|0px|true|false&#8220; bottom_divider_color=&#8220;gcid-7360370f-bdf0-493f-b1f5-2887d5b68e17&#8243; global_colors_info=&#8220;{%22gcid-7360370f-bdf0-493f-b1f5-2887d5b68e17%22:%91%22bottom_divider_color%22%93}&#8220;][et_pb_row column_structure=&#8220;3_5,2_5&#8243; make_equal=&#8220;on&#8220; custom_padding_last_edited=&#8220;on|phone&#8220; module_class=&#8220;custom_row_95&#8243; _builder_version=&#8220;4.27.4&#8243; width=&#8220;100%&#8220; custom_padding=&#8220;0px||0px|&#8220; custom_padding_tablet=&#8220;0px||0px|&#8220; custom_padding_phone=&#8220;||25px||false|false&#8220; animation_style=&#8220;zoom&#8220; animation_delay=&#8220;250ms&#8220; border_radii=&#8220;on|5px|5px|5px|5px&#8220; global_colors_info=&#8220;{}&#8220;][et_pb_column type=&#8220;3_5&#8243; _builder_version=&#8220;4.27.4&#8243; background_color=&#8220;#ffffff&#8220; custom_padding=&#8220;50px|50px|50px|50px&#8220; custom_padding_tablet=&#8220;50px|25px|50px|25px&#8220; custom_padding_phone=&#8220;&#8220; custom_padding_last_edited=&#8220;on|phone&#8220; global_colors_info=&#8220;{}&#8220; padding_tablet=&#8220;50px|25px|50px|25px&#8220; padding_last_edited=&#8220;on|phone&#8220; custom_padding__hover=&#8220;|||&#8220; padding_phone=&#8220;50px|25px|50px|25px&#8220;][et_pb_text _builder_version=&#8220;4.27.4&#8243; global_colors_info=&#8220;{}&#8220;]<\/p>\n<h3>Willkommen in unseren gem\u00fctlichen kleinen 2-Personen-H\u00fctten<\/h3>\n<p>&nbsp;<\/p>\n<p data-start=\"127\" data-end=\"191\">Echte Camping-Gem\u00fctlichkeit, aber mit ein bisschen mehr Luxus<\/p>\n<p data-start=\"193\" data-end=\"446\">Unsere Standardh\u00fctten sind perfekt f\u00fcr 2 Personen und sind einfach und gem\u00fctlich eingerichtet &#8211; ideal f\u00fcr ein paar Tage in Ruhe und Frieden. Drau\u00dfen finden Sie eine kleine Terrasse, auf der Sie Ihren Morgenkaffee genie\u00dfen, ein Buch lesen oder einfach nach einem Tag voller Abenteuer entspannen k\u00f6nnen. <\/p>\n<p data-start=\"448\" data-end=\"523\">Duschen, Toiletten und K\u00fccheneinrichtungen befinden sich im Servicegeb\u00e4ude in der N\u00e4he der H\u00fctte.<\/p>\n<p data-start=\"525\" data-end=\"633\">Standardh\u00fctten sind f\u00fcr diejenigen, die das einfache Campingleben mit einem Hauch von Nostalgie und viel Charme lieben.<\/p>\n<p data-start=\"635\" data-end=\"717\">Bei uns ist die ganze Familie willkommen &#8211; einschlie\u00dflich des Hundes &#8211; so dass niemand zu Hause bleiben muss.<\/p>\n<p>Wenn Sie Fragen haben, k\u00f6nnen Sie uns jederzeit unter der Nummer 98 66 22 22 anrufen oder uns eine E-Mail schicken.<\/p>\n<p><strong>Kaufoptionen<\/strong><\/p>\n<ul>\n<li>\n<div role=\"presentation\">Bettw\u00e4sche: Laken, Bettbezug, Kopfkissenbezug, Handtuch<\/div>\n<\/li>\n<li>\n<div role=\"presentation\">Fr\u00fchst\u00fcckstablett: 2 Br\u00f6tchen, Butter, K\u00e4se, Marmelade, Nutella, Kaffee\/Tee, Saft, Geb\u00e4ck<\/div>\n<\/li>\n<\/ul>\n<p>[\/et_pb_text][\/et_pb_column][et_pb_column type=&#8220;2_5&#8243; _builder_version=&#8220;4.27.4&#8243; background_color=&#8220;gcid-7360370f-bdf0-493f-b1f5-2887d5b68e17&#8243; background_enable_image=&#8220;off&#8220; custom_padding=&#8220;||25px|&#8220; custom_padding_last_edited=&#8220;off|phone&#8220; border_radii=&#8220;on|30px|30px|30px|30px&#8220; box_shadow_style=&#8220;preset1&#8243; global_colors_info=&#8220;{%22gcid-7360370f-bdf0-493f-b1f5-2887d5b68e17%22:%91%22background_color%22%93}&#8220; padding_last_edited=&#8220;off|phone&#8220; custom_padding__hover=&#8220;|||&#8220;][et_pb_image src=&#8220;https:\/\/himmerland-camping.dk\/wp-content\/uploads\/2025\/11\/Comfort-hytte-e1764071257822.png&#8220; title_text=&#8220;Komfort-Kabine&#8220; align_tablet=&#8220;center&#8220; align_phone=&#8220;&#8220; align_last_edited=&#8220;on|desktop&#8220; _builder_version=&#8220;4.27.4&#8243; hover_enabled=&#8220;0&#8243; border_style=&#8220;solid&#8220; global_colors_info=&#8220;{}&#8220; sticky_enabled=&#8220;0&#8243;][\/et_pb_image][et_pb_blurb icon_placement=&#8220;left&#8220; image_icon_width=&#8220;20px&#8220; admin_label=&#8220;Bagsidetekst&#8220; module_class=&#8220;contact_detail_blurb&#8220; _builder_version=&#8220;4.27.4&#8243; header_font=&#8220;|on|||&#8220; header_font_size=&#8220;16&#8243; body_font_size=&#8220;15&#8243; body_line_height=&#8220;1.5em&#8220; background_layout=&#8220;dark&#8220; custom_padding=&#8220;|||50px&#8220; custom_padding_tablet=&#8220;&#8220; custom_padding_phone=&#8220;|||25px&#8220; custom_padding_last_edited=&#8220;on|phone&#8220; animation=&#8220;off&#8220; border_style_all=&#8220;solid&#8220; border_style=&#8220;solid&#8220; icon_font_size=&#8220;20px&#8220; global_colors_info=&#8220;{}&#8220;]<\/p>\n<ul>\n<li>Zimmer f\u00fcr 2 Personen<\/li>\n<li>Kochnische mit K\u00fchlschrank<\/li>\n<li>Essbereich innen und au\u00dfen<\/li>\n<li>2 Boxspringbetten in offener Verbindung mit dem Rest<\/li>\n<li>An die H\u00fctte angeschlossene Terrasse.<\/li>\n<li>Bitte beachten Sie, dass es nur 1 Fach gibt.<\/li>\n<li>Das Toilettengeb\u00e4ude ist 50-75 Meter entfernt<\/li>\n<\/ul>\n<p>[\/et_pb_blurb][et_pb_button button_url=&#8220;https:\/\/onlinebooking.camp\/himmerlandcamping?lang=da&#8220; button_text=&#8220;JETZT EINEN URLAUB BUCHEN&#8220; button_alignment=&#8220;center&#8220; _builder_version=&#8220;4.27.4&#8243; _module_preset=&#8220;default&#8220; global_colors_info=&#8220;{}&#8220;][\/et_pb_button][\/et_pb_column][\/et_pb_row][et_pb_row use_custom_gutter=&#8220;on&#8220; gutter_width=&#8220;1&#8243; disabled_on=&#8220;on|off|off&#8220; _builder_version=&#8220;4.27.4&#8243; _module_preset=&#8220;default&#8220; width=&#8220;100%&#8220; max_width=&#8220;100%&#8220; global_colors_info=&#8220;{}&#8220;][et_pb_column type=&#8220;4_4&#8243; _builder_version=&#8220;4.27.4&#8243; _module_preset=&#8220;default&#8220; global_colors_info=&#8220;{}&#8220;][et_pb_gallery gallery_ids=&#8220;33974,34258,34501,34502,34503,34504,34505,35414,35415,35353,35416,35417,35418,35419,35409&#8243; posts_number=&#8220;8&#8243; show_title_and_caption=&#8220;off&#8220; show_pagination=&#8220;off&#8220; _builder_version=&#8220;4.27.4&#8243; _module_preset=&#8220;default&#8220; z_index=&#8220;-15&#8243; global_colors_info=&#8220;{}&#8220;][\/et_pb_gallery][\/et_pb_column][\/et_pb_row][\/et_pb_section][et_pb_section fb_built=&#8220;1&#8243; _builder_version=&#8220;4.27.4&#8243; background_enable_color=&#8220;off&#8220; z_index=&#8220;0&#8243; custom_padding=&#8220;0px|0px|0px|0px&#8220; top_divider_height=&#8220;0px&#8220; top_divider_flip=&#8220;vertical&#8220; bottom_divider_style=&#8220;wave2&#8243; bottom_divider_color=&#8220;gcid-7360370f-bdf0-493f-b1f5-2887d5b68e17&#8243; bottom_divider_height_tablet=&#8220;&#8220; bottom_divider_height_phone=&#8220;44px&#8220; bottom_divider_height_last_edited=&#8220;on|phone&#8220; global_colors_info=&#8220;{%22gcid-7360370f-bdf0-493f-b1f5-2887d5b68e17%22:%91%22bottom_divider_color%22%93}&#8220;][\/et_pb_section]<\/p>\n","protected":false},"excerpt":{"rendered":"<p>STANDARDKABINEN (2 Pers.)Willkommen in unseren gem\u00fctlichen kleinen 2-Personen-H\u00fctten &nbsp; Echte Camping-Gem\u00fctlichkeit, aber mit ein bisschen mehr Luxus Unsere Standardh\u00fctten sind perfekt f\u00fcr 2 Personen und sind einfach und gem\u00fctlich eingerichtet [&hellip;]<\/p>\n","protected":false},"author":1,"featured_media":0,"parent":35979,"menu_order":0,"comment_status":"closed","ping_status":"closed","template":"","meta":{"_et_pb_use_builder":"on","_et_pb_old_content":"","_et_gb_content_width":"","footnotes":""},"folder":[],"class_list":["post-35413","page","type-page","status-publish","hentry"],"yoast_head":"<!-- This site is optimized with the Yoast SEO plugin v27.2 - https:\/\/yoast.com\/product\/yoast-seo-wordpress\/ -->\n<title>Standard Kabine (2 pers.) - Himmerland Camping<\/title>\n<meta name=\"robots\" content=\"index, follow, max-snippet:-1, max-image-preview:large, max-video-preview:-1\" \/>\n<link rel=\"canonical\" href=\"https:\/\/himmerland-camping.dk\/de\/wenn-sie-mieten\/standard-kabine-2-pers\/\" \/>\n<meta property=\"og:locale\" content=\"de_DE\" \/>\n<meta property=\"og:type\" content=\"article\" \/>\n<meta property=\"og:title\" content=\"Standard Kabine (2 pers.) - Himmerland Camping\" \/>\n<meta property=\"og:description\" content=\"STANDARDKABINEN (2 Pers.)Willkommen in unseren gem\u00fctlichen kleinen 2-Personen-H\u00fctten &nbsp; Echte Camping-Gem\u00fctlichkeit, aber mit ein bisschen mehr Luxus Unsere Standardh\u00fctten sind perfekt f\u00fcr 2 Personen und sind einfach und gem\u00fctlich eingerichtet [&hellip;]\" \/>\n<meta property=\"og:url\" content=\"https:\/\/himmerland-camping.dk\/de\/wenn-sie-mieten\/standard-kabine-2-pers\/\" \/>\n<meta property=\"og:site_name\" content=\"Himmerland Camping\" \/>\n<meta property=\"article:modified_time\" content=\"2025-12-16T20:13:02+00:00\" \/>\n<meta name=\"twitter:card\" content=\"summary_large_image\" \/>\n<meta name=\"twitter:label1\" content=\"Gesch\u00e4tzte Lesezeit\" \/>\n\t<meta name=\"twitter:data1\" content=\"5\u00a0Minuten\" \/>\n<script type=\"application\/ld+json\" class=\"yoast-schema-graph\">{\"@context\":\"https:\/\/schema.org\",\"@graph\":[{\"@type\":\"WebPage\",\"@id\":\"https:\/\/himmerland-camping.dk\/de\/wenn-sie-mieten\/standard-kabine-2-pers\/\",\"url\":\"https:\/\/himmerland-camping.dk\/de\/wenn-sie-mieten\/standard-kabine-2-pers\/\",\"name\":\"Standard Kabine (2 pers.) - Himmerland Camping\",\"isPartOf\":{\"@id\":\"https:\/\/himmerland-camping.dk\/de\/#website\"},\"datePublished\":\"2025-09-14T14:50:37+00:00\",\"dateModified\":\"2025-12-16T20:13:02+00:00\",\"breadcrumb\":{\"@id\":\"https:\/\/himmerland-camping.dk\/de\/wenn-sie-mieten\/standard-kabine-2-pers\/#breadcrumb\"},\"inLanguage\":\"de\",\"potentialAction\":[{\"@type\":\"ReadAction\",\"target\":[\"https:\/\/himmerland-camping.dk\/de\/wenn-sie-mieten\/standard-kabine-2-pers\/\"]}]},{\"@type\":\"BreadcrumbList\",\"@id\":\"https:\/\/himmerland-camping.dk\/de\/wenn-sie-mieten\/standard-kabine-2-pers\/#breadcrumb\",\"itemListElement\":[{\"@type\":\"ListItem\",\"position\":1,\"name\":\"Hjem\",\"item\":\"https:\/\/himmerland-camping.dk\/de\/hauptseite\/\"},{\"@type\":\"ListItem\",\"position\":2,\"name\":\"Wenn Sie mieten\",\"item\":\"https:\/\/himmerland-camping.dk\/de\/wenn-sie-mieten\/\"},{\"@type\":\"ListItem\",\"position\":3,\"name\":\"Standard Kabine (2 pers.)\"}]},{\"@type\":\"WebSite\",\"@id\":\"https:\/\/himmerland-camping.dk\/de\/#website\",\"url\":\"https:\/\/himmerland-camping.dk\/de\/\",\"name\":\"Himmerland Camping\",\"description\":\"Din pause i naturen\",\"potentialAction\":[{\"@type\":\"SearchAction\",\"target\":{\"@type\":\"EntryPoint\",\"urlTemplate\":\"https:\/\/himmerland-camping.dk\/de\/?s={search_term_string}\"},\"query-input\":{\"@type\":\"PropertyValueSpecification\",\"valueRequired\":true,\"valueName\":\"search_term_string\"}}],\"inLanguage\":\"de\"}]}<\/script>\n<!-- \/ Yoast SEO plugin. -->","yoast_head_json":{"title":"Standard Kabine (2 pers.) - Himmerland Camping","robots":{"index":"index","follow":"follow","max-snippet":"max-snippet:-1","max-image-preview":"max-image-preview:large","max-video-preview":"max-video-preview:-1"},"canonical":"https:\/\/himmerland-camping.dk\/de\/wenn-sie-mieten\/standard-kabine-2-pers\/","og_locale":"de_DE","og_type":"article","og_title":"Standard Kabine (2 pers.) - Himmerland Camping","og_description":"STANDARDKABINEN (2 Pers.)Willkommen in unseren gem\u00fctlichen kleinen 2-Personen-H\u00fctten &nbsp; Echte Camping-Gem\u00fctlichkeit, aber mit ein bisschen mehr Luxus Unsere Standardh\u00fctten sind perfekt f\u00fcr 2 Personen und sind einfach und gem\u00fctlich eingerichtet [&hellip;]","og_url":"https:\/\/himmerland-camping.dk\/de\/wenn-sie-mieten\/standard-kabine-2-pers\/","og_site_name":"Himmerland Camping","article_modified_time":"2025-12-16T20:13:02+00:00","twitter_card":"summary_large_image","twitter_misc":{"Gesch\u00e4tzte Lesezeit":"5\u00a0Minuten"},"schema":{"@context":"https:\/\/schema.org","@graph":[{"@type":"WebPage","@id":"https:\/\/himmerland-camping.dk\/de\/wenn-sie-mieten\/standard-kabine-2-pers\/","url":"https:\/\/himmerland-camping.dk\/de\/wenn-sie-mieten\/standard-kabine-2-pers\/","name":"Standard Kabine (2 pers.) - Himmerland Camping","isPartOf":{"@id":"https:\/\/himmerland-camping.dk\/de\/#website"},"datePublished":"2025-09-14T14:50:37+00:00","dateModified":"2025-12-16T20:13:02+00:00","breadcrumb":{"@id":"https:\/\/himmerland-camping.dk\/de\/wenn-sie-mieten\/standard-kabine-2-pers\/#breadcrumb"},"inLanguage":"de","potentialAction":[{"@type":"ReadAction","target":["https:\/\/himmerland-camping.dk\/de\/wenn-sie-mieten\/standard-kabine-2-pers\/"]}]},{"@type":"BreadcrumbList","@id":"https:\/\/himmerland-camping.dk\/de\/wenn-sie-mieten\/standard-kabine-2-pers\/#breadcrumb","itemListElement":[{"@type":"ListItem","position":1,"name":"Hjem","item":"https:\/\/himmerland-camping.dk\/de\/hauptseite\/"},{"@type":"ListItem","position":2,"name":"Wenn Sie mieten","item":"https:\/\/himmerland-camping.dk\/de\/wenn-sie-mieten\/"},{"@type":"ListItem","position":3,"name":"Standard Kabine (2 pers.)"}]},{"@type":"WebSite","@id":"https:\/\/himmerland-camping.dk\/de\/#website","url":"https:\/\/himmerland-camping.dk\/de\/","name":"Himmerland Camping","description":"Din pause i naturen","potentialAction":[{"@type":"SearchAction","target":{"@type":"EntryPoint","urlTemplate":"https:\/\/himmerland-camping.dk\/de\/?s={search_term_string}"},"query-input":{"@type":"PropertyValueSpecification","valueRequired":true,"valueName":"search_term_string"}}],"inLanguage":"de"}]}},"_links":{"self":[{"href":"https:\/\/himmerland-camping.dk\/de\/wp-json\/wp\/v2\/pages\/35413","targetHints":{"allow":["GET"]}}],"collection":[{"href":"https:\/\/himmerland-camping.dk\/de\/wp-json\/wp\/v2\/pages"}],"about":[{"href":"https:\/\/himmerland-camping.dk\/de\/wp-json\/wp\/v2\/types\/page"}],"author":[{"embeddable":true,"href":"https:\/\/himmerland-camping.dk\/de\/wp-json\/wp\/v2\/users\/1"}],"replies":[{"embeddable":true,"href":"https:\/\/himmerland-camping.dk\/de\/wp-json\/wp\/v2\/comments?post=35413"}],"version-history":[{"count":0,"href":"https:\/\/himmerland-camping.dk\/de\/wp-json\/wp\/v2\/pages\/35413\/revisions"}],"up":[{"embeddable":true,"href":"https:\/\/himmerland-camping.dk\/de\/wp-json\/wp\/v2\/pages\/35979"}],"wp:attachment":[{"href":"https:\/\/himmerland-camping.dk\/de\/wp-json\/wp\/v2\/media?parent=35413"}],"wp:term":[{"taxonomy":"folder","embeddable":true,"href":"https:\/\/himmerland-camping.dk\/de\/wp-json\/wp\/v2\/folder?post=35413"}],"curies":[{"name":"wp","href":"https:\/\/api.w.org\/{rel}","templated":true}]}}